{"id":2709,"date":"2022-02-04T12:39:59","date_gmt":"2022-02-04T09:39:59","guid":{"rendered":"https:\/\/zeytince.org\/bagis-yap\/"},"modified":"2022-03-16T16:56:46","modified_gmt":"2022-03-16T13:56:46","slug":"bagis-yap","status":"publish","type":"page","link":"https:\/\/zeytince.org\/en\/bagis-yap\/","title":{"rendered":"Ba\u011f\u0131\u015f Yap"},"content":{"rendered":"\t\t<div data-elementor-type=\"wp-page\" data-elementor-id=\"2709\" class=\"elementor elementor-2709\">\n\t\t\t\t\t\t<section class=\"elementor-section elementor-top-section elementor-element elementor-element-cf4b69a elementor-section-boxed elementor-section-height-default elementor-section-height-default parallax_section_no qode_elementor_container_no\" data-id=\"cf4b69a\" data-element_type=\"section\" data-e-type=\"section\">\n\t\t\t\t\t\t<div class=\"elementor-container elementor-column-gap-default\">\n\t\t\t\t\t<div class=\"elementor-column elementor-col-100 elementor-top-column elementor-element elementor-element-6270c5f\" data-id=\"6270c5f\" data-element_type=\"column\" data-e-type=\"column\">\n\t\t\t<div class=\"elementor-widget-wrap elementor-element-populated\">\n\t\t\t\t\t\t<div class=\"elementor-element elementor-element-e510e66 elementor-widget elementor-widget-spacer\" data-id=\"e510e66\" data-element_type=\"widget\" data-e-type=\"widget\" data-widget_type=\"spacer.default\">\n\t\t\t\t<div class=\"elementor-widget-container\">\n\t\t\t\t\t\t\t<div class=\"elementor-spacer\">\n\t\t\t<div class=\"elementor-spacer-inner\"><\/div>\n\t\t<\/div>\n\t\t\t\t\t\t<\/div>\n\t\t\t\t<\/div>\n\t\t\t\t<div class=\"elementor-element elementor-element-6dca5f4 elementor-widget elementor-widget-image\" data-id=\"6dca5f4\" data-element_type=\"widget\" data-e-type=\"widget\" data-widget_type=\"image.default\">\n\t\t\t\t<div class=\"elementor-widget-container\">\n\t\t\t\t\t\t\t\t\t\t\t\t\t\t\t<img decoding=\"async\" width=\"180\" height=\"100\" src=\"https:\/\/zeytince.org\/wp-content\/uploads\/2022\/02\/zeytince-logo.png\" class=\"attachment-large size-large wp-image-764\" alt=\"\" \/>\t\t\t\t\t\t\t\t\t\t\t\t\t\t\t<\/div>\n\t\t\t\t<\/div>\n\t\t\t\t<div class=\"elementor-element elementor-element-fd83ef0 elementor-widget elementor-widget-text-editor\" data-id=\"fd83ef0\" data-element_type=\"widget\" data-e-type=\"widget\" data-widget_type=\"text-editor.default\">\n\t\t\t\t<div class=\"elementor-widget-container\">\n\t\t\t\t\t\t\t\t\t<h3 style=\"text-align: center;\"><strong>Sevgili Zeytince Derne\u011fi Destek\u00e7ileri<\/strong><\/h3><p> <\/p><p>Do\u011fayla uyumlu ya\u015fama ili\u015fkin bilginin ve pratiklerin olu\u015fturulmas\u0131, payla\u015f\u0131lmas\u0131 ve geli\u015ftirilmesi i\u00e7in \u00e7al\u0131\u015fan Zeytince Derne\u011fi\u2019nin, bu amaca uygun olarak d\u00fczenledi\u011fi e\u011fitim ve etkinliklere, b\u00f6lgeyi ziyarete gelen insanlara zeytinin zenginli\u011fini g\u00f6steren Zeytin Rotas\u0131\u2019na, ekolojik dengenin s\u00fcrd\u00fcr\u00fclebilirli\u011fine katk\u0131da bulunan akademik projelerine, b\u00fct\u00fcn bu etkinlik ve fikirlere ev sahipli\u011fi yapan Zeytin Okulu\u2019na destek verdi\u011finiz i\u00e7in \u00e7ok te\u015fekk\u00fcr ederiz.<\/p><h5> <\/h5><h5 style=\"text-align: center;\">Zeytince Ekolojik Ya\u015fam\u0131 Destekleme Derne\u011fi destek\u00e7ileri i\u00e7in ba\u011f\u0131\u015f bilgilerimiz:<\/h5><p> <\/p><p><strong>Vak\u0131fbank \u0130zmir Alsancak \u015eubesi<\/strong><br><strong>Hesap Ad\u0131:<\/strong> Zeytince Ekolojik Ya\u015fam\u0131 Destekleme Derne\u011fi<br><strong>IBAN:<\/strong> TR53 0001 5001 5800 7302 2819 84<br><strong>Vergi No:<\/strong> 998 077 6843<\/p><p> <\/p><p><strong>Ba\u011f\u0131\u015f\u00e7\u0131 Haklar\u0131 Beyannamesi:<\/strong><\/p><p style=\"text-align: left;\">Zeytince Ekolojik Ya\u015fam\u0131 Destekleme Derne\u011fi olarak, ba\u011f\u0131\u015f\u00e7\u0131l\u0131\u011f\u0131n g\u00f6n\u00fcll\u00fc bir davran\u0131\u015f oldu\u011funa, vermenin ve payla\u015fman\u0131n ya\u015fam kalitemizi art\u0131r\u0131rd\u0131\u011f\u0131na inan\u0131yoruz. STK\u2019lar\u0131n ve projelerinin halk\u0131n g\u00fcvenini ve sayg\u0131s\u0131n\u0131 kazanmas\u0131na, ba\u011f\u0131\u015f\u00e7\u0131lar\u0131n ve potansiyel ba\u011f\u0131\u015f\u00e7\u0131lar\u0131n g\u00fcvenli ve ak\u0131ll\u0131 ba\u011f\u0131\u015f yapmas\u0131na \u00f6nem verdi\u011fimiz i\u00e7in ba\u011f\u0131\u015f\u00e7\u0131 haklar\u0131n\u0131n arkas\u0131nda duruyoruz ve destekliyoruz. B\u00fct\u00fcn ba\u011f\u0131\u015f\u00e7\u0131lar\u0131n a\u015fa\u011f\u0131daki haklara sahip oldu\u011funu kabul ediyoruz.<\/p><p> <\/p><p><strong>Ba\u011f\u0131\u015f\u00e7\u0131 Haklar\u0131:<\/strong><\/p><p>STK\u2019n\u0131n misyon ve vizyonu, ba\u011f\u0131\u015f\u0131n nas\u0131l kullan\u0131laca\u011f\u0131 hakk\u0131nda ve ba\u011f\u0131\u015f\u0131 ama\u00e7lar\u0131 do\u011frultusunda verimli olarak kullanma kapasitesi ve niyeti hakk\u0131nda bilgilenme, y\u00f6netim kurulu ve y\u00f6neticiler hakk\u0131nda bilgi edinme ve y\u00f6neticilerin ihtiyatl\u0131 ve basiretli bir \u015fekilde g\u00f6revlerini yerine getirmesini bekleme, g\u00fcncel finansal bilgilere eri\u015fim, verilen ba\u011f\u0131\u015f\u0131n amac\u0131na uygun kullan\u0131laca\u011f\u0131 konusunda garanti isteme, uygun bir te\u015fekk\u00fcr edilmesi, kanunlara uygun \u015fekilde ba\u011f\u0131\u015flar\u0131n\u0131n gizlili\u011fini talep etme, kurumu temsil eden b\u00fct\u00fcn \u00e7al\u0131\u015fanlar\u0131n kendisi ile kurdu\u011fu b\u00fct\u00fcn ili\u015fkilerin profesyonel d\u00fczeyde olmas\u0131n\u0131 talep etme, ba\u011f\u0131\u015f\u0131 isteyenin g\u00f6n\u00fcll\u00fc m\u00fc, \u00e7al\u0131\u015fan m\u0131 yoksa sadece bu i\u015f i\u00e7in d\u0131\u015far\u0131dan tutulmu\u015f birisi mi oldu\u011funu bilme, e\u011fer ba\u015fkas\u0131 ile payla\u015f\u0131lacaksa ileti\u015fim bilgilerinin listelerden silinmesini isteme, ba\u011f\u0131\u015f yaparken soru sorma, an\u0131nda, do\u011fru ve a\u00e7\u0131k cevaplar\u0131 alma hakk\u0131 vard\u0131r.<\/p><p> <\/p><p><strong>Zeytince Derne\u011finin;<\/strong><\/p><ul><li><a href=\"\/wp-content\/uploads\/2022\/02\/zeytince-beyanname-2015.pdf\" target=\"_blank\" rel=\"noopener\"><em>Zeytince 2015 y\u0131l\u0131 beyannamesi<\/em><\/a><\/li><li><a href=\"https:\/\/zeytince.webtasarimbeta.com\/wp-content\/uploads\/2022\/02\/zeytince-beyanname-2016.pdf\" target=\"_blank\" rel=\"noopener\"><em>Zeytince 2016 y\u0131l\u0131 beyannamesi<\/em><\/a><\/li><li><a href=\"\/wp-content\/uploads\/2022\/02\/zeytince-beyanname-2017.pdf\" target=\"_blank\" rel=\"noopener\"><em>Zeytince 2017 y\u0131l\u0131 beyannamesi<\/em><\/a><\/li><li><a href=\"\/wp-content\/uploads\/2022\/02\/2018-zeytince-beyanname.pdf\" target=\"_blank\" rel=\"noopener\"><em>Zeytince 2018 y\u0131l\u0131 beyannamesi<\/em><\/a><\/li><li><a href=\"\/wp-content\/uploads\/2022\/02\/2019-zeytince-beyanname.pdf\" target=\"_blank\" rel=\"noopener\"><em>Zeytince 2019 y\u0131l\u0131 beyannamesi<\/em><\/a><\/li><li><a href=\"\/wp-content\/uploads\/2022\/02\/2020-zeytince-beyanname.pdf\" target=\"_blank\" rel=\"noopener\"><em>Zeytince 2020 y\u0131l\u0131 beyannamesi<\/em><\/a><\/li><\/ul>\t\t\t\t\t\t\t\t<\/div>\n\t\t\t\t<\/div>\n\t\t\t\t<div class=\"elementor-element elementor-element-6aa492b elementor-widget elementor-widget-spacer\" data-id=\"6aa492b\" data-element_type=\"widget\" data-e-type=\"widget\" data-widget_type=\"spacer.default\">\n\t\t\t\t<div class=\"elementor-widget-container\">\n\t\t\t\t\t\t\t<div class=\"elementor-spacer\">\n\t\t\t<div class=\"elementor-spacer-inner\"><\/div>\n\t\t<\/div>\n\t\t\t\t\t\t<\/div>\n\t\t\t\t<\/div>\n\t\t\t\t\t<\/div>\n\t\t<\/div>\n\t\t\t\t\t<\/div>\n\t\t<\/section>\n\t\t\t\t<\/div>\n\t\t","protected":false},"excerpt":{"rendered":"<p>Sevgili Zeytince Derne\u011fi Destek\u00e7ileri Do\u011fayla uyumlu ya\u015fama ili\u015fkin bilginin ve pratiklerin olu\u015fturulmas\u0131, payla\u015f\u0131lmas\u0131 ve geli\u015ftirilmesi i\u00e7in \u00e7al\u0131\u015fan Zeytince Derne\u011fi\u2019nin, bu amaca uygun olarak d\u00fczenledi\u011fi e\u011fitim ve etkinliklere, b\u00f6lgeyi ziyarete gelen insanlara zeytinin zenginli\u011fini g\u00f6steren Zeytin Rotas\u0131\u2019na, ekolojik dengenin s\u00fcrd\u00fcr\u00fclebilirli\u011fine katk\u0131da bulunan akademik projelerine, b\u00fct\u00fcn bu&#8230;<\/p>\n","protected":false},"author":1,"featured_media":0,"parent":0,"menu_order":0,"comment_status":"closed","ping_status":"closed","template":"full_width.php","meta":{"footnotes":""},"class_list":["post-2709","page","type-page","status-publish","hentry"],"yoast_head":"<!-- This site is optimized with the Yoast SEO plugin v27.3 - https:\/\/yoast.com\/product\/yoast-seo-wordpress\/ -->\n<title>Ba\u011f\u0131\u015f Yap - Zeytince<\/title>\n<meta name=\"robots\" content=\"index, follow, max-snippet:-1, max-image-preview:large, max-video-preview:-1\" \/>\n<link rel=\"canonical\" href=\"https:\/\/zeytince.org\/en\/bagis-yap\/\" \/>\n<meta property=\"og:locale\" content=\"en_US\" \/>\n<meta property=\"og:type\" content=\"article\" \/>\n<meta property=\"og:title\" content=\"Ba\u011f\u0131\u015f Yap - Zeytince\" \/>\n<meta property=\"og:description\" content=\"Sevgili Zeytince Derne\u011fi Destek\u00e7ileri Do\u011fayla uyumlu ya\u015fama ili\u015fkin bilginin ve pratiklerin olu\u015fturulmas\u0131, payla\u015f\u0131lmas\u0131 ve geli\u015ftirilmesi i\u00e7in \u00e7al\u0131\u015fan Zeytince Derne\u011fi\u2019nin, bu amaca uygun olarak d\u00fczenledi\u011fi e\u011fitim ve etkinliklere, b\u00f6lgeyi ziyarete gelen insanlara zeytinin zenginli\u011fini g\u00f6steren Zeytin Rotas\u0131\u2019na, ekolojik dengenin s\u00fcrd\u00fcr\u00fclebilirli\u011fine katk\u0131da bulunan akademik projelerine, b\u00fct\u00fcn bu...\" \/>\n<meta property=\"og:url\" content=\"https:\/\/zeytince.org\/en\/bagis-yap\/\" \/>\n<meta property=\"og:site_name\" content=\"Zeytince\" \/>\n<meta property=\"article:publisher\" content=\"https:\/\/www.facebook.com\/ZeytinceDernegi\/\" \/>\n<meta property=\"article:modified_time\" content=\"2022-03-16T13:56:46+00:00\" \/>\n<meta property=\"og:image\" content=\"https:\/\/zeytince.org\/wp-content\/uploads\/2022\/02\/zeytince-logo.png\" \/>\n<meta name=\"twitter:card\" content=\"summary_large_image\" \/>\n<meta name=\"twitter:site\" content=\"@zeytincedernegi\" \/>\n<meta name=\"twitter:label1\" content=\"Est. reading time\" \/>\n\t<meta name=\"twitter:data1\" content=\"2 minutes\" \/>\n<script type=\"application\/ld+json\" class=\"yoast-schema-graph\">{\"@context\":\"https:\\\/\\\/schema.org\",\"@graph\":[{\"@type\":\"WebPage\",\"@id\":\"https:\\\/\\\/zeytince.org\\\/en\\\/bagis-yap\\\/\",\"url\":\"https:\\\/\\\/zeytince.org\\\/en\\\/bagis-yap\\\/\",\"name\":\"Ba\u011f\u0131\u015f Yap - Zeytince\",\"isPartOf\":{\"@id\":\"https:\\\/\\\/zeytince.org\\\/#website\"},\"primaryImageOfPage\":{\"@id\":\"https:\\\/\\\/zeytince.org\\\/en\\\/bagis-yap\\\/#primaryimage\"},\"image\":{\"@id\":\"https:\\\/\\\/zeytince.org\\\/en\\\/bagis-yap\\\/#primaryimage\"},\"thumbnailUrl\":\"https:\\\/\\\/zeytince.org\\\/wp-content\\\/uploads\\\/2022\\\/02\\\/zeytince-logo.png\",\"datePublished\":\"2022-02-04T09:39:59+00:00\",\"dateModified\":\"2022-03-16T13:56:46+00:00\",\"breadcrumb\":{\"@id\":\"https:\\\/\\\/zeytince.org\\\/en\\\/bagis-yap\\\/#breadcrumb\"},\"inLanguage\":\"en-US\",\"potentialAction\":[{\"@type\":\"ReadAction\",\"target\":[\"https:\\\/\\\/zeytince.org\\\/en\\\/bagis-yap\\\/\"]}]},{\"@type\":\"ImageObject\",\"inLanguage\":\"en-US\",\"@id\":\"https:\\\/\\\/zeytince.org\\\/en\\\/bagis-yap\\\/#primaryimage\",\"url\":\"https:\\\/\\\/zeytince.org\\\/wp-content\\\/uploads\\\/2022\\\/02\\\/zeytince-logo.png\",\"contentUrl\":\"https:\\\/\\\/zeytince.org\\\/wp-content\\\/uploads\\\/2022\\\/02\\\/zeytince-logo.png\"},{\"@type\":\"BreadcrumbList\",\"@id\":\"https:\\\/\\\/zeytince.org\\\/en\\\/bagis-yap\\\/#breadcrumb\",\"itemListElement\":[{\"@type\":\"ListItem\",\"position\":1,\"name\":\"Anasayfa\",\"item\":\"https:\\\/\\\/zeytince.org\\\/en\\\/\"},{\"@type\":\"ListItem\",\"position\":2,\"name\":\"Ba\u011f\u0131\u015f Yap\"}]},{\"@type\":\"WebSite\",\"@id\":\"https:\\\/\\\/zeytince.org\\\/#website\",\"url\":\"https:\\\/\\\/zeytince.org\\\/\",\"name\":\"Zeytince\",\"description\":\"Zeytince Ekolojik Ya\u015fam\u0131 Destekleme Derne\u011fi\",\"publisher\":{\"@id\":\"https:\\\/\\\/zeytince.org\\\/#organization\"},\"potentialAction\":[{\"@type\":\"SearchAction\",\"target\":{\"@type\":\"EntryPoint\",\"urlTemplate\":\"https:\\\/\\\/zeytince.org\\\/?s={search_term_string}\"},\"query-input\":{\"@type\":\"PropertyValueSpecification\",\"valueRequired\":true,\"valueName\":\"search_term_string\"}}],\"inLanguage\":\"en-US\"},{\"@type\":\"Organization\",\"@id\":\"https:\\\/\\\/zeytince.org\\\/#organization\",\"name\":\"Zeytince | Ekolojik Ya\u015fam\u0131 Destekleme Derne\u011fi\",\"url\":\"https:\\\/\\\/zeytince.org\\\/\",\"logo\":{\"@type\":\"ImageObject\",\"inLanguage\":\"en-US\",\"@id\":\"https:\\\/\\\/zeytince.org\\\/#\\\/schema\\\/logo\\\/image\\\/\",\"url\":\"https:\\\/\\\/zeytince.org\\\/wp-content\\\/uploads\\\/2022\\\/03\\\/zeytince-logo.png\",\"contentUrl\":\"https:\\\/\\\/zeytince.org\\\/wp-content\\\/uploads\\\/2022\\\/03\\\/zeytince-logo.png\",\"width\":746,\"height\":808,\"caption\":\"Zeytince | Ekolojik Ya\u015fam\u0131 Destekleme Derne\u011fi\"},\"image\":{\"@id\":\"https:\\\/\\\/zeytince.org\\\/#\\\/schema\\\/logo\\\/image\\\/\"},\"sameAs\":[\"https:\\\/\\\/www.facebook.com\\\/ZeytinceDernegi\\\/\",\"https:\\\/\\\/x.com\\\/zeytincedernegi\",\"https:\\\/\\\/www.instagram.com\\\/zeytincedernegi\\\/\",\"https:\\\/\\\/www.linkedin.com\\\/company\\\/zeytince\"]}]}<\/script>\n<!-- \/ Yoast SEO plugin. -->","yoast_head_json":{"title":"Ba\u011f\u0131\u015f Yap - Zeytince","robots":{"index":"index","follow":"follow","max-snippet":"max-snippet:-1","max-image-preview":"max-image-preview:large","max-video-preview":"max-video-preview:-1"},"canonical":"https:\/\/zeytince.org\/en\/bagis-yap\/","og_locale":"en_US","og_type":"article","og_title":"Ba\u011f\u0131\u015f Yap - Zeytince","og_description":"Sevgili Zeytince Derne\u011fi Destek\u00e7ileri Do\u011fayla uyumlu ya\u015fama ili\u015fkin bilginin ve pratiklerin olu\u015fturulmas\u0131, payla\u015f\u0131lmas\u0131 ve geli\u015ftirilmesi i\u00e7in \u00e7al\u0131\u015fan Zeytince Derne\u011fi\u2019nin, bu amaca uygun olarak d\u00fczenledi\u011fi e\u011fitim ve etkinliklere, b\u00f6lgeyi ziyarete gelen insanlara zeytinin zenginli\u011fini g\u00f6steren Zeytin Rotas\u0131\u2019na, ekolojik dengenin s\u00fcrd\u00fcr\u00fclebilirli\u011fine katk\u0131da bulunan akademik projelerine, b\u00fct\u00fcn bu...","og_url":"https:\/\/zeytince.org\/en\/bagis-yap\/","og_site_name":"Zeytince","article_publisher":"https:\/\/www.facebook.com\/ZeytinceDernegi\/","article_modified_time":"2022-03-16T13:56:46+00:00","og_image":[{"url":"https:\/\/zeytince.org\/wp-content\/uploads\/2022\/02\/zeytince-logo.png","type":"","width":"","height":""}],"twitter_card":"summary_large_image","twitter_site":"@zeytincedernegi","twitter_misc":{"Est. reading time":"2 minutes"},"schema":{"@context":"https:\/\/schema.org","@graph":[{"@type":"WebPage","@id":"https:\/\/zeytince.org\/en\/bagis-yap\/","url":"https:\/\/zeytince.org\/en\/bagis-yap\/","name":"Ba\u011f\u0131\u015f Yap - Zeytince","isPartOf":{"@id":"https:\/\/zeytince.org\/#website"},"primaryImageOfPage":{"@id":"https:\/\/zeytince.org\/en\/bagis-yap\/#primaryimage"},"image":{"@id":"https:\/\/zeytince.org\/en\/bagis-yap\/#primaryimage"},"thumbnailUrl":"https:\/\/zeytince.org\/wp-content\/uploads\/2022\/02\/zeytince-logo.png","datePublished":"2022-02-04T09:39:59+00:00","dateModified":"2022-03-16T13:56:46+00:00","breadcrumb":{"@id":"https:\/\/zeytince.org\/en\/bagis-yap\/#breadcrumb"},"inLanguage":"en-US","potentialAction":[{"@type":"ReadAction","target":["https:\/\/zeytince.org\/en\/bagis-yap\/"]}]},{"@type":"ImageObject","inLanguage":"en-US","@id":"https:\/\/zeytince.org\/en\/bagis-yap\/#primaryimage","url":"https:\/\/zeytince.org\/wp-content\/uploads\/2022\/02\/zeytince-logo.png","contentUrl":"https:\/\/zeytince.org\/wp-content\/uploads\/2022\/02\/zeytince-logo.png"},{"@type":"BreadcrumbList","@id":"https:\/\/zeytince.org\/en\/bagis-yap\/#breadcrumb","itemListElement":[{"@type":"ListItem","position":1,"name":"Anasayfa","item":"https:\/\/zeytince.org\/en\/"},{"@type":"ListItem","position":2,"name":"Ba\u011f\u0131\u015f Yap"}]},{"@type":"WebSite","@id":"https:\/\/zeytince.org\/#website","url":"https:\/\/zeytince.org\/","name":"Zeytince","description":"Zeytince Ekolojik Ya\u015fam\u0131 Destekleme Derne\u011fi","publisher":{"@id":"https:\/\/zeytince.org\/#organization"},"potentialAction":[{"@type":"SearchAction","target":{"@type":"EntryPoint","urlTemplate":"https:\/\/zeytince.org\/?s={search_term_string}"},"query-input":{"@type":"PropertyValueSpecification","valueRequired":true,"valueName":"search_term_string"}}],"inLanguage":"en-US"},{"@type":"Organization","@id":"https:\/\/zeytince.org\/#organization","name":"Zeytince | Ekolojik Ya\u015fam\u0131 Destekleme Derne\u011fi","url":"https:\/\/zeytince.org\/","logo":{"@type":"ImageObject","inLanguage":"en-US","@id":"https:\/\/zeytince.org\/#\/schema\/logo\/image\/","url":"https:\/\/zeytince.org\/wp-content\/uploads\/2022\/03\/zeytince-logo.png","contentUrl":"https:\/\/zeytince.org\/wp-content\/uploads\/2022\/03\/zeytince-logo.png","width":746,"height":808,"caption":"Zeytince | Ekolojik Ya\u015fam\u0131 Destekleme Derne\u011fi"},"image":{"@id":"https:\/\/zeytince.org\/#\/schema\/logo\/image\/"},"sameAs":["https:\/\/www.facebook.com\/ZeytinceDernegi\/","https:\/\/x.com\/zeytincedernegi","https:\/\/www.instagram.com\/zeytincedernegi\/","https:\/\/www.linkedin.com\/company\/zeytince"]}]}},"_links":{"self":[{"href":"https:\/\/zeytince.org\/en\/wp-json\/wp\/v2\/pages\/2709","targetHints":{"allow":["GET"]}}],"collection":[{"href":"https:\/\/zeytince.org\/en\/wp-json\/wp\/v2\/pages"}],"about":[{"href":"https:\/\/zeytince.org\/en\/wp-json\/wp\/v2\/types\/page"}],"author":[{"embeddable":true,"href":"https:\/\/zeytince.org\/en\/wp-json\/wp\/v2\/users\/1"}],"replies":[{"embeddable":true,"href":"https:\/\/zeytince.org\/en\/wp-json\/wp\/v2\/comments?post=2709"}],"version-history":[{"count":0,"href":"https:\/\/zeytince.org\/en\/wp-json\/wp\/v2\/pages\/2709\/revisions"}],"wp:attachment":[{"href":"https:\/\/zeytince.org\/en\/wp-json\/wp\/v2\/media?parent=2709"}],"curies":[{"name":"wp","href":"https:\/\/api.w.org\/{rel}","templated":true}]}}