{"id":2711,"date":"2022-02-24T15:17:34","date_gmt":"2022-02-24T12:17:34","guid":{"rendered":"https:\/\/zeytince.org\/cocuklar-icin-felsefe\/"},"modified":"2022-03-17T17:55:27","modified_gmt":"2022-03-17T14:55:27","slug":"philosophy-for-children","status":"publish","type":"page","link":"https:\/\/zeytince.org\/en\/philosophy-for-children\/","title":{"rendered":"Philosophy for Children"},"content":{"rendered":"\t\t<div data-elementor-type=\"wp-page\" data-elementor-id=\"2711\" class=\"elementor elementor-2711\">\n\t\t\t\t\t\t<section class=\"elementor-section elementor-top-section elementor-element elementor-element-17d6f873 elementor-section-boxed elementor-section-height-default elementor-section-height-default parallax_section_no qode_elementor_container_no\" data-id=\"17d6f873\" data-element_type=\"section\" data-e-type=\"section\">\n\t\t\t\t\t\t<div class=\"elementor-container elementor-column-gap-default\">\n\t\t\t\t\t<div class=\"elementor-column elementor-col-100 elementor-top-column elementor-element elementor-element-3609a8d3\" data-id=\"3609a8d3\" data-element_type=\"column\" data-e-type=\"column\">\n\t\t\t<div class=\"elementor-widget-wrap elementor-element-populated\">\n\t\t\t\t\t\t<div class=\"elementor-element elementor-element-3e709b9 elementor-widget elementor-widget-text-editor\" data-id=\"3e709b9\" data-element_type=\"widget\" data-e-type=\"widget\" data-widget_type=\"text-editor.default\">\n\t\t\t\t<div class=\"elementor-widget-container\">\n\t\t\t\t\t\t\t\t\t<p style=\"text-align: center;\">Together with the Philosophy for Children Association, an Online Philosophy Workshop for Children aged 9-12 is organized to start questioning concepts.<br \/>\u00a0<br \/><strong>For their contribution,<\/strong><\/p><p>\u00a0<\/p><p style=\"text-align: center;\">Aysel G\u00fcler, Drama Teacher Aysultan \u00d6zg\u00fcr, Leyla Ak, Melisa Karata\u015f, Nergis Seli, Nur\u015fah Y\u0131lmaz, T\u00fclay Apak, Selin Tun\u00e7er, Sema Semce and Y\u0131lmaz Murat Bilican<br \/>\u00a0<br \/><strong>We thank you.<\/strong><\/p>\t\t\t\t\t\t\t\t<\/div>\n\t\t\t\t<\/div>\n\t\t\t\t\t<\/div>\n\t\t<\/div>\n\t\t\t\t\t<\/div>\n\t\t<\/section>\n\t\t\t\t<section class=\"elementor-section elementor-top-section elementor-element elementor-element-2c3585a elementor-section-boxed elementor-section-height-default elementor-section-height-default parallax_section_no qode_elementor_container_no\" data-id=\"2c3585a\" data-element_type=\"section\" data-e-type=\"section\">\n\t\t\t\t\t\t<div class=\"elementor-container elementor-column-gap-default\">\n\t\t\t\t\t<div class=\"elementor-column elementor-col-50 elementor-top-column elementor-element elementor-element-496d67d\" data-id=\"496d67d\" data-element_type=\"column\" data-e-type=\"column\">\n\t\t\t<div class=\"elementor-widget-wrap elementor-element-populated\">\n\t\t\t\t\t\t<div class=\"elementor-element elementor-element-3d5995c elementor-widget elementor-widget-image\" data-id=\"3d5995c\" data-element_type=\"widget\" data-e-type=\"widget\" data-widget_type=\"image.default\">\n\t\t\t\t<div class=\"elementor-widget-container\">\n\t\t\t\t\t\t\t\t\t\t\t\t\t\t\t<img fetchpriority=\"high\" decoding=\"async\" width=\"512\" height=\"280\" src=\"https:\/\/zeytince.org\/wp-content\/uploads\/2022\/02\/unnamed-1-4.png\" class=\"attachment-large size-large wp-image-2016\" alt=\"\" srcset=\"https:\/\/zeytince.org\/wp-content\/uploads\/2022\/02\/unnamed-1-4.png 512w, https:\/\/zeytince.org\/wp-content\/uploads\/2022\/02\/unnamed-1-4-300x164.png 300w\" sizes=\"(max-width: 512px) 100vw, 512px\" \/>\t\t\t\t\t\t\t\t\t\t\t\t\t\t\t<\/div>\n\t\t\t\t<\/div>\n\t\t\t\t\t<\/div>\n\t\t<\/div>\n\t\t\t\t<div class=\"elementor-column elementor-col-50 elementor-top-column elementor-element elementor-element-1e063ef\" data-id=\"1e063ef\" data-element_type=\"column\" data-e-type=\"column\">\n\t\t\t<div class=\"elementor-widget-wrap elementor-element-populated\">\n\t\t\t\t\t\t<div class=\"elementor-element elementor-element-a23b32d elementor-widget elementor-widget-image\" data-id=\"a23b32d\" data-element_type=\"widget\" data-e-type=\"widget\" data-widget_type=\"image.default\">\n\t\t\t\t<div class=\"elementor-widget-container\">\n\t\t\t\t\t\t\t\t\t\t\t\t\t\t\t<img decoding=\"async\" width=\"512\" height=\"228\" src=\"https:\/\/zeytince.org\/wp-content\/uploads\/2022\/02\/unnamed-7.png\" class=\"attachment-large size-large wp-image-2020\" alt=\"\" srcset=\"https:\/\/zeytince.org\/wp-content\/uploads\/2022\/02\/unnamed-7.png 512w, https:\/\/zeytince.org\/wp-content\/uploads\/2022\/02\/unnamed-7-300x134.png 300w\" sizes=\"(max-width: 512px) 100vw, 512px\" \/>\t\t\t\t\t\t\t\t\t\t\t\t\t\t\t<\/div>\n\t\t\t\t<\/div>\n\t\t\t\t\t<\/div>\n\t\t<\/div>\n\t\t\t\t\t<\/div>\n\t\t<\/section>\n\t\t\t\t<\/div>\n\t\t","protected":false},"excerpt":{"rendered":"<p>Together with the Philosophy for Children Association, an Online Philosophy Workshop for Children aged 9-12 is organized to start questioning concepts.\u00a0For their contribution, \u00a0 Aysel G\u00fcler, Drama Teacher Aysultan \u00d6zg\u00fcr, Leyla Ak, Melisa Karata\u015f, Nergis Seli, Nur\u015fah Y\u0131lmaz, T\u00fclay Apak, Selin Tun\u00e7er, Sema Semce and&#8230;<\/p>\n","protected":false},"author":1,"featured_media":0,"parent":0,"menu_order":0,"comment_status":"closed","ping_status":"closed","template":"full_width.php","meta":{"footnotes":""},"class_list":["post-2711","page","type-page","status-publish","hentry"],"yoast_head":"<!-- This site is optimized with the Yoast SEO plugin v27.5 - https:\/\/yoast.com\/product\/yoast-seo-wordpress\/ -->\n<title>Philosophy for Children - Zeytince<\/title>\n<meta name=\"robots\" content=\"index, follow, max-snippet:-1, max-image-preview:large, max-video-preview:-1\" \/>\n<link rel=\"canonical\" href=\"https:\/\/zeytince.org\/en\/philosophy-for-children\/\" \/>\n<meta property=\"og:locale\" content=\"en_US\" \/>\n<meta property=\"og:type\" content=\"article\" \/>\n<meta property=\"og:title\" content=\"Philosophy for Children - Zeytince\" \/>\n<meta property=\"og:description\" content=\"Together with the Philosophy for Children Association, an Online Philosophy Workshop for Children aged 9-12 is organized to start questioning concepts.\u00a0For their contribution, \u00a0 Aysel G\u00fcler, Drama Teacher Aysultan \u00d6zg\u00fcr, Leyla Ak, Melisa Karata\u015f, Nergis Seli, Nur\u015fah Y\u0131lmaz, T\u00fclay Apak, Selin Tun\u00e7er, Sema Semce and...\" \/>\n<meta property=\"og:url\" content=\"https:\/\/zeytince.org\/en\/philosophy-for-children\/\" \/>\n<meta property=\"og:site_name\" content=\"Zeytince\" \/>\n<meta property=\"article:publisher\" content=\"https:\/\/www.facebook.com\/ZeytinceDernegi\/\" \/>\n<meta property=\"article:modified_time\" content=\"2022-03-17T14:55:27+00:00\" \/>\n<meta property=\"og:image\" content=\"https:\/\/zeytince.org\/wp-content\/uploads\/2022\/02\/unnamed-1-4.png\" \/>\n<meta name=\"twitter:card\" content=\"summary_large_image\" \/>\n<meta name=\"twitter:site\" content=\"@zeytincedernegi\" \/>\n<script type=\"application\/ld+json\" class=\"yoast-schema-graph\">{\"@context\":\"https:\\\/\\\/schema.org\",\"@graph\":[{\"@type\":\"WebPage\",\"@id\":\"https:\\\/\\\/zeytince.org\\\/en\\\/philosophy-for-children\\\/\",\"url\":\"https:\\\/\\\/zeytince.org\\\/en\\\/philosophy-for-children\\\/\",\"name\":\"Philosophy for Children - Zeytince\",\"isPartOf\":{\"@id\":\"https:\\\/\\\/zeytince.org\\\/#website\"},\"primaryImageOfPage\":{\"@id\":\"https:\\\/\\\/zeytince.org\\\/en\\\/philosophy-for-children\\\/#primaryimage\"},\"image\":{\"@id\":\"https:\\\/\\\/zeytince.org\\\/en\\\/philosophy-for-children\\\/#primaryimage\"},\"thumbnailUrl\":\"https:\\\/\\\/zeytince.org\\\/wp-content\\\/uploads\\\/2022\\\/02\\\/unnamed-1-4.png\",\"datePublished\":\"2022-02-24T12:17:34+00:00\",\"dateModified\":\"2022-03-17T14:55:27+00:00\",\"breadcrumb\":{\"@id\":\"https:\\\/\\\/zeytince.org\\\/en\\\/philosophy-for-children\\\/#breadcrumb\"},\"inLanguage\":\"en-US\",\"potentialAction\":[{\"@type\":\"ReadAction\",\"target\":[\"https:\\\/\\\/zeytince.org\\\/en\\\/philosophy-for-children\\\/\"]}]},{\"@type\":\"ImageObject\",\"inLanguage\":\"en-US\",\"@id\":\"https:\\\/\\\/zeytince.org\\\/en\\\/philosophy-for-children\\\/#primaryimage\",\"url\":\"https:\\\/\\\/zeytince.org\\\/wp-content\\\/uploads\\\/2022\\\/02\\\/unnamed-1-4.png\",\"contentUrl\":\"https:\\\/\\\/zeytince.org\\\/wp-content\\\/uploads\\\/2022\\\/02\\\/unnamed-1-4.png\"},{\"@type\":\"BreadcrumbList\",\"@id\":\"https:\\\/\\\/zeytince.org\\\/en\\\/philosophy-for-children\\\/#breadcrumb\",\"itemListElement\":[{\"@type\":\"ListItem\",\"position\":1,\"name\":\"Anasayfa\",\"item\":\"https:\\\/\\\/zeytince.org\\\/en\\\/\"},{\"@type\":\"ListItem\",\"position\":2,\"name\":\"Philosophy for Children\"}]},{\"@type\":\"WebSite\",\"@id\":\"https:\\\/\\\/zeytince.org\\\/#website\",\"url\":\"https:\\\/\\\/zeytince.org\\\/\",\"name\":\"Zeytince\",\"description\":\"Zeytince Ekolojik Ya\u015fam\u0131 Destekleme Derne\u011fi\",\"publisher\":{\"@id\":\"https:\\\/\\\/zeytince.org\\\/#organization\"},\"potentialAction\":[{\"@type\":\"SearchAction\",\"target\":{\"@type\":\"EntryPoint\",\"urlTemplate\":\"https:\\\/\\\/zeytince.org\\\/?s={search_term_string}\"},\"query-input\":{\"@type\":\"PropertyValueSpecification\",\"valueRequired\":true,\"valueName\":\"search_term_string\"}}],\"inLanguage\":\"en-US\"},{\"@type\":\"Organization\",\"@id\":\"https:\\\/\\\/zeytince.org\\\/#organization\",\"name\":\"Zeytince | Ekolojik Ya\u015fam\u0131 Destekleme Derne\u011fi\",\"url\":\"https:\\\/\\\/zeytince.org\\\/\",\"logo\":{\"@type\":\"ImageObject\",\"inLanguage\":\"en-US\",\"@id\":\"https:\\\/\\\/zeytince.org\\\/#\\\/schema\\\/logo\\\/image\\\/\",\"url\":\"https:\\\/\\\/zeytince.org\\\/wp-content\\\/uploads\\\/2022\\\/03\\\/zeytince-logo.png\",\"contentUrl\":\"https:\\\/\\\/zeytince.org\\\/wp-content\\\/uploads\\\/2022\\\/03\\\/zeytince-logo.png\",\"width\":746,\"height\":808,\"caption\":\"Zeytince | Ekolojik Ya\u015fam\u0131 Destekleme Derne\u011fi\"},\"image\":{\"@id\":\"https:\\\/\\\/zeytince.org\\\/#\\\/schema\\\/logo\\\/image\\\/\"},\"sameAs\":[\"https:\\\/\\\/www.facebook.com\\\/ZeytinceDernegi\\\/\",\"https:\\\/\\\/x.com\\\/zeytincedernegi\",\"https:\\\/\\\/www.instagram.com\\\/zeytincedernegi\\\/\",\"https:\\\/\\\/www.linkedin.com\\\/company\\\/zeytince\"]}]}<\/script>\n<!-- \/ Yoast SEO plugin. -->","yoast_head_json":{"title":"Philosophy for Children - Zeytince","robots":{"index":"index","follow":"follow","max-snippet":"max-snippet:-1","max-image-preview":"max-image-preview:large","max-video-preview":"max-video-preview:-1"},"canonical":"https:\/\/zeytince.org\/en\/philosophy-for-children\/","og_locale":"en_US","og_type":"article","og_title":"Philosophy for Children - Zeytince","og_description":"Together with the Philosophy for Children Association, an Online Philosophy Workshop for Children aged 9-12 is organized to start questioning concepts.\u00a0For their contribution, \u00a0 Aysel G\u00fcler, Drama Teacher Aysultan \u00d6zg\u00fcr, Leyla Ak, Melisa Karata\u015f, Nergis Seli, Nur\u015fah Y\u0131lmaz, T\u00fclay Apak, Selin Tun\u00e7er, Sema Semce and...","og_url":"https:\/\/zeytince.org\/en\/philosophy-for-children\/","og_site_name":"Zeytince","article_publisher":"https:\/\/www.facebook.com\/ZeytinceDernegi\/","article_modified_time":"2022-03-17T14:55:27+00:00","og_image":[{"url":"https:\/\/zeytince.org\/wp-content\/uploads\/2022\/02\/unnamed-1-4.png","type":"","width":"","height":""}],"twitter_card":"summary_large_image","twitter_site":"@zeytincedernegi","schema":{"@context":"https:\/\/schema.org","@graph":[{"@type":"WebPage","@id":"https:\/\/zeytince.org\/en\/philosophy-for-children\/","url":"https:\/\/zeytince.org\/en\/philosophy-for-children\/","name":"Philosophy for Children - Zeytince","isPartOf":{"@id":"https:\/\/zeytince.org\/#website"},"primaryImageOfPage":{"@id":"https:\/\/zeytince.org\/en\/philosophy-for-children\/#primaryimage"},"image":{"@id":"https:\/\/zeytince.org\/en\/philosophy-for-children\/#primaryimage"},"thumbnailUrl":"https:\/\/zeytince.org\/wp-content\/uploads\/2022\/02\/unnamed-1-4.png","datePublished":"2022-02-24T12:17:34+00:00","dateModified":"2022-03-17T14:55:27+00:00","breadcrumb":{"@id":"https:\/\/zeytince.org\/en\/philosophy-for-children\/#breadcrumb"},"inLanguage":"en-US","potentialAction":[{"@type":"ReadAction","target":["https:\/\/zeytince.org\/en\/philosophy-for-children\/"]}]},{"@type":"ImageObject","inLanguage":"en-US","@id":"https:\/\/zeytince.org\/en\/philosophy-for-children\/#primaryimage","url":"https:\/\/zeytince.org\/wp-content\/uploads\/2022\/02\/unnamed-1-4.png","contentUrl":"https:\/\/zeytince.org\/wp-content\/uploads\/2022\/02\/unnamed-1-4.png"},{"@type":"BreadcrumbList","@id":"https:\/\/zeytince.org\/en\/philosophy-for-children\/#breadcrumb","itemListElement":[{"@type":"ListItem","position":1,"name":"Anasayfa","item":"https:\/\/zeytince.org\/en\/"},{"@type":"ListItem","position":2,"name":"Philosophy for Children"}]},{"@type":"WebSite","@id":"https:\/\/zeytince.org\/#website","url":"https:\/\/zeytince.org\/","name":"Zeytince","description":"Zeytince Ekolojik Ya\u015fam\u0131 Destekleme Derne\u011fi","publisher":{"@id":"https:\/\/zeytince.org\/#organization"},"potentialAction":[{"@type":"SearchAction","target":{"@type":"EntryPoint","urlTemplate":"https:\/\/zeytince.org\/?s={search_term_string}"},"query-input":{"@type":"PropertyValueSpecification","valueRequired":true,"valueName":"search_term_string"}}],"inLanguage":"en-US"},{"@type":"Organization","@id":"https:\/\/zeytince.org\/#organization","name":"Zeytince | Ekolojik Ya\u015fam\u0131 Destekleme Derne\u011fi","url":"https:\/\/zeytince.org\/","logo":{"@type":"ImageObject","inLanguage":"en-US","@id":"https:\/\/zeytince.org\/#\/schema\/logo\/image\/","url":"https:\/\/zeytince.org\/wp-content\/uploads\/2022\/03\/zeytince-logo.png","contentUrl":"https:\/\/zeytince.org\/wp-content\/uploads\/2022\/03\/zeytince-logo.png","width":746,"height":808,"caption":"Zeytince | Ekolojik Ya\u015fam\u0131 Destekleme Derne\u011fi"},"image":{"@id":"https:\/\/zeytince.org\/#\/schema\/logo\/image\/"},"sameAs":["https:\/\/www.facebook.com\/ZeytinceDernegi\/","https:\/\/x.com\/zeytincedernegi","https:\/\/www.instagram.com\/zeytincedernegi\/","https:\/\/www.linkedin.com\/company\/zeytince"]}]}},"_links":{"self":[{"href":"https:\/\/zeytince.org\/en\/wp-json\/wp\/v2\/pages\/2711","targetHints":{"allow":["GET"]}}],"collection":[{"href":"https:\/\/zeytince.org\/en\/wp-json\/wp\/v2\/pages"}],"about":[{"href":"https:\/\/zeytince.org\/en\/wp-json\/wp\/v2\/types\/page"}],"author":[{"embeddable":true,"href":"https:\/\/zeytince.org\/en\/wp-json\/wp\/v2\/users\/1"}],"replies":[{"embeddable":true,"href":"https:\/\/zeytince.org\/en\/wp-json\/wp\/v2\/comments?post=2711"}],"version-history":[{"count":0,"href":"https:\/\/zeytince.org\/en\/wp-json\/wp\/v2\/pages\/2711\/revisions"}],"wp:attachment":[{"href":"https:\/\/zeytince.org\/en\/wp-json\/wp\/v2\/media?parent=2711"}],"curies":[{"name":"wp","href":"https:\/\/api.w.org\/{rel}","templated":true}]}}