{"id":2732,"date":"2022-02-07T12:49:25","date_gmt":"2022-02-07T09:49:25","guid":{"rendered":"https:\/\/zeytince.org\/haberler\/"},"modified":"2022-03-16T17:09:46","modified_gmt":"2022-03-16T14:09:46","slug":"haberler","status":"publish","type":"page","link":"https:\/\/zeytince.org\/en\/haberler\/","title":{"rendered":"Haberler"},"content":{"rendered":"\t\t<div data-elementor-type=\"wp-page\" data-elementor-id=\"2732\" class=\"elementor elementor-2732\">\n\t\t\t\t\t\t<section class=\"elementor-section elementor-top-section elementor-element elementor-element-3be4629 elementor-section-boxed elementor-section-height-default elementor-section-height-default parallax_section_no qode_elementor_container_no\" data-id=\"3be4629\" data-element_type=\"section\" data-e-type=\"section\">\n\t\t\t\t\t\t<div class=\"elementor-container elementor-column-gap-default\">\n\t\t\t\t\t<div class=\"elementor-column elementor-col-100 elementor-top-column elementor-element elementor-element-2246655\" data-id=\"2246655\" data-element_type=\"column\" data-e-type=\"column\">\n\t\t\t<div class=\"elementor-widget-wrap elementor-element-populated\">\n\t\t\t\t\t\t<div class=\"elementor-element elementor-element-f8ccca6 elementor-widget elementor-widget-spacer\" data-id=\"f8ccca6\" data-element_type=\"widget\" data-e-type=\"widget\" data-widget_type=\"spacer.default\">\n\t\t\t\t<div class=\"elementor-widget-container\">\n\t\t\t\t\t\t\t<div class=\"elementor-spacer\">\n\t\t\t<div class=\"elementor-spacer-inner\"><\/div>\n\t\t<\/div>\n\t\t\t\t\t\t<\/div>\n\t\t\t\t<\/div>\n\t\t\t\t<div class=\"elementor-element elementor-element-a5b6ad0 elementor-widget elementor-widget-heading\" data-id=\"a5b6ad0\" data-element_type=\"widget\" data-e-type=\"widget\" data-widget_type=\"heading.default\">\n\t\t\t\t<div class=\"elementor-widget-container\">\n\t\t\t\t\t<h3 class=\"elementor-heading-title elementor-size-default\">G\u00fcncel Haberler<\/h3>\t\t\t\t<\/div>\n\t\t\t\t<\/div>\n\t\t\t\t\t<\/div>\n\t\t<\/div>\n\t\t\t\t\t<\/div>\n\t\t<\/section>\n\t\t\t\t<section class=\"elementor-section elementor-top-section elementor-element elementor-element-24b7812 elementor-section-boxed elementor-section-height-default elementor-section-height-default parallax_section_no qode_elementor_container_no\" data-id=\"24b7812\" data-element_type=\"section\" data-e-type=\"section\">\n\t\t\t\t\t\t<div class=\"elementor-container elementor-column-gap-default\">\n\t\t\t\t\t<div class=\"elementor-column elementor-col-100 elementor-top-column elementor-element elementor-element-d8e180a\" data-id=\"d8e180a\" data-element_type=\"column\" data-e-type=\"column\">\n\t\t\t<div class=\"elementor-widget-wrap elementor-element-populated\">\n\t\t\t\t\t\t<div class=\"elementor-element elementor-element-7380a1f elementor-widget elementor-widget-bridge_latest_posts_two\" data-id=\"7380a1f\" data-element_type=\"widget\" data-e-type=\"widget\" data-widget_type=\"bridge_latest_posts_two.default\">\n\t\t\t\t<div class=\"elementor-widget-container\">\n\t\t\t\t\t<div class='latest_post_two_holder three_columns'><ul><\/ul><\/div>\t\t\t\t<\/div>\n\t\t\t\t<\/div>\n\t\t\t\t\t<\/div>\n\t\t<\/div>\n\t\t\t\t\t<\/div>\n\t\t<\/section>\n\t\t\t\t<\/div>\n\t\t","protected":false},"excerpt":{"rendered":"<p>G\u00fcncel Haberler Ekoloji- Felsefe- Ekonomi &#8211; EFE &#8211; \u00c7al\u0131\u015ftaylar\u0131 Bahar 2022 d\u00f6neminde de devam. yonetim16 Aral\u0131k, 2017<\/p>\n","protected":false},"author":1,"featured_media":0,"parent":0,"menu_order":0,"comment_status":"closed","ping_status":"closed","template":"full_width.php","meta":{"footnotes":""},"class_list":["post-2732","page","type-page","status-publish","hentry"],"yoast_head":"<!-- This site is optimized with the Yoast SEO plugin v27.5 - https:\/\/yoast.com\/product\/yoast-seo-wordpress\/ -->\n<title>Haberler - Zeytince<\/title>\n<meta name=\"robots\" content=\"index, follow, max-snippet:-1, max-image-preview:large, max-video-preview:-1\" \/>\n<link rel=\"canonical\" href=\"https:\/\/zeytince.org\/en\/haberler\/\" \/>\n<meta property=\"og:locale\" content=\"en_US\" \/>\n<meta property=\"og:type\" content=\"article\" \/>\n<meta property=\"og:title\" content=\"Haberler - Zeytince\" \/>\n<meta property=\"og:description\" content=\"G\u00fcncel Haberler Ekoloji- Felsefe- Ekonomi &#8211; EFE &#8211; \u00c7al\u0131\u015ftaylar\u0131 Bahar 2022 d\u00f6neminde de devam. yonetim16 Aral\u0131k, 2017\" \/>\n<meta property=\"og:url\" content=\"https:\/\/zeytince.org\/en\/haberler\/\" \/>\n<meta property=\"og:site_name\" content=\"Zeytince\" \/>\n<meta property=\"article:publisher\" content=\"https:\/\/www.facebook.com\/ZeytinceDernegi\/\" \/>\n<meta property=\"article:modified_time\" content=\"2022-03-16T14:09:46+00:00\" \/>\n<meta property=\"og:image\" content=\"https:\/\/zeytince.org\/wp-content\/uploads\/2019\/10\/haber-700x700.jpg\" \/>\n<meta name=\"twitter:card\" content=\"summary_large_image\" \/>\n<meta name=\"twitter:site\" content=\"@zeytincedernegi\" \/>\n<script type=\"application\/ld+json\" class=\"yoast-schema-graph\">{\"@context\":\"https:\\\/\\\/schema.org\",\"@graph\":[{\"@type\":\"WebPage\",\"@id\":\"https:\\\/\\\/zeytince.org\\\/en\\\/haberler\\\/\",\"url\":\"https:\\\/\\\/zeytince.org\\\/en\\\/haberler\\\/\",\"name\":\"Haberler - Zeytince\",\"isPartOf\":{\"@id\":\"https:\\\/\\\/zeytince.org\\\/#website\"},\"primaryImageOfPage\":{\"@id\":\"https:\\\/\\\/zeytince.org\\\/en\\\/haberler\\\/#primaryimage\"},\"image\":{\"@id\":\"https:\\\/\\\/zeytince.org\\\/en\\\/haberler\\\/#primaryimage\"},\"thumbnailUrl\":\"https:\\\/\\\/zeytince.org\\\/wp-content\\\/uploads\\\/2019\\\/10\\\/haber-700x700.jpg\",\"datePublished\":\"2022-02-07T09:49:25+00:00\",\"dateModified\":\"2022-03-16T14:09:46+00:00\",\"breadcrumb\":{\"@id\":\"https:\\\/\\\/zeytince.org\\\/en\\\/haberler\\\/#breadcrumb\"},\"inLanguage\":\"en-US\",\"potentialAction\":[{\"@type\":\"ReadAction\",\"target\":[\"https:\\\/\\\/zeytince.org\\\/en\\\/haberler\\\/\"]}]},{\"@type\":\"ImageObject\",\"inLanguage\":\"en-US\",\"@id\":\"https:\\\/\\\/zeytince.org\\\/en\\\/haberler\\\/#primaryimage\",\"url\":\"https:\\\/\\\/zeytince.org\\\/wp-content\\\/uploads\\\/2019\\\/10\\\/haber-700x700.jpg\",\"contentUrl\":\"https:\\\/\\\/zeytince.org\\\/wp-content\\\/uploads\\\/2019\\\/10\\\/haber-700x700.jpg\"},{\"@type\":\"BreadcrumbList\",\"@id\":\"https:\\\/\\\/zeytince.org\\\/en\\\/haberler\\\/#breadcrumb\",\"itemListElement\":[{\"@type\":\"ListItem\",\"position\":1,\"name\":\"Anasayfa\",\"item\":\"https:\\\/\\\/zeytince.org\\\/en\\\/\"},{\"@type\":\"ListItem\",\"position\":2,\"name\":\"Haberler\"}]},{\"@type\":\"WebSite\",\"@id\":\"https:\\\/\\\/zeytince.org\\\/#website\",\"url\":\"https:\\\/\\\/zeytince.org\\\/\",\"name\":\"Zeytince\",\"description\":\"Zeytince Ekolojik Ya\u015fam\u0131 Destekleme Derne\u011fi\",\"publisher\":{\"@id\":\"https:\\\/\\\/zeytince.org\\\/#organization\"},\"potentialAction\":[{\"@type\":\"SearchAction\",\"target\":{\"@type\":\"EntryPoint\",\"urlTemplate\":\"https:\\\/\\\/zeytince.org\\\/?s={search_term_string}\"},\"query-input\":{\"@type\":\"PropertyValueSpecification\",\"valueRequired\":true,\"valueName\":\"search_term_string\"}}],\"inLanguage\":\"en-US\"},{\"@type\":\"Organization\",\"@id\":\"https:\\\/\\\/zeytince.org\\\/#organization\",\"name\":\"Zeytince | Ekolojik Ya\u015fam\u0131 Destekleme Derne\u011fi\",\"url\":\"https:\\\/\\\/zeytince.org\\\/\",\"logo\":{\"@type\":\"ImageObject\",\"inLanguage\":\"en-US\",\"@id\":\"https:\\\/\\\/zeytince.org\\\/#\\\/schema\\\/logo\\\/image\\\/\",\"url\":\"https:\\\/\\\/zeytince.org\\\/wp-content\\\/uploads\\\/2022\\\/03\\\/zeytince-logo.png\",\"contentUrl\":\"https:\\\/\\\/zeytince.org\\\/wp-content\\\/uploads\\\/2022\\\/03\\\/zeytince-logo.png\",\"width\":746,\"height\":808,\"caption\":\"Zeytince | Ekolojik Ya\u015fam\u0131 Destekleme Derne\u011fi\"},\"image\":{\"@id\":\"https:\\\/\\\/zeytince.org\\\/#\\\/schema\\\/logo\\\/image\\\/\"},\"sameAs\":[\"https:\\\/\\\/www.facebook.com\\\/ZeytinceDernegi\\\/\",\"https:\\\/\\\/x.com\\\/zeytincedernegi\",\"https:\\\/\\\/www.instagram.com\\\/zeytincedernegi\\\/\",\"https:\\\/\\\/www.linkedin.com\\\/company\\\/zeytince\"]}]}<\/script>\n<!-- \/ Yoast SEO plugin. -->","yoast_head_json":{"title":"Haberler - Zeytince","robots":{"index":"index","follow":"follow","max-snippet":"max-snippet:-1","max-image-preview":"max-image-preview:large","max-video-preview":"max-video-preview:-1"},"canonical":"https:\/\/zeytince.org\/en\/haberler\/","og_locale":"en_US","og_type":"article","og_title":"Haberler - Zeytince","og_description":"G\u00fcncel Haberler Ekoloji- Felsefe- Ekonomi &#8211; EFE &#8211; \u00c7al\u0131\u015ftaylar\u0131 Bahar 2022 d\u00f6neminde de devam. yonetim16 Aral\u0131k, 2017","og_url":"https:\/\/zeytince.org\/en\/haberler\/","og_site_name":"Zeytince","article_publisher":"https:\/\/www.facebook.com\/ZeytinceDernegi\/","article_modified_time":"2022-03-16T14:09:46+00:00","og_image":[{"url":"https:\/\/zeytince.org\/wp-content\/uploads\/2019\/10\/haber-700x700.jpg","type":"","width":"","height":""}],"twitter_card":"summary_large_image","twitter_site":"@zeytincedernegi","schema":{"@context":"https:\/\/schema.org","@graph":[{"@type":"WebPage","@id":"https:\/\/zeytince.org\/en\/haberler\/","url":"https:\/\/zeytince.org\/en\/haberler\/","name":"Haberler - Zeytince","isPartOf":{"@id":"https:\/\/zeytince.org\/#website"},"primaryImageOfPage":{"@id":"https:\/\/zeytince.org\/en\/haberler\/#primaryimage"},"image":{"@id":"https:\/\/zeytince.org\/en\/haberler\/#primaryimage"},"thumbnailUrl":"https:\/\/zeytince.org\/wp-content\/uploads\/2019\/10\/haber-700x700.jpg","datePublished":"2022-02-07T09:49:25+00:00","dateModified":"2022-03-16T14:09:46+00:00","breadcrumb":{"@id":"https:\/\/zeytince.org\/en\/haberler\/#breadcrumb"},"inLanguage":"en-US","potentialAction":[{"@type":"ReadAction","target":["https:\/\/zeytince.org\/en\/haberler\/"]}]},{"@type":"ImageObject","inLanguage":"en-US","@id":"https:\/\/zeytince.org\/en\/haberler\/#primaryimage","url":"https:\/\/zeytince.org\/wp-content\/uploads\/2019\/10\/haber-700x700.jpg","contentUrl":"https:\/\/zeytince.org\/wp-content\/uploads\/2019\/10\/haber-700x700.jpg"},{"@type":"BreadcrumbList","@id":"https:\/\/zeytince.org\/en\/haberler\/#breadcrumb","itemListElement":[{"@type":"ListItem","position":1,"name":"Anasayfa","item":"https:\/\/zeytince.org\/en\/"},{"@type":"ListItem","position":2,"name":"Haberler"}]},{"@type":"WebSite","@id":"https:\/\/zeytince.org\/#website","url":"https:\/\/zeytince.org\/","name":"Zeytince","description":"Zeytince Ekolojik Ya\u015fam\u0131 Destekleme Derne\u011fi","publisher":{"@id":"https:\/\/zeytince.org\/#organization"},"potentialAction":[{"@type":"SearchAction","target":{"@type":"EntryPoint","urlTemplate":"https:\/\/zeytince.org\/?s={search_term_string}"},"query-input":{"@type":"PropertyValueSpecification","valueRequired":true,"valueName":"search_term_string"}}],"inLanguage":"en-US"},{"@type":"Organization","@id":"https:\/\/zeytince.org\/#organization","name":"Zeytince | Ekolojik Ya\u015fam\u0131 Destekleme Derne\u011fi","url":"https:\/\/zeytince.org\/","logo":{"@type":"ImageObject","inLanguage":"en-US","@id":"https:\/\/zeytince.org\/#\/schema\/logo\/image\/","url":"https:\/\/zeytince.org\/wp-content\/uploads\/2022\/03\/zeytince-logo.png","contentUrl":"https:\/\/zeytince.org\/wp-content\/uploads\/2022\/03\/zeytince-logo.png","width":746,"height":808,"caption":"Zeytince | Ekolojik Ya\u015fam\u0131 Destekleme Derne\u011fi"},"image":{"@id":"https:\/\/zeytince.org\/#\/schema\/logo\/image\/"},"sameAs":["https:\/\/www.facebook.com\/ZeytinceDernegi\/","https:\/\/x.com\/zeytincedernegi","https:\/\/www.instagram.com\/zeytincedernegi\/","https:\/\/www.linkedin.com\/company\/zeytince"]}]}},"_links":{"self":[{"href":"https:\/\/zeytince.org\/en\/wp-json\/wp\/v2\/pages\/2732","targetHints":{"allow":["GET"]}}],"collection":[{"href":"https:\/\/zeytince.org\/en\/wp-json\/wp\/v2\/pages"}],"about":[{"href":"https:\/\/zeytince.org\/en\/wp-json\/wp\/v2\/types\/page"}],"author":[{"embeddable":true,"href":"https:\/\/zeytince.org\/en\/wp-json\/wp\/v2\/users\/1"}],"replies":[{"embeddable":true,"href":"https:\/\/zeytince.org\/en\/wp-json\/wp\/v2\/comments?post=2732"}],"version-history":[{"count":0,"href":"https:\/\/zeytince.org\/en\/wp-json\/wp\/v2\/pages\/2732\/revisions"}],"wp:attachment":[{"href":"https:\/\/zeytince.org\/en\/wp-json\/wp\/v2\/media?parent=2732"}],"curies":[{"name":"wp","href":"https:\/\/api.w.org\/{rel}","templated":true}]}}