{"id":2742,"date":"2022-02-24T14:28:44","date_gmt":"2022-02-24T11:28:44","guid":{"rendered":"https:\/\/zeytince.org\/online-konusmalar\/"},"modified":"2022-03-18T15:58:09","modified_gmt":"2022-03-18T12:58:09","slug":"online-conversations","status":"publish","type":"page","link":"https:\/\/zeytince.org\/en\/online-conversations\/","title":{"rendered":"Online conversations"},"content":{"rendered":"\t\t<div data-elementor-type=\"wp-page\" data-elementor-id=\"2742\" class=\"elementor elementor-2742\">\n\t\t\t\t\t\t<section class=\"elementor-section elementor-top-section elementor-element elementor-element-364e0a1 elementor-section-boxed elementor-section-height-default elementor-section-height-default parallax_section_no qode_elementor_container_no\" data-id=\"364e0a1\" data-element_type=\"section\" data-e-type=\"section\">\n\t\t\t\t\t\t<div class=\"elementor-container elementor-column-gap-default\">\n\t\t\t\t\t<div class=\"elementor-column elementor-col-100 elementor-top-column elementor-element elementor-element-a1ad21b\" data-id=\"a1ad21b\" data-element_type=\"column\" data-e-type=\"column\">\n\t\t\t<div class=\"elementor-widget-wrap elementor-element-populated\">\n\t\t\t\t\t\t<div class=\"elementor-element elementor-element-2e510c7 elementor-widget elementor-widget-spacer\" data-id=\"2e510c7\" data-element_type=\"widget\" data-e-type=\"widget\" data-widget_type=\"spacer.default\">\n\t\t\t\t<div class=\"elementor-widget-container\">\n\t\t\t\t\t\t\t<div class=\"elementor-spacer\">\n\t\t\t<div class=\"elementor-spacer-inner\"><\/div>\n\t\t<\/div>\n\t\t\t\t\t\t<\/div>\n\t\t\t\t<\/div>\n\t\t\t\t\t<\/div>\n\t\t<\/div>\n\t\t\t\t\t<\/div>\n\t\t<\/section>\n\t\t\t\t<section class=\"elementor-section elementor-top-section elementor-element elementor-element-049641c elementor-section-boxed elementor-section-height-default elementor-section-height-default parallax_section_no qode_elementor_container_no\" data-id=\"049641c\" data-element_type=\"section\" data-e-type=\"section\">\n\t\t\t\t\t\t<div class=\"elementor-container elementor-column-gap-default\">\n\t\t\t\t\t<div class=\"elementor-column elementor-col-100 elementor-top-column elementor-element elementor-element-f625145\" data-id=\"f625145\" data-element_type=\"column\" data-e-type=\"column\">\n\t\t\t<div class=\"elementor-widget-wrap elementor-element-populated\">\n\t\t\t\t\t\t<div class=\"elementor-element elementor-element-3482adf elementor-widget elementor-widget-text-editor\" data-id=\"3482adf\" data-element_type=\"widget\" data-e-type=\"widget\" data-widget_type=\"text-editor.default\">\n\t\t\t\t<div class=\"elementor-widget-container\">\n\t\t\t\t\t\t\t\t\t<p style=\"text-align: center;\"><b>   Some videos about Sustainability,<\/b><\/p>\n<p style=\"text-align: center;\"><b> <\/b><b><i> Ecology and Climate Crisis prepared by our Association Representatives\u2026.<\/b><\/p>\t\t\t\t\t\t\t\t<\/div>\n\t\t\t\t<\/div>\n\t\t\t\t\t<\/div>\n\t\t<\/div>\n\t\t\t\t\t<\/div>\n\t\t<\/section>\n\t\t\t\t<section class=\"elementor-section elementor-top-section elementor-element elementor-element-2d563e5 elementor-section-boxed elementor-section-height-default elementor-section-height-default parallax_section_no qode_elementor_container_no\" data-id=\"2d563e5\" data-element_type=\"section\" data-e-type=\"section\">\n\t\t\t\t\t\t<div class=\"elementor-container elementor-column-gap-default\">\n\t\t\t\t\t<div class=\"elementor-column elementor-col-50 elementor-top-column elementor-element elementor-element-443b8b3\" data-id=\"443b8b3\" data-element_type=\"column\" data-e-type=\"column\">\n\t\t\t<div class=\"elementor-widget-wrap elementor-element-populated\">\n\t\t\t\t\t\t<div class=\"elementor-element elementor-element-8cab20e elementor-widget elementor-widget-video\" data-id=\"8cab20e\" data-element_type=\"widget\" data-e-type=\"widget\" data-settings=\"{&quot;youtube_url&quot;:&quot;https:\\\/\\\/www.youtube.com\\\/watch?v=3lEXj_XSaLE&amp;list=PLaK32IvMRRKUQYrqCxkCfdc1lyScekfng&quot;,&quot;video_type&quot;:&quot;youtube&quot;,&quot;controls&quot;:&quot;yes&quot;}\" data-widget_type=\"video.default\">\n\t\t\t\t<div class=\"elementor-widget-container\">\n\t\t\t\t\t\t\t<div class=\"elementor-wrapper elementor-open-inline\">\n\t\t\t<div class=\"elementor-video\"><\/div>\t\t<\/div>\n\t\t\t\t\t\t<\/div>\n\t\t\t\t<\/div>\n\t\t\t\t<div class=\"elementor-element elementor-element-437247c elementor-widget elementor-widget-text-editor\" data-id=\"437247c\" data-element_type=\"widget\" data-e-type=\"widget\" data-widget_type=\"text-editor.default\">\n\t\t\t\t<div class=\"elementor-widget-container\">\n\t\t\t\t\t\t\t\t\t<p style=\"text-align: center;\"><strong>Reflections on the COVID 19 pandemic: What are social scientists and environmental researchers saying on the Pandemic?<\/strong><\/p>\t\t\t\t\t\t\t\t<\/div>\n\t\t\t\t<\/div>\n\t\t\t\t\t<\/div>\n\t\t<\/div>\n\t\t\t\t<div class=\"elementor-column elementor-col-50 elementor-top-column elementor-element elementor-element-7b746e2\" data-id=\"7b746e2\" data-element_type=\"column\" data-e-type=\"column\">\n\t\t\t<div class=\"elementor-widget-wrap elementor-element-populated\">\n\t\t\t\t\t\t<div class=\"elementor-element elementor-element-e98c3ec elementor-widget elementor-widget-video\" data-id=\"e98c3ec\" data-element_type=\"widget\" data-e-type=\"widget\" data-settings=\"{&quot;youtube_url&quot;:&quot;https:\\\/\\\/www.youtube.com\\\/watch?v=Q5h0Ufmtuv0&quot;,&quot;video_type&quot;:&quot;youtube&quot;,&quot;controls&quot;:&quot;yes&quot;}\" data-widget_type=\"video.default\">\n\t\t\t\t<div class=\"elementor-widget-container\">\n\t\t\t\t\t\t\t<div class=\"elementor-wrapper elementor-open-inline\">\n\t\t\t<div class=\"elementor-video\"><\/div>\t\t<\/div>\n\t\t\t\t\t\t<\/div>\n\t\t\t\t<\/div>\n\t\t\t\t<div class=\"elementor-element elementor-element-9551e62 elementor-widget elementor-widget-text-editor\" data-id=\"9551e62\" data-element_type=\"widget\" data-e-type=\"widget\" data-widget_type=\"text-editor.default\">\n\t\t\t\t<div class=\"elementor-widget-container\">\n\t\t\t\t\t\t\t\t\t<p style=\"text-align: center;\"><strong>Conversations on  Earth Day 2020<\/strong><\/p>\t\t\t\t\t\t\t\t<\/div>\n\t\t\t\t<\/div>\n\t\t\t\t\t<\/div>\n\t\t<\/div>\n\t\t\t\t\t<\/div>\n\t\t<\/section>\n\t\t\t\t<section class=\"elementor-section elementor-top-section elementor-element elementor-element-6565650 elementor-section-boxed elementor-section-height-default elementor-section-height-default parallax_section_no qode_elementor_container_no\" data-id=\"6565650\" data-element_type=\"section\" data-e-type=\"section\">\n\t\t\t\t\t\t<div class=\"elementor-container elementor-column-gap-default\">\n\t\t\t\t\t<div class=\"elementor-column elementor-col-50 elementor-top-column elementor-element elementor-element-ee4af7e\" data-id=\"ee4af7e\" data-element_type=\"column\" data-e-type=\"column\">\n\t\t\t<div class=\"elementor-widget-wrap elementor-element-populated\">\n\t\t\t\t\t\t<div class=\"elementor-element elementor-element-b42a712 elementor-widget elementor-widget-video\" data-id=\"b42a712\" data-element_type=\"widget\" data-e-type=\"widget\" data-settings=\"{&quot;youtube_url&quot;:&quot;https:\\\/\\\/www.youtube.com\\\/watch?v=8zCtoKEL4fU&quot;,&quot;video_type&quot;:&quot;youtube&quot;,&quot;controls&quot;:&quot;yes&quot;}\" data-widget_type=\"video.default\">\n\t\t\t\t<div class=\"elementor-widget-container\">\n\t\t\t\t\t\t\t<div class=\"elementor-wrapper elementor-open-inline\">\n\t\t\t<div class=\"elementor-video\"><\/div>\t\t<\/div>\n\t\t\t\t\t\t<\/div>\n\t\t\t\t<\/div>\n\t\t\t\t<div class=\"elementor-element elementor-element-efab3b6 elementor-widget elementor-widget-text-editor\" data-id=\"efab3b6\" data-element_type=\"widget\" data-e-type=\"widget\" data-widget_type=\"text-editor.default\">\n\t\t\t\t<div class=\"elementor-widget-container\">\n\t\t\t\t\t\t\t\t\t<p style=\"text-align: center;\"><strong>International Agenda for  Climate  Change and Ecological Restoration  \n<\/strong><\/p>\t\t\t\t\t\t\t\t<\/div>\n\t\t\t\t<\/div>\n\t\t\t\t\t<\/div>\n\t\t<\/div>\n\t\t\t\t<div class=\"elementor-column elementor-col-50 elementor-top-column elementor-element elementor-element-be395bc\" data-id=\"be395bc\" data-element_type=\"column\" data-e-type=\"column\">\n\t\t\t<div class=\"elementor-widget-wrap elementor-element-populated\">\n\t\t\t\t\t\t<div class=\"elementor-element elementor-element-63b31e6 elementor-widget elementor-widget-video\" data-id=\"63b31e6\" data-element_type=\"widget\" data-e-type=\"widget\" data-settings=\"{&quot;youtube_url&quot;:&quot;https:\\\/\\\/www.youtube.com\\\/watch?v=AHvMru_qnEQ&quot;,&quot;video_type&quot;:&quot;youtube&quot;,&quot;controls&quot;:&quot;yes&quot;}\" data-widget_type=\"video.default\">\n\t\t\t\t<div class=\"elementor-widget-container\">\n\t\t\t\t\t\t\t<div class=\"elementor-wrapper elementor-open-inline\">\n\t\t\t<div class=\"elementor-video\"><\/div>\t\t<\/div>\n\t\t\t\t\t\t<\/div>\n\t\t\t\t<\/div>\n\t\t\t\t<div class=\"elementor-element elementor-element-f7dc7e5 elementor-widget elementor-widget-text-editor\" data-id=\"f7dc7e5\" data-element_type=\"widget\" data-e-type=\"widget\" data-widget_type=\"text-editor.default\">\n\t\t\t\t<div class=\"elementor-widget-container\">\n\t\t\t\t\t\t\t\t\t<p style=\"text-align: center;\"><strong>Global Goals and Covid 19<\/strong><\/p>\t\t\t\t\t\t\t\t<\/div>\n\t\t\t\t<\/div>\n\t\t\t\t\t<\/div>\n\t\t<\/div>\n\t\t\t\t\t<\/div>\n\t\t<\/section>\n\t\t\t\t<section class=\"elementor-section elementor-top-section elementor-element elementor-element-5d59384 elementor-section-content-middle elementor-section-boxed elementor-section-height-default elementor-section-height-default parallax_section_no qode_elementor_container_no\" data-id=\"5d59384\" data-element_type=\"section\" data-e-type=\"section\">\n\t\t\t\t\t\t<div class=\"elementor-container elementor-column-gap-default\">\n\t\t\t\t\t<div class=\"elementor-column elementor-col-100 elementor-top-column elementor-element elementor-element-7e83d82\" data-id=\"7e83d82\" data-element_type=\"column\" data-e-type=\"column\">\n\t\t\t<div class=\"elementor-widget-wrap elementor-element-populated\">\n\t\t\t\t\t\t<section class=\"elementor-section elementor-inner-section elementor-element elementor-element-aafdd15 elementor-section-boxed elementor-section-height-default elementor-section-height-default parallax_section_no qode_elementor_container_no\" data-id=\"aafdd15\" data-element_type=\"section\" data-e-type=\"section\">\n\t\t\t\t\t\t<div class=\"elementor-container elementor-column-gap-default\">\n\t\t\t\t\t<div class=\"elementor-column elementor-col-33 elementor-inner-column elementor-element elementor-element-3c71a67\" data-id=\"3c71a67\" data-element_type=\"column\" data-e-type=\"column\">\n\t\t\t<div class=\"elementor-widget-wrap\">\n\t\t\t\t\t\t\t<\/div>\n\t\t<\/div>\n\t\t\t\t<div class=\"elementor-column elementor-col-33 elementor-inner-column elementor-element elementor-element-3bb51e6\" data-id=\"3bb51e6\" data-element_type=\"column\" data-e-type=\"column\">\n\t\t\t<div class=\"elementor-widget-wrap elementor-element-populated\">\n\t\t\t\t\t\t<div class=\"elementor-element elementor-element-67541f4 elementor-widget elementor-widget-bridge_button\" data-id=\"67541f4\" data-element_type=\"widget\" data-e-type=\"widget\" data-widget_type=\"bridge_button.default\">\n\t\t\t\t<div class=\"elementor-widget-container\">\n\t\t\t\t\t<a  itemprop=\"url\" href=\"https:\/\/www.youtube.com\/c\/ZEYT%C4%B0NOKULU\/videos\" target=\"_blank\" data-hover-background-color='#F70202' data-hover-border-color='#FF0000'  class=\"qbutton  center default\" style=\"color: #FFFFFF; border-color: #F60000; background-color: #DF0000;\">FOR MORE VIDEOS!<i class=\"qode_icon_font_awesome fa fa-youtube qode_button_icon_element\" style=\"\" ><\/i><\/a>\t\t\t\t<\/div>\n\t\t\t\t<\/div>\n\t\t\t\t\t<\/div>\n\t\t<\/div>\n\t\t\t\t<div class=\"elementor-column elementor-col-33 elementor-inner-column elementor-element elementor-element-05b9832\" data-id=\"05b9832\" data-element_type=\"column\" data-e-type=\"column\">\n\t\t\t<div class=\"elementor-widget-wrap\">\n\t\t\t\t\t\t\t<\/div>\n\t\t<\/div>\n\t\t\t\t\t<\/div>\n\t\t<\/section>\n\t\t\t\t\t<\/div>\n\t\t<\/div>\n\t\t\t\t\t<\/div>\n\t\t<\/section>\n\t\t\t\t<\/div>\n\t\t","protected":false},"excerpt":{"rendered":"<p>Some videos about Sustainability, Ecology and Climate Crisis prepared by our Association Representatives\u2026. https:\/\/www.youtube.com\/watch?v=3lEXj_XSaLE&#038;list=PLaK32IvMRRKUQYrqCxkCfdc1lyScekfng Reflections on the COVID 19 pandemic: What are social scientists and environmental researchers saying on the Pandemic? https:\/\/www.youtube.com\/watch?v=Q5h0Ufmtuv0 Conversations on Earth Day 2020 https:\/\/www.youtube.com\/watch?v=8zCtoKEL4fU International Agenda for Climate Change and Ecological&#8230;<\/p>\n","protected":false},"author":1,"featured_media":0,"parent":0,"menu_order":0,"comment_status":"closed","ping_status":"closed","template":"full_width.php","meta":{"footnotes":""},"class_list":["post-2742","page","type-page","status-publish","hentry"],"yoast_head":"<!-- This site is optimized with the Yoast SEO plugin v27.5 - https:\/\/yoast.com\/product\/yoast-seo-wordpress\/ -->\n<title>Online conversations - Zeytince<\/title>\n<meta name=\"robots\" content=\"index, follow, max-snippet:-1, max-image-preview:large, max-video-preview:-1\" \/>\n<link rel=\"canonical\" href=\"https:\/\/zeytince.org\/en\/online-conversations\/\" \/>\n<meta property=\"og:locale\" content=\"en_US\" \/>\n<meta property=\"og:type\" content=\"article\" \/>\n<meta property=\"og:title\" content=\"Online conversations - Zeytince\" \/>\n<meta property=\"og:description\" content=\"Some videos about Sustainability, Ecology and Climate Crisis prepared by our Association Representatives\u2026. https:\/\/www.youtube.com\/watch?v=3lEXj_XSaLE&#038;list=PLaK32IvMRRKUQYrqCxkCfdc1lyScekfng Reflections on the COVID 19 pandemic: What are social scientists and environmental researchers saying on the Pandemic? https:\/\/www.youtube.com\/watch?v=Q5h0Ufmtuv0 Conversations on Earth Day 2020 https:\/\/www.youtube.com\/watch?v=8zCtoKEL4fU International Agenda for Climate Change and Ecological...\" \/>\n<meta property=\"og:url\" content=\"https:\/\/zeytince.org\/en\/online-conversations\/\" \/>\n<meta property=\"og:site_name\" content=\"Zeytince\" \/>\n<meta property=\"article:publisher\" content=\"https:\/\/www.facebook.com\/ZeytinceDernegi\/\" \/>\n<meta property=\"article:modified_time\" content=\"2022-03-18T12:58:09+00:00\" \/>\n<meta name=\"twitter:card\" content=\"summary_large_image\" \/>\n<meta name=\"twitter:site\" content=\"@zeytincedernegi\" \/>\n<script type=\"application\/ld+json\" class=\"yoast-schema-graph\">{\"@context\":\"https:\\\/\\\/schema.org\",\"@graph\":[{\"@type\":\"WebPage\",\"@id\":\"https:\\\/\\\/zeytince.org\\\/en\\\/online-conversations\\\/\",\"url\":\"https:\\\/\\\/zeytince.org\\\/en\\\/online-conversations\\\/\",\"name\":\"Online conversations - Zeytince\",\"isPartOf\":{\"@id\":\"https:\\\/\\\/zeytince.org\\\/#website\"},\"datePublished\":\"2022-02-24T11:28:44+00:00\",\"dateModified\":\"2022-03-18T12:58:09+00:00\",\"breadcrumb\":{\"@id\":\"https:\\\/\\\/zeytince.org\\\/en\\\/online-conversations\\\/#breadcrumb\"},\"inLanguage\":\"en-US\",\"potentialAction\":[{\"@type\":\"ReadAction\",\"target\":[\"https:\\\/\\\/zeytince.org\\\/en\\\/online-conversations\\\/\"]}]},{\"@type\":\"BreadcrumbList\",\"@id\":\"https:\\\/\\\/zeytince.org\\\/en\\\/online-conversations\\\/#breadcrumb\",\"itemListElement\":[{\"@type\":\"ListItem\",\"position\":1,\"name\":\"Anasayfa\",\"item\":\"https:\\\/\\\/zeytince.org\\\/en\\\/\"},{\"@type\":\"ListItem\",\"position\":2,\"name\":\"Online conversations\"}]},{\"@type\":\"WebSite\",\"@id\":\"https:\\\/\\\/zeytince.org\\\/#website\",\"url\":\"https:\\\/\\\/zeytince.org\\\/\",\"name\":\"Zeytince\",\"description\":\"Zeytince Ekolojik Ya\u015fam\u0131 Destekleme Derne\u011fi\",\"publisher\":{\"@id\":\"https:\\\/\\\/zeytince.org\\\/#organization\"},\"potentialAction\":[{\"@type\":\"SearchAction\",\"target\":{\"@type\":\"EntryPoint\",\"urlTemplate\":\"https:\\\/\\\/zeytince.org\\\/?s={search_term_string}\"},\"query-input\":{\"@type\":\"PropertyValueSpecification\",\"valueRequired\":true,\"valueName\":\"search_term_string\"}}],\"inLanguage\":\"en-US\"},{\"@type\":\"Organization\",\"@id\":\"https:\\\/\\\/zeytince.org\\\/#organization\",\"name\":\"Zeytince | Ekolojik Ya\u015fam\u0131 Destekleme Derne\u011fi\",\"url\":\"https:\\\/\\\/zeytince.org\\\/\",\"logo\":{\"@type\":\"ImageObject\",\"inLanguage\":\"en-US\",\"@id\":\"https:\\\/\\\/zeytince.org\\\/#\\\/schema\\\/logo\\\/image\\\/\",\"url\":\"https:\\\/\\\/zeytince.org\\\/wp-content\\\/uploads\\\/2022\\\/03\\\/zeytince-logo.png\",\"contentUrl\":\"https:\\\/\\\/zeytince.org\\\/wp-content\\\/uploads\\\/2022\\\/03\\\/zeytince-logo.png\",\"width\":746,\"height\":808,\"caption\":\"Zeytince | Ekolojik Ya\u015fam\u0131 Destekleme Derne\u011fi\"},\"image\":{\"@id\":\"https:\\\/\\\/zeytince.org\\\/#\\\/schema\\\/logo\\\/image\\\/\"},\"sameAs\":[\"https:\\\/\\\/www.facebook.com\\\/ZeytinceDernegi\\\/\",\"https:\\\/\\\/x.com\\\/zeytincedernegi\",\"https:\\\/\\\/www.instagram.com\\\/zeytincedernegi\\\/\",\"https:\\\/\\\/www.linkedin.com\\\/company\\\/zeytince\"]}]}<\/script>\n<!-- \/ Yoast SEO plugin. -->","yoast_head_json":{"title":"Online conversations - Zeytince","robots":{"index":"index","follow":"follow","max-snippet":"max-snippet:-1","max-image-preview":"max-image-preview:large","max-video-preview":"max-video-preview:-1"},"canonical":"https:\/\/zeytince.org\/en\/online-conversations\/","og_locale":"en_US","og_type":"article","og_title":"Online conversations - Zeytince","og_description":"Some videos about Sustainability, Ecology and Climate Crisis prepared by our Association Representatives\u2026. https:\/\/www.youtube.com\/watch?v=3lEXj_XSaLE&#038;list=PLaK32IvMRRKUQYrqCxkCfdc1lyScekfng Reflections on the COVID 19 pandemic: What are social scientists and environmental researchers saying on the Pandemic? https:\/\/www.youtube.com\/watch?v=Q5h0Ufmtuv0 Conversations on Earth Day 2020 https:\/\/www.youtube.com\/watch?v=8zCtoKEL4fU International Agenda for Climate Change and Ecological...","og_url":"https:\/\/zeytince.org\/en\/online-conversations\/","og_site_name":"Zeytince","article_publisher":"https:\/\/www.facebook.com\/ZeytinceDernegi\/","article_modified_time":"2022-03-18T12:58:09+00:00","twitter_card":"summary_large_image","twitter_site":"@zeytincedernegi","schema":{"@context":"https:\/\/schema.org","@graph":[{"@type":"WebPage","@id":"https:\/\/zeytince.org\/en\/online-conversations\/","url":"https:\/\/zeytince.org\/en\/online-conversations\/","name":"Online conversations - Zeytince","isPartOf":{"@id":"https:\/\/zeytince.org\/#website"},"datePublished":"2022-02-24T11:28:44+00:00","dateModified":"2022-03-18T12:58:09+00:00","breadcrumb":{"@id":"https:\/\/zeytince.org\/en\/online-conversations\/#breadcrumb"},"inLanguage":"en-US","potentialAction":[{"@type":"ReadAction","target":["https:\/\/zeytince.org\/en\/online-conversations\/"]}]},{"@type":"BreadcrumbList","@id":"https:\/\/zeytince.org\/en\/online-conversations\/#breadcrumb","itemListElement":[{"@type":"ListItem","position":1,"name":"Anasayfa","item":"https:\/\/zeytince.org\/en\/"},{"@type":"ListItem","position":2,"name":"Online conversations"}]},{"@type":"WebSite","@id":"https:\/\/zeytince.org\/#website","url":"https:\/\/zeytince.org\/","name":"Zeytince","description":"Zeytince Ekolojik Ya\u015fam\u0131 Destekleme Derne\u011fi","publisher":{"@id":"https:\/\/zeytince.org\/#organization"},"potentialAction":[{"@type":"SearchAction","target":{"@type":"EntryPoint","urlTemplate":"https:\/\/zeytince.org\/?s={search_term_string}"},"query-input":{"@type":"PropertyValueSpecification","valueRequired":true,"valueName":"search_term_string"}}],"inLanguage":"en-US"},{"@type":"Organization","@id":"https:\/\/zeytince.org\/#organization","name":"Zeytince | Ekolojik Ya\u015fam\u0131 Destekleme Derne\u011fi","url":"https:\/\/zeytince.org\/","logo":{"@type":"ImageObject","inLanguage":"en-US","@id":"https:\/\/zeytince.org\/#\/schema\/logo\/image\/","url":"https:\/\/zeytince.org\/wp-content\/uploads\/2022\/03\/zeytince-logo.png","contentUrl":"https:\/\/zeytince.org\/wp-content\/uploads\/2022\/03\/zeytince-logo.png","width":746,"height":808,"caption":"Zeytince | Ekolojik Ya\u015fam\u0131 Destekleme Derne\u011fi"},"image":{"@id":"https:\/\/zeytince.org\/#\/schema\/logo\/image\/"},"sameAs":["https:\/\/www.facebook.com\/ZeytinceDernegi\/","https:\/\/x.com\/zeytincedernegi","https:\/\/www.instagram.com\/zeytincedernegi\/","https:\/\/www.linkedin.com\/company\/zeytince"]}]}},"_links":{"self":[{"href":"https:\/\/zeytince.org\/en\/wp-json\/wp\/v2\/pages\/2742","targetHints":{"allow":["GET"]}}],"collection":[{"href":"https:\/\/zeytince.org\/en\/wp-json\/wp\/v2\/pages"}],"about":[{"href":"https:\/\/zeytince.org\/en\/wp-json\/wp\/v2\/types\/page"}],"author":[{"embeddable":true,"href":"https:\/\/zeytince.org\/en\/wp-json\/wp\/v2\/users\/1"}],"replies":[{"embeddable":true,"href":"https:\/\/zeytince.org\/en\/wp-json\/wp\/v2\/comments?post=2742"}],"version-history":[{"count":0,"href":"https:\/\/zeytince.org\/en\/wp-json\/wp\/v2\/pages\/2742\/revisions"}],"wp:attachment":[{"href":"https:\/\/zeytince.org\/en\/wp-json\/wp\/v2\/media?parent=2742"}],"curies":[{"name":"wp","href":"https:\/\/api.w.org\/{rel}","templated":true}]}}