{"id":2752,"date":"2022-03-07T16:17:46","date_gmt":"2022-03-07T13:17:46","guid":{"rendered":"https:\/\/zeytince.org\/pslifestyle-basin-bulteni\/"},"modified":"2022-03-16T17:17:00","modified_gmt":"2022-03-16T14:17:00","slug":"pslifestyle-basin-bulteni","status":"publish","type":"page","link":"https:\/\/zeytince.org\/en\/pslifestyle-basin-bulteni\/","title":{"rendered":"PSLifestyle &#8211; Bas\u0131n B\u00fclteni"},"content":{"rendered":"\t\t<div data-elementor-type=\"wp-page\" data-elementor-id=\"2752\" class=\"elementor elementor-2752\">\n\t\t\t\t\t\t<section class=\"elementor-section elementor-top-section elementor-element elementor-element-2c54107 elementor-section-boxed elementor-section-height-default elementor-section-height-default parallax_section_no qode_elementor_container_no\" data-id=\"2c54107\" data-element_type=\"section\" data-e-type=\"section\">\n\t\t\t\t\t\t<div class=\"elementor-container elementor-column-gap-default\">\n\t\t\t\t\t<div class=\"elementor-column elementor-col-100 elementor-top-column elementor-element elementor-element-143ec12\" data-id=\"143ec12\" data-element_type=\"column\" data-e-type=\"column\">\n\t\t\t<div class=\"elementor-widget-wrap elementor-element-populated\">\n\t\t\t\t\t\t<div class=\"elementor-element elementor-element-6711c6e elementor-widget elementor-widget-text-editor\" data-id=\"6711c6e\" data-element_type=\"widget\" data-e-type=\"widget\" data-widget_type=\"text-editor.default\">\n\t\t\t\t<div class=\"elementor-widget-container\">\n\t\t\t\t\t\t\t\t\t<p><span style=\"font-weight: 400;\">Yeni ba\u015flat\u0131lan Horizon 2020 projesi,<\/span><b><br>iklim fark\u0131ndal\u0131\u011f\u0131 ile bireysel eylem aras\u0131ndaki a\u00e7\u0131\u011f\u0131 kapat\u0131yor<\/b><span style=\"font-weight: 400;\">.<\/span><a href=\"https:\/\/pslifestyle.eu\/\" target=\"_blank\" rel=\"noopener\"><b>PSLifestyle<\/b><\/a><span style=\"font-weight: 400;\">;<\/span> <span style=\"font-weight: 400;\">sekiz Avrupa \u00fclkesindeki bireyler ile derin bir ili\u015fki kurup onlar\u0131 pozitif, s\u00fcrd\u00fcr\u00fclebilir ve daha sa\u011fl\u0131kl\u0131 bir ya\u015fam tarz\u0131 benimsemeleri konusunda harekete ge\u00e7irmeyi ve b\u00f6ylece bu bireylerin \u00e7evre \u00fczerindeki etkilerini azaltmaya yard\u0131mc\u0131 olmay\u0131 ama\u00e7l\u0131yor. PSLifestyle\u2019\u0131n bu<\/span> <a href=\"https:\/\/pslifestyle.eu\/the-tool\" target=\"_blank\" rel=\"noopener\"><b>online arac\u0131<\/b><\/a><span style=\"font-weight: 400;\"> , bireyleri g\u00fcnl\u00fck ya\u015famlar\u0131n\u0131n \u00e7evre \u00fczerindeki etkileri hakk\u0131nda bilgilendirmeye yard\u0131mc\u0131 olacak ve onlar\u0131 mevcut al\u0131\u015fkanl\u0131klar\u0131 ile bu al\u0131\u015fkanl\u0131klar\u0131n\u0131 g\u00fcnl\u00fck ve ak\u0131ll\u0131ca eylemlerle nas\u0131l de\u011fi\u015ftirebilecekleri konusunda d\u00fc\u015f\u00fcnmeye te\u015fvik edecek.<\/span><\/p><p> <\/p><p><b>PSLifestyle<\/b> <b>Living Lab\u2019lar<\/b><span style=\"font-weight: 400;\"> (Ya\u015fam Laboratuvarlar\u0131) arac\u0131l\u0131\u011f\u0131yla bireyler, bulunduklar\u0131 b\u00f6lgedeki ve \u015fehirdeki di\u011fer ki\u015filer ile etkile\u015fime ge\u00e7erek hep birlikte, \u00e7evrenin g\u00f6z \u00f6n\u00fcnde bulunduruldu\u011fu iyi bir ya\u015fam yaratmaya y\u00f6nelik bir vizyon geli\u015ftirip bu vizyonu \u015fekillendirecekler. Bireyler, Living Lab\u2019lara kat\u0131larak s\u00f6z konusu vizyonun ger\u00e7e\u011fe d\u00f6n\u00fc\u015ft\u00fcr\u00fclmesi amac\u0131yla \u00e7\u00f6z\u00fcmler tasarlanmas\u0131na yard\u0131mc\u0131 olacaklar. Living Lab\u2019lar,<\/span><a href=\"https:\/\/pslifestyle.eu\/pilots\" target=\"_blank\" rel=\"noopener\"> <b>sekiz Avrupa \u00fclkesinde<\/b><\/a> <span style=\"font-weight: 400;\">ger\u00e7ekle\u015fecek: Tallinn (Estonya), Tampere (Finlandiya), Wuppertal (Almanya), Atina (Yunanistan), Milano, Parma ve Toskana B\u00f6lgesi (\u0130talya), Lizbon ve Porto (Portekiz), Ljubljana (Slovenya) ve \u0130zmir (T\u00fcrkiye). Bu Living Lab\u2019lar kapsam\u0131nda yer alan bireyler, i\u015flevleri ve hatta g\u00f6r\u00fcn\u00fcm\u00fc de d\u00e2hil olmak \u00fczere PSLifestyle online arac\u0131n\u0131n daha da iyile\u015ftirilmesine katk\u0131da bulunacaklar. Bireyler, bu lab\u2019lara kat\u0131larak Avrupa ve T\u00fcrkiye\u2019nin Pozitif ve S\u00fcrd\u00fcr\u00fclebilir Ya\u015fam Tarz\u0131 El\u00e7ileri olacaklar.<\/span><\/p><p> <\/p><p><span style=\"font-weight: 400;\">PSLifestyle projesi,<\/span><a href=\"https:\/\/pslifestyle.eu\/about\/partners\" target=\"_blank\" rel=\"noopener\"><b>16 ortak kurulu\u015fun yer ald\u0131\u011f\u0131 bir konsorsiyumdur<\/b><\/a><span style=\"font-weight: 400;\">:<\/span><span style=\"font-weight: 400;\"> Sitra (Proje Koordinat\u00f6r\u00fc), Collaborating Centre on Sustainable Consumption and Production (CSCP), Solita, Hot or Cool Institute, ICLEI European Secretariat, EuroHealthNet, Let\u2019s Do It Foundation, Green Tiger Foundation (GTF), Athena Research and Innovation Center, EKPIZO, Sustainable Development Foundation (SUSDEF), greenApes (GAPES), DECO, Circular Change (CCICE), City of Ljubljana ve Zeytince Ekolojik Ya\u015fam\u0131 Destekleme Derne\u011fi (ZEYDD).<\/span><\/p><p> <\/p><p><a href=\"https:\/\/pslifestyle.eu\" target=\"_blank\" rel=\"noopener\"><b>PSLifestyle<\/b> <b>web sitesi<\/b><\/a> <span style=\"font-weight: 400;\">arac\u0131l\u0131\u011f\u0131yla PSLifestyle projesinin bireylerin daha pozitif ve s\u00fcrd\u00fcr\u00fclebilir bir ya\u015fam tarz\u0131 benimsemelerine nas\u0131l yard\u0131mc\u0131 olaca\u011f\u0131 hakk\u0131nda daha fazla bilgi edinin<\/span><span style=\"font-weight: 400;\">.<\/span><\/p><p><span style=\"font-weight: 400;\">Twitter (<\/span><a href=\"https:\/\/twitter.com\/PSLifestyle_EU\" target=\"_blank\" rel=\"noopener\"><b>@PSLifestyle_EU<\/b><\/a><span style=\"font-weight: 400;\">)<\/span><span style=\"font-weight: 400;\"> ve<\/span><a href=\"https:\/\/www.linkedin.com\/company\/pslifestyle-project\" target=\"_blank\" rel=\"noopener\"><b>LinkedIn<\/b><\/a> <span style=\"font-weight: 400;\"> arac\u0131l\u0131\u011f\u0131yla PSLifestyle projesini takip edin ve ba\u011flant\u0131 kurun<\/span><span style=\"font-weight: 400;\">.<\/span><\/p><p> <\/p><p><span style=\"font-weight: 400;\">Projeyle ilgili genel sorular i\u00e7in l\u00fctfen PSLifestyle Proje Y\u00f6neticisi Markus Terho (Sitra) ile ileti\u015fime ge\u00e7in: <\/span><a href=\"mailto:info@pslifestyle.eu\" target=\"_blank\" rel=\"noopener\"><span style=\"font-weight: 400;\">info@pslifestyle.eu<\/span><\/a><span style=\"font-weight: 400;\"> <\/span><\/p>\t\t\t\t\t\t\t\t<\/div>\n\t\t\t\t<\/div>\n\t\t\t\t<div class=\"elementor-element elementor-element-877bed7 elementor-shape-circle elementor-grid-0 e-grid-align-center elementor-widget elementor-widget-social-icons\" data-id=\"877bed7\" data-element_type=\"widget\" data-e-type=\"widget\" data-widget_type=\"social-icons.default\">\n\t\t\t\t<div class=\"elementor-widget-container\">\n\t\t\t\t\t\t\t<div class=\"elementor-social-icons-wrapper elementor-grid\" role=\"list\">\n\t\t\t\t\t\t\t<span class=\"elementor-grid-item\" role=\"listitem\">\n\t\t\t\t\t<a class=\"elementor-icon elementor-social-icon elementor-social-icon-twitter elementor-repeater-item-5c97535\" href=\"https:\/\/twitter.com\/PSLifestyle_EU\" target=\"_blank\">\n\t\t\t\t\t\t<span class=\"elementor-screen-only\">Twitter<\/span>\n\t\t\t\t\t\t<i aria-hidden=\"true\" class=\"fab fa-twitter\"><\/i>\t\t\t\t\t<\/a>\n\t\t\t\t<\/span>\n\t\t\t\t\t\t\t<span class=\"elementor-grid-item\" role=\"listitem\">\n\t\t\t\t\t<a class=\"elementor-icon elementor-social-icon elementor-social-icon-linkedin elementor-repeater-item-7426272\" href=\"https:\/\/www.linkedin.com\/company\/pslifestyle-project\" target=\"_blank\">\n\t\t\t\t\t\t<span class=\"elementor-screen-only\">Linkedin<\/span>\n\t\t\t\t\t\t<i aria-hidden=\"true\" class=\"fab fa-linkedin\"><\/i>\t\t\t\t\t<\/a>\n\t\t\t\t<\/span>\n\t\t\t\t\t\t\t<span class=\"elementor-grid-item\" role=\"listitem\">\n\t\t\t\t\t<a class=\"elementor-icon elementor-social-icon elementor-social-icon-youtube elementor-repeater-item-c5d6c9d\" href=\"https:\/\/www.youtube.com\/channel\/UC5R3n9dzBO2H4-6br2W5suw\" target=\"_blank\">\n\t\t\t\t\t\t<span class=\"elementor-screen-only\">Youtube<\/span>\n\t\t\t\t\t\t<i aria-hidden=\"true\" class=\"fab fa-youtube\"><\/i>\t\t\t\t\t<\/a>\n\t\t\t\t<\/span>\n\t\t\t\t\t<\/div>\n\t\t\t\t\t\t<\/div>\n\t\t\t\t<\/div>\n\t\t\t\t<div class=\"elementor-element elementor-element-ad9beca elementor-widget elementor-widget-spacer\" data-id=\"ad9beca\" data-element_type=\"widget\" data-e-type=\"widget\" data-widget_type=\"spacer.default\">\n\t\t\t\t<div class=\"elementor-widget-container\">\n\t\t\t\t\t\t\t<div class=\"elementor-spacer\">\n\t\t\t<div class=\"elementor-spacer-inner\"><\/div>\n\t\t<\/div>\n\t\t\t\t\t\t<\/div>\n\t\t\t\t<\/div>\n\t\t\t\t\t<\/div>\n\t\t<\/div>\n\t\t\t\t\t<\/div>\n\t\t<\/section>\n\t\t\t\t<\/div>\n\t\t","protected":false},"excerpt":{"rendered":"<p>Yeni ba\u015flat\u0131lan Horizon 2020 projesi,iklim fark\u0131ndal\u0131\u011f\u0131 ile bireysel eylem aras\u0131ndaki a\u00e7\u0131\u011f\u0131 kapat\u0131yor.PSLifestyle; sekiz Avrupa \u00fclkesindeki bireyler ile derin bir ili\u015fki kurup onlar\u0131 pozitif, s\u00fcrd\u00fcr\u00fclebilir ve daha sa\u011fl\u0131kl\u0131 bir ya\u015fam tarz\u0131 benimsemeleri konusunda harekete ge\u00e7irmeyi ve b\u00f6ylece bu bireylerin \u00e7evre \u00fczerindeki etkilerini azaltmaya yard\u0131mc\u0131 olmay\u0131 ama\u00e7l\u0131yor&#8230;.<\/p>\n","protected":false},"author":1,"featured_media":0,"parent":0,"menu_order":0,"comment_status":"closed","ping_status":"closed","template":"full_width.php","meta":{"footnotes":""},"class_list":["post-2752","page","type-page","status-publish","hentry"],"yoast_head":"<!-- This site is optimized with the Yoast SEO plugin v27.5 - https:\/\/yoast.com\/product\/yoast-seo-wordpress\/ -->\n<title>PSLifestyle - Bas\u0131n B\u00fclteni - Zeytince<\/title>\n<meta name=\"robots\" content=\"index, follow, max-snippet:-1, max-image-preview:large, max-video-preview:-1\" \/>\n<link rel=\"canonical\" href=\"https:\/\/zeytince.org\/en\/pslifestyle-basin-bulteni\/\" \/>\n<meta property=\"og:locale\" content=\"en_US\" \/>\n<meta property=\"og:type\" content=\"article\" \/>\n<meta property=\"og:title\" content=\"PSLifestyle - Bas\u0131n B\u00fclteni - Zeytince\" \/>\n<meta property=\"og:description\" content=\"Yeni ba\u015flat\u0131lan Horizon 2020 projesi,iklim fark\u0131ndal\u0131\u011f\u0131 ile bireysel eylem aras\u0131ndaki a\u00e7\u0131\u011f\u0131 kapat\u0131yor.PSLifestyle; sekiz Avrupa \u00fclkesindeki bireyler ile derin bir ili\u015fki kurup onlar\u0131 pozitif, s\u00fcrd\u00fcr\u00fclebilir ve daha sa\u011fl\u0131kl\u0131 bir ya\u015fam tarz\u0131 benimsemeleri konusunda harekete ge\u00e7irmeyi ve b\u00f6ylece bu bireylerin \u00e7evre \u00fczerindeki etkilerini azaltmaya yard\u0131mc\u0131 olmay\u0131 ama\u00e7l\u0131yor....\" \/>\n<meta property=\"og:url\" content=\"https:\/\/zeytince.org\/en\/pslifestyle-basin-bulteni\/\" \/>\n<meta property=\"og:site_name\" content=\"Zeytince\" \/>\n<meta property=\"article:publisher\" content=\"https:\/\/www.facebook.com\/ZeytinceDernegi\/\" \/>\n<meta property=\"article:modified_time\" content=\"2022-03-16T14:17:00+00:00\" \/>\n<meta name=\"twitter:card\" content=\"summary_large_image\" \/>\n<meta name=\"twitter:site\" content=\"@zeytincedernegi\" \/>\n<meta name=\"twitter:label1\" content=\"Est. reading time\" \/>\n\t<meta name=\"twitter:data1\" content=\"2 minutes\" \/>\n<script type=\"application\/ld+json\" class=\"yoast-schema-graph\">{\"@context\":\"https:\\\/\\\/schema.org\",\"@graph\":[{\"@type\":\"WebPage\",\"@id\":\"https:\\\/\\\/zeytince.org\\\/en\\\/pslifestyle-basin-bulteni\\\/\",\"url\":\"https:\\\/\\\/zeytince.org\\\/en\\\/pslifestyle-basin-bulteni\\\/\",\"name\":\"PSLifestyle - Bas\u0131n B\u00fclteni - Zeytince\",\"isPartOf\":{\"@id\":\"https:\\\/\\\/zeytince.org\\\/#website\"},\"datePublished\":\"2022-03-07T13:17:46+00:00\",\"dateModified\":\"2022-03-16T14:17:00+00:00\",\"breadcrumb\":{\"@id\":\"https:\\\/\\\/zeytince.org\\\/en\\\/pslifestyle-basin-bulteni\\\/#breadcrumb\"},\"inLanguage\":\"en-US\",\"potentialAction\":[{\"@type\":\"ReadAction\",\"target\":[\"https:\\\/\\\/zeytince.org\\\/en\\\/pslifestyle-basin-bulteni\\\/\"]}]},{\"@type\":\"BreadcrumbList\",\"@id\":\"https:\\\/\\\/zeytince.org\\\/en\\\/pslifestyle-basin-bulteni\\\/#breadcrumb\",\"itemListElement\":[{\"@type\":\"ListItem\",\"position\":1,\"name\":\"Anasayfa\",\"item\":\"https:\\\/\\\/zeytince.org\\\/en\\\/\"},{\"@type\":\"ListItem\",\"position\":2,\"name\":\"PSLifestyle &#8211; Bas\u0131n B\u00fclteni\"}]},{\"@type\":\"WebSite\",\"@id\":\"https:\\\/\\\/zeytince.org\\\/#website\",\"url\":\"https:\\\/\\\/zeytince.org\\\/\",\"name\":\"Zeytince\",\"description\":\"Zeytince Ekolojik Ya\u015fam\u0131 Destekleme Derne\u011fi\",\"publisher\":{\"@id\":\"https:\\\/\\\/zeytince.org\\\/#organization\"},\"potentialAction\":[{\"@type\":\"SearchAction\",\"target\":{\"@type\":\"EntryPoint\",\"urlTemplate\":\"https:\\\/\\\/zeytince.org\\\/?s={search_term_string}\"},\"query-input\":{\"@type\":\"PropertyValueSpecification\",\"valueRequired\":true,\"valueName\":\"search_term_string\"}}],\"inLanguage\":\"en-US\"},{\"@type\":\"Organization\",\"@id\":\"https:\\\/\\\/zeytince.org\\\/#organization\",\"name\":\"Zeytince | Ekolojik Ya\u015fam\u0131 Destekleme Derne\u011fi\",\"url\":\"https:\\\/\\\/zeytince.org\\\/\",\"logo\":{\"@type\":\"ImageObject\",\"inLanguage\":\"en-US\",\"@id\":\"https:\\\/\\\/zeytince.org\\\/#\\\/schema\\\/logo\\\/image\\\/\",\"url\":\"https:\\\/\\\/zeytince.org\\\/wp-content\\\/uploads\\\/2022\\\/03\\\/zeytince-logo.png\",\"contentUrl\":\"https:\\\/\\\/zeytince.org\\\/wp-content\\\/uploads\\\/2022\\\/03\\\/zeytince-logo.png\",\"width\":746,\"height\":808,\"caption\":\"Zeytince | Ekolojik Ya\u015fam\u0131 Destekleme Derne\u011fi\"},\"image\":{\"@id\":\"https:\\\/\\\/zeytince.org\\\/#\\\/schema\\\/logo\\\/image\\\/\"},\"sameAs\":[\"https:\\\/\\\/www.facebook.com\\\/ZeytinceDernegi\\\/\",\"https:\\\/\\\/x.com\\\/zeytincedernegi\",\"https:\\\/\\\/www.instagram.com\\\/zeytincedernegi\\\/\",\"https:\\\/\\\/www.linkedin.com\\\/company\\\/zeytince\"]}]}<\/script>\n<!-- \/ Yoast SEO plugin. -->","yoast_head_json":{"title":"PSLifestyle - Bas\u0131n B\u00fclteni - Zeytince","robots":{"index":"index","follow":"follow","max-snippet":"max-snippet:-1","max-image-preview":"max-image-preview:large","max-video-preview":"max-video-preview:-1"},"canonical":"https:\/\/zeytince.org\/en\/pslifestyle-basin-bulteni\/","og_locale":"en_US","og_type":"article","og_title":"PSLifestyle - Bas\u0131n B\u00fclteni - Zeytince","og_description":"Yeni ba\u015flat\u0131lan Horizon 2020 projesi,iklim fark\u0131ndal\u0131\u011f\u0131 ile bireysel eylem aras\u0131ndaki a\u00e7\u0131\u011f\u0131 kapat\u0131yor.PSLifestyle; sekiz Avrupa \u00fclkesindeki bireyler ile derin bir ili\u015fki kurup onlar\u0131 pozitif, s\u00fcrd\u00fcr\u00fclebilir ve daha sa\u011fl\u0131kl\u0131 bir ya\u015fam tarz\u0131 benimsemeleri konusunda harekete ge\u00e7irmeyi ve b\u00f6ylece bu bireylerin \u00e7evre \u00fczerindeki etkilerini azaltmaya yard\u0131mc\u0131 olmay\u0131 ama\u00e7l\u0131yor....","og_url":"https:\/\/zeytince.org\/en\/pslifestyle-basin-bulteni\/","og_site_name":"Zeytince","article_publisher":"https:\/\/www.facebook.com\/ZeytinceDernegi\/","article_modified_time":"2022-03-16T14:17:00+00:00","twitter_card":"summary_large_image","twitter_site":"@zeytincedernegi","twitter_misc":{"Est. reading time":"2 minutes"},"schema":{"@context":"https:\/\/schema.org","@graph":[{"@type":"WebPage","@id":"https:\/\/zeytince.org\/en\/pslifestyle-basin-bulteni\/","url":"https:\/\/zeytince.org\/en\/pslifestyle-basin-bulteni\/","name":"PSLifestyle - Bas\u0131n B\u00fclteni - Zeytince","isPartOf":{"@id":"https:\/\/zeytince.org\/#website"},"datePublished":"2022-03-07T13:17:46+00:00","dateModified":"2022-03-16T14:17:00+00:00","breadcrumb":{"@id":"https:\/\/zeytince.org\/en\/pslifestyle-basin-bulteni\/#breadcrumb"},"inLanguage":"en-US","potentialAction":[{"@type":"ReadAction","target":["https:\/\/zeytince.org\/en\/pslifestyle-basin-bulteni\/"]}]},{"@type":"BreadcrumbList","@id":"https:\/\/zeytince.org\/en\/pslifestyle-basin-bulteni\/#breadcrumb","itemListElement":[{"@type":"ListItem","position":1,"name":"Anasayfa","item":"https:\/\/zeytince.org\/en\/"},{"@type":"ListItem","position":2,"name":"PSLifestyle &#8211; Bas\u0131n B\u00fclteni"}]},{"@type":"WebSite","@id":"https:\/\/zeytince.org\/#website","url":"https:\/\/zeytince.org\/","name":"Zeytince","description":"Zeytince Ekolojik Ya\u015fam\u0131 Destekleme Derne\u011fi","publisher":{"@id":"https:\/\/zeytince.org\/#organization"},"potentialAction":[{"@type":"SearchAction","target":{"@type":"EntryPoint","urlTemplate":"https:\/\/zeytince.org\/?s={search_term_string}"},"query-input":{"@type":"PropertyValueSpecification","valueRequired":true,"valueName":"search_term_string"}}],"inLanguage":"en-US"},{"@type":"Organization","@id":"https:\/\/zeytince.org\/#organization","name":"Zeytince | Ekolojik Ya\u015fam\u0131 Destekleme Derne\u011fi","url":"https:\/\/zeytince.org\/","logo":{"@type":"ImageObject","inLanguage":"en-US","@id":"https:\/\/zeytince.org\/#\/schema\/logo\/image\/","url":"https:\/\/zeytince.org\/wp-content\/uploads\/2022\/03\/zeytince-logo.png","contentUrl":"https:\/\/zeytince.org\/wp-content\/uploads\/2022\/03\/zeytince-logo.png","width":746,"height":808,"caption":"Zeytince | Ekolojik Ya\u015fam\u0131 Destekleme Derne\u011fi"},"image":{"@id":"https:\/\/zeytince.org\/#\/schema\/logo\/image\/"},"sameAs":["https:\/\/www.facebook.com\/ZeytinceDernegi\/","https:\/\/x.com\/zeytincedernegi","https:\/\/www.instagram.com\/zeytincedernegi\/","https:\/\/www.linkedin.com\/company\/zeytince"]}]}},"_links":{"self":[{"href":"https:\/\/zeytince.org\/en\/wp-json\/wp\/v2\/pages\/2752","targetHints":{"allow":["GET"]}}],"collection":[{"href":"https:\/\/zeytince.org\/en\/wp-json\/wp\/v2\/pages"}],"about":[{"href":"https:\/\/zeytince.org\/en\/wp-json\/wp\/v2\/types\/page"}],"author":[{"embeddable":true,"href":"https:\/\/zeytince.org\/en\/wp-json\/wp\/v2\/users\/1"}],"replies":[{"embeddable":true,"href":"https:\/\/zeytince.org\/en\/wp-json\/wp\/v2\/comments?post=2752"}],"version-history":[{"count":0,"href":"https:\/\/zeytince.org\/en\/wp-json\/wp\/v2\/pages\/2752\/revisions"}],"wp:attachment":[{"href":"https:\/\/zeytince.org\/en\/wp-json\/wp\/v2\/media?parent=2752"}],"curies":[{"name":"wp","href":"https:\/\/api.w.org\/{rel}","templated":true}]}}