{"id":2758,"date":"2022-02-24T13:26:53","date_gmt":"2022-02-24T10:26:53","guid":{"rendered":"https:\/\/zeytince.org\/tramp-kitchen-aylak-mutfak-projesi\/"},"modified":"2022-03-30T15:17:36","modified_gmt":"2022-03-30T12:17:36","slug":"tramp-kitchen-project","status":"publish","type":"page","link":"https:\/\/zeytince.org\/en\/tramp-kitchen-project\/","title":{"rendered":"Tramp Kitchen Project"},"content":{"rendered":"\t\t<div data-elementor-type=\"wp-page\" data-elementor-id=\"2758\" class=\"elementor elementor-2758\">\n\t\t\t\t\t\t<section class=\"elementor-section elementor-top-section elementor-element elementor-element-cf4b69a elementor-section-boxed elementor-section-height-default elementor-section-height-default parallax_section_no qode_elementor_container_no\" data-id=\"cf4b69a\" data-element_type=\"section\" data-e-type=\"section\">\n\t\t\t\t\t\t<div class=\"elementor-container elementor-column-gap-default\">\n\t\t\t\t\t<div class=\"elementor-column elementor-col-100 elementor-top-column elementor-element elementor-element-6270c5f\" data-id=\"6270c5f\" data-element_type=\"column\" data-e-type=\"column\">\n\t\t\t<div class=\"elementor-widget-wrap elementor-element-populated\">\n\t\t\t\t\t\t<div class=\"elementor-element elementor-element-e2bf1e0 elementor-widget elementor-widget-text-editor\" data-id=\"e2bf1e0\" data-element_type=\"widget\" data-e-type=\"widget\" data-widget_type=\"text-editor.default\">\n\t\t\t\t<div class=\"elementor-widget-container\">\n\t\t\t\t\t\t\t\t\t<p style=\"text-align: center;\"><em><strong>Movement for common, sustainable and equitable food<\/strong><\/em><\/p>\t\t\t\t\t\t\t\t<\/div>\n\t\t\t\t<\/div>\n\t\t\t\t\t<\/div>\n\t\t<\/div>\n\t\t\t\t\t<\/div>\n\t\t<\/section>\n\t\t\t\t<section class=\"elementor-section elementor-top-section elementor-element elementor-element-f083d05 elementor-section-boxed elementor-section-height-default elementor-section-height-default parallax_section_no qode_elementor_container_no\" data-id=\"f083d05\" data-element_type=\"section\" data-e-type=\"section\">\n\t\t\t\t\t\t<div class=\"elementor-container elementor-column-gap-default\">\n\t\t\t\t\t<div class=\"elementor-column elementor-col-100 elementor-top-column elementor-element elementor-element-eae03df\" data-id=\"eae03df\" data-element_type=\"column\" data-e-type=\"column\">\n\t\t\t<div class=\"elementor-widget-wrap elementor-element-populated\">\n\t\t\t\t\t\t<div class=\"elementor-element elementor-element-d4d250d elementor-widget elementor-widget-image\" data-id=\"d4d250d\" data-element_type=\"widget\" data-e-type=\"widget\" data-widget_type=\"image.default\">\n\t\t\t\t<div class=\"elementor-widget-container\">\n\t\t\t\t\t\t\t\t\t\t\t\t\t\t\t<img fetchpriority=\"high\" decoding=\"async\" width=\"512\" height=\"165\" src=\"https:\/\/zeytince.org\/wp-content\/uploads\/2022\/02\/unnamed-4.png\" class=\"attachment-large size-large wp-image-1928\" alt=\"\" srcset=\"https:\/\/zeytince.org\/wp-content\/uploads\/2022\/02\/unnamed-4.png 512w, https:\/\/zeytince.org\/wp-content\/uploads\/2022\/02\/unnamed-4-300x97.png 300w\" sizes=\"(max-width: 512px) 100vw, 512px\" \/>\t\t\t\t\t\t\t\t\t\t\t\t\t\t\t<\/div>\n\t\t\t\t<\/div>\n\t\t\t\t<div class=\"elementor-element elementor-element-8ef6436 elementor-widget elementor-widget-image\" data-id=\"8ef6436\" data-element_type=\"widget\" data-e-type=\"widget\" data-widget_type=\"image.default\">\n\t\t\t\t<div class=\"elementor-widget-container\">\n\t\t\t\t\t\t\t\t\t\t\t\t\t\t\t<img decoding=\"async\" width=\"512\" height=\"232\" src=\"https:\/\/zeytince.org\/wp-content\/uploads\/2022\/02\/unnamed-1-1.png\" class=\"attachment-large size-large wp-image-1927\" alt=\"\" srcset=\"https:\/\/zeytince.org\/wp-content\/uploads\/2022\/02\/unnamed-1-1.png 512w, https:\/\/zeytince.org\/wp-content\/uploads\/2022\/02\/unnamed-1-1-300x136.png 300w\" sizes=\"(max-width: 512px) 100vw, 512px\" \/>\t\t\t\t\t\t\t\t\t\t\t\t\t\t\t<\/div>\n\t\t\t\t<\/div>\n\t\t\t\t\t<\/div>\n\t\t<\/div>\n\t\t\t\t\t<\/div>\n\t\t<\/section>\n\t\t\t\t<section class=\"elementor-section elementor-top-section elementor-element elementor-element-7f4e5e1 elementor-section-boxed elementor-section-height-default elementor-section-height-default parallax_section_no qode_elementor_container_no\" data-id=\"7f4e5e1\" data-element_type=\"section\" data-e-type=\"section\">\n\t\t\t\t\t\t<div class=\"elementor-container elementor-column-gap-default\">\n\t\t\t\t\t<div class=\"elementor-column elementor-col-100 elementor-top-column elementor-element elementor-element-a8f7b02\" data-id=\"a8f7b02\" data-element_type=\"column\" data-e-type=\"column\">\n\t\t\t<div class=\"elementor-widget-wrap elementor-element-populated\">\n\t\t\t\t\t\t<div class=\"elementor-element elementor-element-3501e6d elementor-widget elementor-widget-text-editor\" data-id=\"3501e6d\" data-element_type=\"widget\" data-e-type=\"widget\" data-widget_type=\"text-editor.default\">\n\t\t\t\t<div class=\"elementor-widget-container\">\n\t\t\t\t\t\t\t\t\t<p>Tramp Kitchen (Aylak Mutfak) sets out with the belief that a sustainable and equitable delivery of food from seed to table is possible with a joint action, and that advocacy and awareness activities should be carried out by bringing local actors together. Our goal is to create a grassroots food movement that includes all food actors in the city, sharing knowledge and experience. Tramp Kitchen (Aylak Mutfak) takes its &#8220;name&#8221; from being a traveler who thinks about and observes the city and feeds on the city. At the same time, it focuses on discovering the resolution and determination of nature in its cycle, with the slowness, wisdom and witnessing of a turtle.<\/p><p style=\"text-align: center;\">It is funded under the Actors of Urban Change (ACT) program, which supports actors in different cities to start a movement about the problems they identify with their cities.<br \/><br \/><\/p><p><iframe title=\"YouTube video player\" src=\"https:\/\/www.youtube.com\/embed\/wFmPAqfghho\" width=\"560\" height=\"315\" frameborder=\"0\" allowfullscreen=\"allowfullscreen\"><\/iframe><\/p><p style=\"text-align: center;\"><span style=\"color: #99cc00;\"><br \/><a style=\"color: #99cc00;\" href=\"https:\/\/www.actorsofurbanchange.org\/projects\/tramp-kitchen\/\" target=\"_blank\" rel=\"noopener\">actorsofurbanchange.org &gt;&gt;<\/a><br \/><\/span><br \/><span style=\"color: #99cc00;\"><a style=\"color: #99cc00;\" href=\"https:\/\/ekoiq.com\/2021\/07\/27\/ortak-sorunlar-topluluklarin-ortak-hareketleriyle-onarilabilir\/\" target=\"_blank\" rel=\"noopener\">ekoiq.com &gt;&gt;<\/a><\/span><\/p>\t\t\t\t\t\t\t\t<\/div>\n\t\t\t\t<\/div>\n\t\t\t\t<div class=\"elementor-element elementor-element-5be6788 elementor-shape-circle elementor-grid-0 e-grid-align-center elementor-widget elementor-widget-social-icons\" data-id=\"5be6788\" data-element_type=\"widget\" data-e-type=\"widget\" data-widget_type=\"social-icons.default\">\n\t\t\t\t<div class=\"elementor-widget-container\">\n\t\t\t\t\t\t\t<div class=\"elementor-social-icons-wrapper elementor-grid\" role=\"list\">\n\t\t\t\t\t\t\t<span class=\"elementor-grid-item\" role=\"listitem\">\n\t\t\t\t\t<a class=\"elementor-icon elementor-social-icon elementor-social-icon-facebook elementor-repeater-item-7c4bf89\" href=\"https:\/\/www.facebook.com\/trampkitchen\/\" target=\"_blank\">\n\t\t\t\t\t\t<span class=\"elementor-screen-only\">Facebook<\/span>\n\t\t\t\t\t\t<i aria-hidden=\"true\" class=\"fab fa-facebook\"><\/i>\t\t\t\t\t<\/a>\n\t\t\t\t<\/span>\n\t\t\t\t\t\t\t<span class=\"elementor-grid-item\" role=\"listitem\">\n\t\t\t\t\t<a class=\"elementor-icon elementor-social-icon elementor-social-icon-instagram elementor-repeater-item-aa58f71\" href=\"https:\/\/www.instagram.com\/trampkitchen\/\" target=\"_blank\">\n\t\t\t\t\t\t<span class=\"elementor-screen-only\">Instagram<\/span>\n\t\t\t\t\t\t<i aria-hidden=\"true\" class=\"fab fa-instagram\"><\/i>\t\t\t\t\t<\/a>\n\t\t\t\t<\/span>\n\t\t\t\t\t<\/div>\n\t\t\t\t\t\t<\/div>\n\t\t\t\t<\/div>\n\t\t\t\t<div class=\"elementor-element elementor-element-3172c40 elementor-widget elementor-widget-spacer\" data-id=\"3172c40\" data-element_type=\"widget\" data-e-type=\"widget\" data-widget_type=\"spacer.default\">\n\t\t\t\t<div class=\"elementor-widget-container\">\n\t\t\t\t\t\t\t<div class=\"elementor-spacer\">\n\t\t\t<div class=\"elementor-spacer-inner\"><\/div>\n\t\t<\/div>\n\t\t\t\t\t\t<\/div>\n\t\t\t\t<\/div>\n\t\t\t\t\t<\/div>\n\t\t<\/div>\n\t\t\t\t\t<\/div>\n\t\t<\/section>\n\t\t\t\t<\/div>\n\t\t","protected":false},"excerpt":{"rendered":"<p>Movement for common, sustainable and equitable food Tramp Kitchen (Aylak Mutfak) sets out with the belief that a sustainable and equitable delivery of food from seed to table is possible with a joint action, and that advocacy and awareness activities should be carried out by&#8230;<\/p>\n","protected":false},"author":1,"featured_media":0,"parent":0,"menu_order":0,"comment_status":"closed","ping_status":"closed","template":"full_width.php","meta":{"footnotes":""},"class_list":["post-2758","page","type-page","status-publish","hentry"],"yoast_head":"<!-- This site is optimized with the Yoast SEO plugin v27.5 - https:\/\/yoast.com\/product\/yoast-seo-wordpress\/ -->\n<title>Tramp Kitchen Project - Zeytince<\/title>\n<meta name=\"robots\" content=\"index, follow, max-snippet:-1, max-image-preview:large, max-video-preview:-1\" \/>\n<link rel=\"canonical\" href=\"https:\/\/zeytince.org\/en\/tramp-kitchen-project\/\" \/>\n<meta property=\"og:locale\" content=\"en_US\" \/>\n<meta property=\"og:type\" content=\"article\" \/>\n<meta property=\"og:title\" content=\"Tramp Kitchen Project - Zeytince\" \/>\n<meta property=\"og:description\" content=\"Movement for common, sustainable and equitable food Tramp Kitchen (Aylak Mutfak) sets out with the belief that a sustainable and equitable delivery of food from seed to table is possible with a joint action, and that advocacy and awareness activities should be carried out by...\" \/>\n<meta property=\"og:url\" content=\"https:\/\/zeytince.org\/en\/tramp-kitchen-project\/\" \/>\n<meta property=\"og:site_name\" content=\"Zeytince\" \/>\n<meta property=\"article:publisher\" content=\"https:\/\/www.facebook.com\/ZeytinceDernegi\/\" \/>\n<meta property=\"article:modified_time\" content=\"2022-03-30T12:17:36+00:00\" \/>\n<meta property=\"og:image\" content=\"https:\/\/zeytince.org\/wp-content\/uploads\/2022\/02\/unnamed-4.png\" \/>\n<meta name=\"twitter:card\" content=\"summary_large_image\" \/>\n<meta name=\"twitter:site\" content=\"@zeytincedernegi\" \/>\n<meta name=\"twitter:label1\" content=\"Est. reading time\" \/>\n\t<meta name=\"twitter:data1\" content=\"1 minute\" \/>\n<script type=\"application\/ld+json\" class=\"yoast-schema-graph\">{\"@context\":\"https:\\\/\\\/schema.org\",\"@graph\":[{\"@type\":\"WebPage\",\"@id\":\"https:\\\/\\\/zeytince.org\\\/en\\\/tramp-kitchen-project\\\/\",\"url\":\"https:\\\/\\\/zeytince.org\\\/en\\\/tramp-kitchen-project\\\/\",\"name\":\"Tramp Kitchen Project - Zeytince\",\"isPartOf\":{\"@id\":\"https:\\\/\\\/zeytince.org\\\/#website\"},\"primaryImageOfPage\":{\"@id\":\"https:\\\/\\\/zeytince.org\\\/en\\\/tramp-kitchen-project\\\/#primaryimage\"},\"image\":{\"@id\":\"https:\\\/\\\/zeytince.org\\\/en\\\/tramp-kitchen-project\\\/#primaryimage\"},\"thumbnailUrl\":\"https:\\\/\\\/zeytince.org\\\/wp-content\\\/uploads\\\/2022\\\/02\\\/unnamed-4.png\",\"datePublished\":\"2022-02-24T10:26:53+00:00\",\"dateModified\":\"2022-03-30T12:17:36+00:00\",\"breadcrumb\":{\"@id\":\"https:\\\/\\\/zeytince.org\\\/en\\\/tramp-kitchen-project\\\/#breadcrumb\"},\"inLanguage\":\"en-US\",\"potentialAction\":[{\"@type\":\"ReadAction\",\"target\":[\"https:\\\/\\\/zeytince.org\\\/en\\\/tramp-kitchen-project\\\/\"]}]},{\"@type\":\"ImageObject\",\"inLanguage\":\"en-US\",\"@id\":\"https:\\\/\\\/zeytince.org\\\/en\\\/tramp-kitchen-project\\\/#primaryimage\",\"url\":\"https:\\\/\\\/zeytince.org\\\/wp-content\\\/uploads\\\/2022\\\/02\\\/unnamed-4.png\",\"contentUrl\":\"https:\\\/\\\/zeytince.org\\\/wp-content\\\/uploads\\\/2022\\\/02\\\/unnamed-4.png\"},{\"@type\":\"BreadcrumbList\",\"@id\":\"https:\\\/\\\/zeytince.org\\\/en\\\/tramp-kitchen-project\\\/#breadcrumb\",\"itemListElement\":[{\"@type\":\"ListItem\",\"position\":1,\"name\":\"Anasayfa\",\"item\":\"https:\\\/\\\/zeytince.org\\\/en\\\/\"},{\"@type\":\"ListItem\",\"position\":2,\"name\":\"Tramp Kitchen Project\"}]},{\"@type\":\"WebSite\",\"@id\":\"https:\\\/\\\/zeytince.org\\\/#website\",\"url\":\"https:\\\/\\\/zeytince.org\\\/\",\"name\":\"Zeytince\",\"description\":\"Zeytince Ekolojik Ya\u015fam\u0131 Destekleme Derne\u011fi\",\"publisher\":{\"@id\":\"https:\\\/\\\/zeytince.org\\\/#organization\"},\"potentialAction\":[{\"@type\":\"SearchAction\",\"target\":{\"@type\":\"EntryPoint\",\"urlTemplate\":\"https:\\\/\\\/zeytince.org\\\/?s={search_term_string}\"},\"query-input\":{\"@type\":\"PropertyValueSpecification\",\"valueRequired\":true,\"valueName\":\"search_term_string\"}}],\"inLanguage\":\"en-US\"},{\"@type\":\"Organization\",\"@id\":\"https:\\\/\\\/zeytince.org\\\/#organization\",\"name\":\"Zeytince | Ekolojik Ya\u015fam\u0131 Destekleme Derne\u011fi\",\"url\":\"https:\\\/\\\/zeytince.org\\\/\",\"logo\":{\"@type\":\"ImageObject\",\"inLanguage\":\"en-US\",\"@id\":\"https:\\\/\\\/zeytince.org\\\/#\\\/schema\\\/logo\\\/image\\\/\",\"url\":\"https:\\\/\\\/zeytince.org\\\/wp-content\\\/uploads\\\/2022\\\/03\\\/zeytince-logo.png\",\"contentUrl\":\"https:\\\/\\\/zeytince.org\\\/wp-content\\\/uploads\\\/2022\\\/03\\\/zeytince-logo.png\",\"width\":746,\"height\":808,\"caption\":\"Zeytince | Ekolojik Ya\u015fam\u0131 Destekleme Derne\u011fi\"},\"image\":{\"@id\":\"https:\\\/\\\/zeytince.org\\\/#\\\/schema\\\/logo\\\/image\\\/\"},\"sameAs\":[\"https:\\\/\\\/www.facebook.com\\\/ZeytinceDernegi\\\/\",\"https:\\\/\\\/x.com\\\/zeytincedernegi\",\"https:\\\/\\\/www.instagram.com\\\/zeytincedernegi\\\/\",\"https:\\\/\\\/www.linkedin.com\\\/company\\\/zeytince\"]}]}<\/script>\n<!-- \/ Yoast SEO plugin. -->","yoast_head_json":{"title":"Tramp Kitchen Project - Zeytince","robots":{"index":"index","follow":"follow","max-snippet":"max-snippet:-1","max-image-preview":"max-image-preview:large","max-video-preview":"max-video-preview:-1"},"canonical":"https:\/\/zeytince.org\/en\/tramp-kitchen-project\/","og_locale":"en_US","og_type":"article","og_title":"Tramp Kitchen Project - Zeytince","og_description":"Movement for common, sustainable and equitable food Tramp Kitchen (Aylak Mutfak) sets out with the belief that a sustainable and equitable delivery of food from seed to table is possible with a joint action, and that advocacy and awareness activities should be carried out by...","og_url":"https:\/\/zeytince.org\/en\/tramp-kitchen-project\/","og_site_name":"Zeytince","article_publisher":"https:\/\/www.facebook.com\/ZeytinceDernegi\/","article_modified_time":"2022-03-30T12:17:36+00:00","og_image":[{"url":"https:\/\/zeytince.org\/wp-content\/uploads\/2022\/02\/unnamed-4.png","type":"","width":"","height":""}],"twitter_card":"summary_large_image","twitter_site":"@zeytincedernegi","twitter_misc":{"Est. reading time":"1 minute"},"schema":{"@context":"https:\/\/schema.org","@graph":[{"@type":"WebPage","@id":"https:\/\/zeytince.org\/en\/tramp-kitchen-project\/","url":"https:\/\/zeytince.org\/en\/tramp-kitchen-project\/","name":"Tramp Kitchen Project - Zeytince","isPartOf":{"@id":"https:\/\/zeytince.org\/#website"},"primaryImageOfPage":{"@id":"https:\/\/zeytince.org\/en\/tramp-kitchen-project\/#primaryimage"},"image":{"@id":"https:\/\/zeytince.org\/en\/tramp-kitchen-project\/#primaryimage"},"thumbnailUrl":"https:\/\/zeytince.org\/wp-content\/uploads\/2022\/02\/unnamed-4.png","datePublished":"2022-02-24T10:26:53+00:00","dateModified":"2022-03-30T12:17:36+00:00","breadcrumb":{"@id":"https:\/\/zeytince.org\/en\/tramp-kitchen-project\/#breadcrumb"},"inLanguage":"en-US","potentialAction":[{"@type":"ReadAction","target":["https:\/\/zeytince.org\/en\/tramp-kitchen-project\/"]}]},{"@type":"ImageObject","inLanguage":"en-US","@id":"https:\/\/zeytince.org\/en\/tramp-kitchen-project\/#primaryimage","url":"https:\/\/zeytince.org\/wp-content\/uploads\/2022\/02\/unnamed-4.png","contentUrl":"https:\/\/zeytince.org\/wp-content\/uploads\/2022\/02\/unnamed-4.png"},{"@type":"BreadcrumbList","@id":"https:\/\/zeytince.org\/en\/tramp-kitchen-project\/#breadcrumb","itemListElement":[{"@type":"ListItem","position":1,"name":"Anasayfa","item":"https:\/\/zeytince.org\/en\/"},{"@type":"ListItem","position":2,"name":"Tramp Kitchen Project"}]},{"@type":"WebSite","@id":"https:\/\/zeytince.org\/#website","url":"https:\/\/zeytince.org\/","name":"Zeytince","description":"Zeytince Ekolojik Ya\u015fam\u0131 Destekleme Derne\u011fi","publisher":{"@id":"https:\/\/zeytince.org\/#organization"},"potentialAction":[{"@type":"SearchAction","target":{"@type":"EntryPoint","urlTemplate":"https:\/\/zeytince.org\/?s={search_term_string}"},"query-input":{"@type":"PropertyValueSpecification","valueRequired":true,"valueName":"search_term_string"}}],"inLanguage":"en-US"},{"@type":"Organization","@id":"https:\/\/zeytince.org\/#organization","name":"Zeytince | Ekolojik Ya\u015fam\u0131 Destekleme Derne\u011fi","url":"https:\/\/zeytince.org\/","logo":{"@type":"ImageObject","inLanguage":"en-US","@id":"https:\/\/zeytince.org\/#\/schema\/logo\/image\/","url":"https:\/\/zeytince.org\/wp-content\/uploads\/2022\/03\/zeytince-logo.png","contentUrl":"https:\/\/zeytince.org\/wp-content\/uploads\/2022\/03\/zeytince-logo.png","width":746,"height":808,"caption":"Zeytince | Ekolojik Ya\u015fam\u0131 Destekleme Derne\u011fi"},"image":{"@id":"https:\/\/zeytince.org\/#\/schema\/logo\/image\/"},"sameAs":["https:\/\/www.facebook.com\/ZeytinceDernegi\/","https:\/\/x.com\/zeytincedernegi","https:\/\/www.instagram.com\/zeytincedernegi\/","https:\/\/www.linkedin.com\/company\/zeytince"]}]}},"_links":{"self":[{"href":"https:\/\/zeytince.org\/en\/wp-json\/wp\/v2\/pages\/2758","targetHints":{"allow":["GET"]}}],"collection":[{"href":"https:\/\/zeytince.org\/en\/wp-json\/wp\/v2\/pages"}],"about":[{"href":"https:\/\/zeytince.org\/en\/wp-json\/wp\/v2\/types\/page"}],"author":[{"embeddable":true,"href":"https:\/\/zeytince.org\/en\/wp-json\/wp\/v2\/users\/1"}],"replies":[{"embeddable":true,"href":"https:\/\/zeytince.org\/en\/wp-json\/wp\/v2\/comments?post=2758"}],"version-history":[{"count":0,"href":"https:\/\/zeytince.org\/en\/wp-json\/wp\/v2\/pages\/2758\/revisions"}],"wp:attachment":[{"href":"https:\/\/zeytince.org\/en\/wp-json\/wp\/v2\/media?parent=2758"}],"curies":[{"name":"wp","href":"https:\/\/api.w.org\/{rel}","templated":true}]}}