{"id":2766,"date":"2022-02-24T14:25:48","date_gmt":"2022-02-24T11:25:48","guid":{"rendered":"https:\/\/zeytince.org\/zeytin-okulu-projesi\/"},"modified":"2022-03-28T13:55:50","modified_gmt":"2022-03-28T10:55:50","slug":"zeytin-school-project","status":"publish","type":"page","link":"https:\/\/zeytince.org\/en\/zeytin-school-project\/","title":{"rendered":"Olive Academy Project"},"content":{"rendered":"\t\t<div data-elementor-type=\"wp-page\" data-elementor-id=\"2766\" class=\"elementor elementor-2766\">\n\t\t\t\t\t\t<section class=\"elementor-section elementor-top-section elementor-element elementor-element-cf4b69a elementor-section-boxed elementor-section-height-default elementor-section-height-default parallax_section_no qode_elementor_container_no\" data-id=\"cf4b69a\" data-element_type=\"section\" data-e-type=\"section\">\n\t\t\t\t\t\t<div class=\"elementor-container elementor-column-gap-default\">\n\t\t\t\t\t<div class=\"elementor-column elementor-col-100 elementor-top-column elementor-element elementor-element-6270c5f\" data-id=\"6270c5f\" data-element_type=\"column\" data-e-type=\"column\">\n\t\t\t<div class=\"elementor-widget-wrap elementor-element-populated\">\n\t\t\t\t\t\t<div class=\"elementor-element elementor-element-e2bf1e0 elementor-widget elementor-widget-text-editor\" data-id=\"e2bf1e0\" data-element_type=\"widget\" data-e-type=\"widget\" data-widget_type=\"text-editor.default\">\n\t\t\t\t<div class=\"elementor-widget-container\">\n\t\t\t\t\t\t\t\t\t<p>Zeytince Association decided to establish an &#8220;Olive Academy&#8221; in 2015 to carry out educational studies and activities, and accordingly, within the framework of the &#8220;Peninsula Sustainable Development Strategy 2014 &#8211; 2023&#8221; report prepared by IZKA(Izmir Development Agency), it chose the town of Karaburun as its study area. Thus, the studies initiated by the Karaburun District Governorate were concluded with the approval of the Ministry of National Education, the permissions of the Izmir Provincial Directorate of National Education, the Izmir Revenue Office, the Karaburun Property Directorate.<\/p><p>\u00a0<\/p><p style=\"text-align: center;\">In Karaburun \u0130necik Village, the old primary school building, which has been evacuated and disused due to the transition to the transported education system since 1992, has been allocated to our association by leasing. With the positive reception of the &#8220;Olive Academy Project&#8221; presented to the Izmir Metropolitan Municipality, a new prefabricated building of the same dimensions was built in place of the old primary school building and the landscaping was completed. Zeytin School has started its activities since May 2017.\u00a0<\/p><p style=\"text-align: center;\">\u00a0<\/p><h3 style=\"text-align: center;\">WHAT WE DO:<br \/>\u00a0<\/h3><p style=\"text-align: center;\">The working areas and objectives of the Zeytin School can be summarized under two main headings:<\/p><p><strong>It works as a stopover point for the visitors, hikers and cyclists of the Ephesus \u2013 Mimas Cultural Route, and as an information and advice center for the Olive Road.<\/strong><\/p><p><strong>\u00a0<\/strong><\/p><p>Zeytin School as a stopover and at the same time an information, counseling, and education center; by organizing activities such as training seminars, workshops, and harvest festivals, aims to contribute to the increase of awareness about the natural, industrial and cultural heritage of the region, to the protection and enrichment of this heritage at national and international level.<\/p><p>\u00a0<\/p><p>At the same time, the promotional activities to be carried out will increase the national and international awareness and attraction of the Ephesus &#8211; Mimas Cultural Route and the Olive Road. Thanks to the learning and discussion platform created, residents &#8211; producers in the region and route visitors, hikers and cyclists will come together, thus providing an environment for the emergence of innovative and creative ideas.<\/p><p>\u00a0<\/p><p style=\"text-align: center;\"><em><strong>&#8220;Zeytin School is a science, information, and education center.&#8221;<\/strong><\/em><\/p><p><strong>\u00a0<\/strong><\/p><p>\u00a0<\/p><p style=\"text-align: center;\">\u00a0<\/p><p style=\"text-align: center;\">Zeytin School aims to operate as an education and solidarity center that aims to protect natural, cultural and industrial assets, especially olive and olive products, and to create employment and income in the region based on these assets. In addition, it was established with the aim of creating a place where all kinds of activities that are beneficial \/ respectful to people and nature, and ecological concerns are supported in fields such as science, art and sports.<\/p><p style=\"text-align: left;\">It aims;<\/p><p style=\"text-align: left;\">\u2022 By organizing training and workshop activities in the fields of production, consumption, and marketing related to the products in the region; to create new employment and income-enhancing areas for residents in the region, especially women and youth,<br \/>\u2022 To increase the quality and quantity of added value produced in the region,<br \/>\u2022 Through these activities to increase the welfare of the region and therefore to prevent migration from the village to the city,<br \/>\u2022 To support the Peninsula&#8217;s integration into international ecological tourism and eco-networks by organizing national and international workshops.<\/p><p style=\"text-align: left;\">\u00a0<\/p><p>In this context, it is aimed to contribute to the increase of awareness about the natural, industrial and cultural heritage of the region, to the protection and enrichment of this heritage, at a national and international level, by organizing activities such as training seminars, workshops and harvest festivals.<\/p><p>\u00a0<\/p><p>It is envisaged that the Zeytin School will be included in the Gourmet Cities network Delice and Slow Food in the coming period. Thus, it will be possible to continue the activities that started at the local level at the international level. In addition, establishing connections with international ecovillages, making mutual visits, granting scholarships to students and researchers within the framework of opportunities, and establishing national and international volunteer programs for various activities are also among the top plans.<\/p><p>\u00a0<\/p><p>\u00a0<\/p><p style=\"text-align: center;\"><strong>For the zeytin school website, please go to:<\/strong><\/p><p style=\"text-align: center;\"><strong><span style=\"color: #339966;\"><a style=\"color: #339966;\" href=\"http:\/\/zeytinokulu.net\" target=\"_blank\" rel=\"noopener\">zeytinokulu.net<\/a><\/span><\/strong><\/p>\t\t\t\t\t\t\t\t<\/div>\n\t\t\t\t<\/div>\n\t\t\t\t<div class=\"elementor-element elementor-element-29763d5 elementor-widget elementor-widget-spacer\" data-id=\"29763d5\" data-element_type=\"widget\" data-e-type=\"widget\" data-widget_type=\"spacer.default\">\n\t\t\t\t<div class=\"elementor-widget-container\">\n\t\t\t\t\t\t\t<div class=\"elementor-spacer\">\n\t\t\t<div class=\"elementor-spacer-inner\"><\/div>\n\t\t<\/div>\n\t\t\t\t\t\t<\/div>\n\t\t\t\t<\/div>\n\t\t\t\t\t<\/div>\n\t\t<\/div>\n\t\t\t\t\t<\/div>\n\t\t<\/section>\n\t\t\t\t<section class=\"elementor-section elementor-top-section elementor-element elementor-element-e652a88 elementor-section-boxed elementor-section-height-default elementor-section-height-default parallax_section_no qode_elementor_container_no\" data-id=\"e652a88\" data-element_type=\"section\" data-e-type=\"section\">\n\t\t\t\t\t\t<div class=\"elementor-container elementor-column-gap-default\">\n\t\t\t\t\t<div class=\"elementor-column elementor-col-50 elementor-top-column elementor-element elementor-element-b7a7b6b\" data-id=\"b7a7b6b\" data-element_type=\"column\" data-e-type=\"column\">\n\t\t\t<div class=\"elementor-widget-wrap elementor-element-populated\">\n\t\t\t\t\t\t<div class=\"elementor-element elementor-element-18a8468 elementor-widget elementor-widget-image\" data-id=\"18a8468\" data-element_type=\"widget\" data-e-type=\"widget\" data-widget_type=\"image.default\">\n\t\t\t\t<div class=\"elementor-widget-container\">\n\t\t\t\t\t\t\t\t\t\t\t\t\t\t\t<img fetchpriority=\"high\" decoding=\"async\" width=\"512\" height=\"251\" src=\"https:\/\/zeytince.org\/wp-content\/uploads\/2022\/02\/unnamed-1-2.png\" class=\"attachment-large size-large wp-image-1962\" alt=\"\" srcset=\"https:\/\/zeytince.org\/wp-content\/uploads\/2022\/02\/unnamed-1-2.png 512w, https:\/\/zeytince.org\/wp-content\/uploads\/2022\/02\/unnamed-1-2-300x147.png 300w\" sizes=\"(max-width: 512px) 100vw, 512px\" \/>\t\t\t\t\t\t\t\t\t\t\t\t\t\t\t<\/div>\n\t\t\t\t<\/div>\n\t\t\t\t\t<\/div>\n\t\t<\/div>\n\t\t\t\t<div class=\"elementor-column elementor-col-50 elementor-top-column elementor-element elementor-element-7078ea4\" data-id=\"7078ea4\" data-element_type=\"column\" data-e-type=\"column\">\n\t\t\t<div class=\"elementor-widget-wrap elementor-element-populated\">\n\t\t\t\t\t\t<div class=\"elementor-element elementor-element-4d15920 elementor-widget elementor-widget-image\" data-id=\"4d15920\" data-element_type=\"widget\" data-e-type=\"widget\" data-widget_type=\"image.default\">\n\t\t\t\t<div class=\"elementor-widget-container\">\n\t\t\t\t\t\t\t\t\t\t\t\t\t\t\t<img decoding=\"async\" width=\"512\" height=\"255\" src=\"https:\/\/zeytince.org\/wp-content\/uploads\/2022\/02\/unnamed-5.png\" class=\"attachment-large size-large wp-image-1963\" alt=\"\" srcset=\"https:\/\/zeytince.org\/wp-content\/uploads\/2022\/02\/unnamed-5.png 512w, https:\/\/zeytince.org\/wp-content\/uploads\/2022\/02\/unnamed-5-300x149.png 300w\" sizes=\"(max-width: 512px) 100vw, 512px\" \/>\t\t\t\t\t\t\t\t\t\t\t\t\t\t\t<\/div>\n\t\t\t\t<\/div>\n\t\t\t\t\t<\/div>\n\t\t<\/div>\n\t\t\t\t\t<\/div>\n\t\t<\/section>\n\t\t\t\t<\/div>\n\t\t","protected":false},"excerpt":{"rendered":"<p>Zeytince Association decided to establish an &#8220;Olive Academy&#8221; in 2015 to carry out educational studies and activities, and accordingly, within the framework of the &#8220;Peninsula Sustainable Development Strategy 2014 &#8211; 2023&#8221; report prepared by IZKA(Izmir Development Agency), it chose the town of Karaburun as its&#8230;<\/p>\n","protected":false},"author":1,"featured_media":0,"parent":0,"menu_order":0,"comment_status":"closed","ping_status":"closed","template":"full_width.php","meta":{"footnotes":""},"class_list":["post-2766","page","type-page","status-publish","hentry"],"yoast_head":"<!-- This site is optimized with the Yoast SEO plugin v27.4 - https:\/\/yoast.com\/product\/yoast-seo-wordpress\/ -->\n<title>Olive Academy Project - Zeytince<\/title>\n<meta name=\"robots\" content=\"index, follow, max-snippet:-1, max-image-preview:large, max-video-preview:-1\" \/>\n<link rel=\"canonical\" href=\"https:\/\/zeytince.org\/en\/zeytin-school-project\/\" \/>\n<meta property=\"og:locale\" content=\"en_US\" \/>\n<meta property=\"og:type\" content=\"article\" \/>\n<meta property=\"og:title\" content=\"Olive Academy Project - Zeytince\" \/>\n<meta property=\"og:description\" content=\"Zeytince Association decided to establish an &#8220;Olive Academy&#8221; in 2015 to carry out educational studies and activities, and accordingly, within the framework of the &#8220;Peninsula Sustainable Development Strategy 2014 &#8211; 2023&#8221; report prepared by IZKA(Izmir Development Agency), it chose the town of Karaburun as its...\" \/>\n<meta property=\"og:url\" content=\"https:\/\/zeytince.org\/en\/zeytin-school-project\/\" \/>\n<meta property=\"og:site_name\" content=\"Zeytince\" \/>\n<meta property=\"article:publisher\" content=\"https:\/\/www.facebook.com\/ZeytinceDernegi\/\" \/>\n<meta property=\"article:modified_time\" content=\"2022-03-28T10:55:50+00:00\" \/>\n<meta property=\"og:image\" content=\"https:\/\/zeytince.org\/wp-content\/uploads\/2022\/02\/unnamed-1-2.png\" \/>\n<meta name=\"twitter:card\" content=\"summary_large_image\" \/>\n<meta name=\"twitter:site\" content=\"@zeytincedernegi\" \/>\n<meta name=\"twitter:label1\" content=\"Est. reading time\" \/>\n\t<meta name=\"twitter:data1\" content=\"3 minutes\" \/>\n<script type=\"application\/ld+json\" class=\"yoast-schema-graph\">{\"@context\":\"https:\\\/\\\/schema.org\",\"@graph\":[{\"@type\":\"WebPage\",\"@id\":\"https:\\\/\\\/zeytince.org\\\/en\\\/zeytin-school-project\\\/\",\"url\":\"https:\\\/\\\/zeytince.org\\\/en\\\/zeytin-school-project\\\/\",\"name\":\"Olive Academy Project - Zeytince\",\"isPartOf\":{\"@id\":\"https:\\\/\\\/zeytince.org\\\/#website\"},\"primaryImageOfPage\":{\"@id\":\"https:\\\/\\\/zeytince.org\\\/en\\\/zeytin-school-project\\\/#primaryimage\"},\"image\":{\"@id\":\"https:\\\/\\\/zeytince.org\\\/en\\\/zeytin-school-project\\\/#primaryimage\"},\"thumbnailUrl\":\"https:\\\/\\\/zeytince.org\\\/wp-content\\\/uploads\\\/2022\\\/02\\\/unnamed-1-2.png\",\"datePublished\":\"2022-02-24T11:25:48+00:00\",\"dateModified\":\"2022-03-28T10:55:50+00:00\",\"breadcrumb\":{\"@id\":\"https:\\\/\\\/zeytince.org\\\/en\\\/zeytin-school-project\\\/#breadcrumb\"},\"inLanguage\":\"en-US\",\"potentialAction\":[{\"@type\":\"ReadAction\",\"target\":[\"https:\\\/\\\/zeytince.org\\\/en\\\/zeytin-school-project\\\/\"]}]},{\"@type\":\"ImageObject\",\"inLanguage\":\"en-US\",\"@id\":\"https:\\\/\\\/zeytince.org\\\/en\\\/zeytin-school-project\\\/#primaryimage\",\"url\":\"https:\\\/\\\/zeytince.org\\\/wp-content\\\/uploads\\\/2022\\\/02\\\/unnamed-1-2.png\",\"contentUrl\":\"https:\\\/\\\/zeytince.org\\\/wp-content\\\/uploads\\\/2022\\\/02\\\/unnamed-1-2.png\"},{\"@type\":\"BreadcrumbList\",\"@id\":\"https:\\\/\\\/zeytince.org\\\/en\\\/zeytin-school-project\\\/#breadcrumb\",\"itemListElement\":[{\"@type\":\"ListItem\",\"position\":1,\"name\":\"Anasayfa\",\"item\":\"https:\\\/\\\/zeytince.org\\\/en\\\/\"},{\"@type\":\"ListItem\",\"position\":2,\"name\":\"Olive Academy Project\"}]},{\"@type\":\"WebSite\",\"@id\":\"https:\\\/\\\/zeytince.org\\\/#website\",\"url\":\"https:\\\/\\\/zeytince.org\\\/\",\"name\":\"Zeytince\",\"description\":\"Zeytince Ekolojik Ya\u015fam\u0131 Destekleme Derne\u011fi\",\"publisher\":{\"@id\":\"https:\\\/\\\/zeytince.org\\\/#organization\"},\"potentialAction\":[{\"@type\":\"SearchAction\",\"target\":{\"@type\":\"EntryPoint\",\"urlTemplate\":\"https:\\\/\\\/zeytince.org\\\/?s={search_term_string}\"},\"query-input\":{\"@type\":\"PropertyValueSpecification\",\"valueRequired\":true,\"valueName\":\"search_term_string\"}}],\"inLanguage\":\"en-US\"},{\"@type\":\"Organization\",\"@id\":\"https:\\\/\\\/zeytince.org\\\/#organization\",\"name\":\"Zeytince | Ekolojik Ya\u015fam\u0131 Destekleme Derne\u011fi\",\"url\":\"https:\\\/\\\/zeytince.org\\\/\",\"logo\":{\"@type\":\"ImageObject\",\"inLanguage\":\"en-US\",\"@id\":\"https:\\\/\\\/zeytince.org\\\/#\\\/schema\\\/logo\\\/image\\\/\",\"url\":\"https:\\\/\\\/zeytince.org\\\/wp-content\\\/uploads\\\/2022\\\/03\\\/zeytince-logo.png\",\"contentUrl\":\"https:\\\/\\\/zeytince.org\\\/wp-content\\\/uploads\\\/2022\\\/03\\\/zeytince-logo.png\",\"width\":746,\"height\":808,\"caption\":\"Zeytince | Ekolojik Ya\u015fam\u0131 Destekleme Derne\u011fi\"},\"image\":{\"@id\":\"https:\\\/\\\/zeytince.org\\\/#\\\/schema\\\/logo\\\/image\\\/\"},\"sameAs\":[\"https:\\\/\\\/www.facebook.com\\\/ZeytinceDernegi\\\/\",\"https:\\\/\\\/x.com\\\/zeytincedernegi\",\"https:\\\/\\\/www.instagram.com\\\/zeytincedernegi\\\/\",\"https:\\\/\\\/www.linkedin.com\\\/company\\\/zeytince\"]}]}<\/script>\n<!-- \/ Yoast SEO plugin. -->","yoast_head_json":{"title":"Olive Academy Project - Zeytince","robots":{"index":"index","follow":"follow","max-snippet":"max-snippet:-1","max-image-preview":"max-image-preview:large","max-video-preview":"max-video-preview:-1"},"canonical":"https:\/\/zeytince.org\/en\/zeytin-school-project\/","og_locale":"en_US","og_type":"article","og_title":"Olive Academy Project - Zeytince","og_description":"Zeytince Association decided to establish an &#8220;Olive Academy&#8221; in 2015 to carry out educational studies and activities, and accordingly, within the framework of the &#8220;Peninsula Sustainable Development Strategy 2014 &#8211; 2023&#8221; report prepared by IZKA(Izmir Development Agency), it chose the town of Karaburun as its...","og_url":"https:\/\/zeytince.org\/en\/zeytin-school-project\/","og_site_name":"Zeytince","article_publisher":"https:\/\/www.facebook.com\/ZeytinceDernegi\/","article_modified_time":"2022-03-28T10:55:50+00:00","og_image":[{"url":"https:\/\/zeytince.org\/wp-content\/uploads\/2022\/02\/unnamed-1-2.png","type":"","width":"","height":""}],"twitter_card":"summary_large_image","twitter_site":"@zeytincedernegi","twitter_misc":{"Est. reading time":"3 minutes"},"schema":{"@context":"https:\/\/schema.org","@graph":[{"@type":"WebPage","@id":"https:\/\/zeytince.org\/en\/zeytin-school-project\/","url":"https:\/\/zeytince.org\/en\/zeytin-school-project\/","name":"Olive Academy Project - Zeytince","isPartOf":{"@id":"https:\/\/zeytince.org\/#website"},"primaryImageOfPage":{"@id":"https:\/\/zeytince.org\/en\/zeytin-school-project\/#primaryimage"},"image":{"@id":"https:\/\/zeytince.org\/en\/zeytin-school-project\/#primaryimage"},"thumbnailUrl":"https:\/\/zeytince.org\/wp-content\/uploads\/2022\/02\/unnamed-1-2.png","datePublished":"2022-02-24T11:25:48+00:00","dateModified":"2022-03-28T10:55:50+00:00","breadcrumb":{"@id":"https:\/\/zeytince.org\/en\/zeytin-school-project\/#breadcrumb"},"inLanguage":"en-US","potentialAction":[{"@type":"ReadAction","target":["https:\/\/zeytince.org\/en\/zeytin-school-project\/"]}]},{"@type":"ImageObject","inLanguage":"en-US","@id":"https:\/\/zeytince.org\/en\/zeytin-school-project\/#primaryimage","url":"https:\/\/zeytince.org\/wp-content\/uploads\/2022\/02\/unnamed-1-2.png","contentUrl":"https:\/\/zeytince.org\/wp-content\/uploads\/2022\/02\/unnamed-1-2.png"},{"@type":"BreadcrumbList","@id":"https:\/\/zeytince.org\/en\/zeytin-school-project\/#breadcrumb","itemListElement":[{"@type":"ListItem","position":1,"name":"Anasayfa","item":"https:\/\/zeytince.org\/en\/"},{"@type":"ListItem","position":2,"name":"Olive Academy Project"}]},{"@type":"WebSite","@id":"https:\/\/zeytince.org\/#website","url":"https:\/\/zeytince.org\/","name":"Zeytince","description":"Zeytince Ekolojik Ya\u015fam\u0131 Destekleme Derne\u011fi","publisher":{"@id":"https:\/\/zeytince.org\/#organization"},"potentialAction":[{"@type":"SearchAction","target":{"@type":"EntryPoint","urlTemplate":"https:\/\/zeytince.org\/?s={search_term_string}"},"query-input":{"@type":"PropertyValueSpecification","valueRequired":true,"valueName":"search_term_string"}}],"inLanguage":"en-US"},{"@type":"Organization","@id":"https:\/\/zeytince.org\/#organization","name":"Zeytince | Ekolojik Ya\u015fam\u0131 Destekleme Derne\u011fi","url":"https:\/\/zeytince.org\/","logo":{"@type":"ImageObject","inLanguage":"en-US","@id":"https:\/\/zeytince.org\/#\/schema\/logo\/image\/","url":"https:\/\/zeytince.org\/wp-content\/uploads\/2022\/03\/zeytince-logo.png","contentUrl":"https:\/\/zeytince.org\/wp-content\/uploads\/2022\/03\/zeytince-logo.png","width":746,"height":808,"caption":"Zeytince | Ekolojik Ya\u015fam\u0131 Destekleme Derne\u011fi"},"image":{"@id":"https:\/\/zeytince.org\/#\/schema\/logo\/image\/"},"sameAs":["https:\/\/www.facebook.com\/ZeytinceDernegi\/","https:\/\/x.com\/zeytincedernegi","https:\/\/www.instagram.com\/zeytincedernegi\/","https:\/\/www.linkedin.com\/company\/zeytince"]}]}},"_links":{"self":[{"href":"https:\/\/zeytince.org\/en\/wp-json\/wp\/v2\/pages\/2766","targetHints":{"allow":["GET"]}}],"collection":[{"href":"https:\/\/zeytince.org\/en\/wp-json\/wp\/v2\/pages"}],"about":[{"href":"https:\/\/zeytince.org\/en\/wp-json\/wp\/v2\/types\/page"}],"author":[{"embeddable":true,"href":"https:\/\/zeytince.org\/en\/wp-json\/wp\/v2\/users\/1"}],"replies":[{"embeddable":true,"href":"https:\/\/zeytince.org\/en\/wp-json\/wp\/v2\/comments?post=2766"}],"version-history":[{"count":0,"href":"https:\/\/zeytince.org\/en\/wp-json\/wp\/v2\/pages\/2766\/revisions"}],"wp:attachment":[{"href":"https:\/\/zeytince.org\/en\/wp-json\/wp\/v2\/media?parent=2766"}],"curies":[{"name":"wp","href":"https:\/\/api.w.org\/{rel}","templated":true}]}}