{"id":2768,"date":"2022-02-24T14:20:53","date_gmt":"2022-02-24T11:20:53","guid":{"rendered":"https:\/\/zeytince.org\/zeytin-rotasi-projesi\/"},"modified":"2022-03-16T17:39:40","modified_gmt":"2022-03-16T14:39:40","slug":"olive-route-project","status":"publish","type":"page","link":"https:\/\/zeytince.org\/en\/olive-route-project\/","title":{"rendered":"Olive Route Project"},"content":{"rendered":"\t\t<div data-elementor-type=\"wp-page\" data-elementor-id=\"2768\" class=\"elementor elementor-2768\">\n\t\t\t\t\t\t<section class=\"elementor-section elementor-top-section elementor-element elementor-element-cf4b69a elementor-section-boxed elementor-section-height-default elementor-section-height-default parallax_section_no qode_elementor_container_no\" data-id=\"cf4b69a\" data-element_type=\"section\" data-e-type=\"section\">\n\t\t\t\t\t\t<div class=\"elementor-container elementor-column-gap-default\">\n\t\t\t\t\t<div class=\"elementor-column elementor-col-100 elementor-top-column elementor-element elementor-element-6270c5f\" data-id=\"6270c5f\" data-element_type=\"column\" data-e-type=\"column\">\n\t\t\t<div class=\"elementor-widget-wrap elementor-element-populated\">\n\t\t\t\t\t\t<div class=\"elementor-element elementor-element-e2bf1e0 elementor-widget elementor-widget-text-editor\" data-id=\"e2bf1e0\" data-element_type=\"widget\" data-e-type=\"widget\" data-widget_type=\"text-editor.default\">\n\t\t\t\t<div class=\"elementor-widget-container\">\n\t\t\t\t\t\t\t\t\t<p>\u00a0<\/p><p style=\"text-align: center;\"><img fetchpriority=\"high\" decoding=\"async\" class=\"alignnone wp-image-2135 size-full\" src=\"https:\/\/zeytince.webtasarimbeta.com\/wp-content\/uploads\/2022\/02\/zeytin-rotasi.jpeg\" alt=\"\" width=\"570\" height=\"413\" srcset=\"https:\/\/zeytince.org\/wp-content\/uploads\/2022\/02\/zeytin-rotasi.jpeg 570w, https:\/\/zeytince.org\/wp-content\/uploads\/2022\/02\/zeytin-rotasi-300x217.jpeg 300w\" sizes=\"(max-width: 570px) 100vw, 570px\" \/><\/p><p align=\"center\">\u00a0<\/p><p style=\"text-align: center;\" align=\"center\"><span style=\"color: #0a0a0a;\"><span style=\"font-family: Poppins, serif;\"><span style=\"font-size: large;\"><b>Olive Road Project was carried out within the scope of the SIGHTSEEING ROUTES <\/b><\/span><\/span><\/span><strong><span style=\"color: #008000;\"><a style=\"color: #008000;\" href=\"http:\/\/rota.yarimadaizmir.com\/tr\/\" target=\"_blank\" rel=\"noopener\">http:\/\/rota.yarimadaizmir.com\/tr\/<\/a><\/span><\/strong><\/p><p style=\"text-align: center;\" align=\"center\"><span style=\"color: #0a0a0a;\"><span style=\"font-family: Poppins, serif;\"><span style=\"font-size: large;\"><b>project of Izmir Metropolitan Municipality.<\/b><\/span><\/span><\/span><\/p><p>\u00a0<\/p><p style=\"text-align: center;\">In the Ephesus &#8211; Mimas Road Culture Route Project carried out by the Izmir Metropolitan Municipality in 2015, she voluntarily worked on the creation of the &#8220;Olive Road&#8221; under the coordination of Prof. Dr. R. Funda Barbaros and Ertan \u0130plik\u00e7i from Zeytince, and contributed to the formation of the olive inventory of the Peninsula Region. During the field studies carried out in 75 villages in Sel\u00e7uk, Seferihisar, G\u00fczelbah\u00e7e, Urla, \u00c7e\u015fme and Karaburun districts, ancient olive trees, traditional olive oil workshops and ancient mills were identified. For Zeytince, who sees herself as the current heirs of ancient societies, this study also allowed the &#8220;human-nature&#8221; relationship to be questioned again. For the members of Zeytince Ecological Life Support Association, getting to know the ancient olive tree, olives, traditional and modern production techniques and being in their story has been a learning process in itself.<br \/>\u00a0<br \/>Olive is the common denominator of life in the Mediterranean basin. It has been in the life of the Mediterranean people since prehistoric times; it is the most characteristic product of the Izmir Peninsula with its culture, taste, and economic value. So much so that the first modern olive oil workshop in the world is in the ancient city of Klazomenai in Urla. This is why the journey of the olive on the Peninsula constitutes one of our thematic itineraries.<br \/>\u00a0<br \/>The route, which passes through G\u00fczelbah\u00e7e, \u00c7e\u015fme, Seferihisar, Menderes and Sel\u00e7uk districts, was created as a result of the work done by the representatives of the Zeytince Association. Monumental olive trees, olive oil workshops, water sources, olive oil factories, landscape\/viewing terraces, olive crushing places, stones used in olive oil production, campsites, wells, windmills, and watermills were identified on the route. 68 olive trees, aged between 300 and 2000, became one of the most important indicators of the ancient olive culture of the Peninsula.<br \/>\u00a0<br \/>The route, which consists of 7 stages and brings olive passengers together with producers, connects to the &#8220;World Gourmet Cities Network&#8221; (DELICE), of which Izmir is a member. With the membership, which was realized in January 2015 with the partnership of Izmir Metropolitan Municipality and Izmir Chamber of Commerce, Izmir, and therefore the Peninsula region was included in the gastronomic tourism route.<br \/>\u00a0<br \/><strong>Olive Road Project was carried out within the scope of the SIGHTSEEING ROUTES rota.yarimadaizmir.com project of Izmir Metropolitan Municipality.<\/strong><\/p><p>\u00a0<\/p>\t\t\t\t\t\t\t\t<\/div>\n\t\t\t\t<\/div>\n\t\t\t\t\t<\/div>\n\t\t<\/div>\n\t\t\t\t\t<\/div>\n\t\t<\/section>\n\t\t\t\t<\/div>\n\t\t","protected":false},"excerpt":{"rendered":"<p>\u00a0 \u00a0 Olive Road Project was carried out within the scope of the SIGHTSEEING ROUTES http:\/\/rota.yarimadaizmir.com\/tr\/ project of Izmir Metropolitan Municipality. \u00a0 In the Ephesus &#8211; Mimas Road Culture Route Project carried out by the Izmir Metropolitan Municipality in 2015, she voluntarily worked on the&#8230;<\/p>\n","protected":false},"author":1,"featured_media":0,"parent":0,"menu_order":0,"comment_status":"closed","ping_status":"closed","template":"full_width.php","meta":{"footnotes":""},"class_list":["post-2768","page","type-page","status-publish","hentry"],"yoast_head":"<!-- This site is optimized with the Yoast SEO plugin v27.5 - https:\/\/yoast.com\/product\/yoast-seo-wordpress\/ -->\n<title>Olive Route Project - Zeytince<\/title>\n<meta name=\"robots\" content=\"index, follow, max-snippet:-1, max-image-preview:large, max-video-preview:-1\" \/>\n<link rel=\"canonical\" href=\"https:\/\/zeytince.org\/en\/olive-route-project\/\" \/>\n<meta property=\"og:locale\" content=\"en_US\" \/>\n<meta property=\"og:type\" content=\"article\" \/>\n<meta property=\"og:title\" content=\"Olive Route Project - Zeytince\" \/>\n<meta property=\"og:description\" content=\"\u00a0 \u00a0 Olive Road Project was carried out within the scope of the SIGHTSEEING ROUTES http:\/\/rota.yarimadaizmir.com\/tr\/ project of Izmir Metropolitan Municipality. \u00a0 In the Ephesus &#8211; Mimas Road Culture Route Project carried out by the Izmir Metropolitan Municipality in 2015, she voluntarily worked on the...\" \/>\n<meta property=\"og:url\" content=\"https:\/\/zeytince.org\/en\/olive-route-project\/\" \/>\n<meta property=\"og:site_name\" content=\"Zeytince\" \/>\n<meta property=\"article:publisher\" content=\"https:\/\/www.facebook.com\/ZeytinceDernegi\/\" \/>\n<meta property=\"article:modified_time\" content=\"2022-03-16T14:39:40+00:00\" \/>\n<meta property=\"og:image\" content=\"https:\/\/zeytince.webtasarimbeta.com\/wp-content\/uploads\/2022\/02\/zeytin-rotasi.jpeg\" \/>\n<meta name=\"twitter:card\" content=\"summary_large_image\" \/>\n<meta name=\"twitter:site\" content=\"@zeytincedernegi\" \/>\n<meta name=\"twitter:label1\" content=\"Est. reading time\" \/>\n\t<meta name=\"twitter:data1\" content=\"2 minutes\" \/>\n<script type=\"application\/ld+json\" class=\"yoast-schema-graph\">{\"@context\":\"https:\\\/\\\/schema.org\",\"@graph\":[{\"@type\":\"WebPage\",\"@id\":\"https:\\\/\\\/zeytince.org\\\/en\\\/olive-route-project\\\/\",\"url\":\"https:\\\/\\\/zeytince.org\\\/en\\\/olive-route-project\\\/\",\"name\":\"Olive Route Project - Zeytince\",\"isPartOf\":{\"@id\":\"https:\\\/\\\/zeytince.org\\\/#website\"},\"primaryImageOfPage\":{\"@id\":\"https:\\\/\\\/zeytince.org\\\/en\\\/olive-route-project\\\/#primaryimage\"},\"image\":{\"@id\":\"https:\\\/\\\/zeytince.org\\\/en\\\/olive-route-project\\\/#primaryimage\"},\"thumbnailUrl\":\"https:\\\/\\\/zeytince.webtasarimbeta.com\\\/wp-content\\\/uploads\\\/2022\\\/02\\\/zeytin-rotasi.jpeg\",\"datePublished\":\"2022-02-24T11:20:53+00:00\",\"dateModified\":\"2022-03-16T14:39:40+00:00\",\"breadcrumb\":{\"@id\":\"https:\\\/\\\/zeytince.org\\\/en\\\/olive-route-project\\\/#breadcrumb\"},\"inLanguage\":\"en-US\",\"potentialAction\":[{\"@type\":\"ReadAction\",\"target\":[\"https:\\\/\\\/zeytince.org\\\/en\\\/olive-route-project\\\/\"]}]},{\"@type\":\"ImageObject\",\"inLanguage\":\"en-US\",\"@id\":\"https:\\\/\\\/zeytince.org\\\/en\\\/olive-route-project\\\/#primaryimage\",\"url\":\"https:\\\/\\\/zeytince.webtasarimbeta.com\\\/wp-content\\\/uploads\\\/2022\\\/02\\\/zeytin-rotasi.jpeg\",\"contentUrl\":\"https:\\\/\\\/zeytince.webtasarimbeta.com\\\/wp-content\\\/uploads\\\/2022\\\/02\\\/zeytin-rotasi.jpeg\"},{\"@type\":\"BreadcrumbList\",\"@id\":\"https:\\\/\\\/zeytince.org\\\/en\\\/olive-route-project\\\/#breadcrumb\",\"itemListElement\":[{\"@type\":\"ListItem\",\"position\":1,\"name\":\"Anasayfa\",\"item\":\"https:\\\/\\\/zeytince.org\\\/en\\\/\"},{\"@type\":\"ListItem\",\"position\":2,\"name\":\"Olive Route Project\"}]},{\"@type\":\"WebSite\",\"@id\":\"https:\\\/\\\/zeytince.org\\\/#website\",\"url\":\"https:\\\/\\\/zeytince.org\\\/\",\"name\":\"Zeytince\",\"description\":\"Zeytince Ekolojik Ya\u015fam\u0131 Destekleme Derne\u011fi\",\"publisher\":{\"@id\":\"https:\\\/\\\/zeytince.org\\\/#organization\"},\"potentialAction\":[{\"@type\":\"SearchAction\",\"target\":{\"@type\":\"EntryPoint\",\"urlTemplate\":\"https:\\\/\\\/zeytince.org\\\/?s={search_term_string}\"},\"query-input\":{\"@type\":\"PropertyValueSpecification\",\"valueRequired\":true,\"valueName\":\"search_term_string\"}}],\"inLanguage\":\"en-US\"},{\"@type\":\"Organization\",\"@id\":\"https:\\\/\\\/zeytince.org\\\/#organization\",\"name\":\"Zeytince | Ekolojik Ya\u015fam\u0131 Destekleme Derne\u011fi\",\"url\":\"https:\\\/\\\/zeytince.org\\\/\",\"logo\":{\"@type\":\"ImageObject\",\"inLanguage\":\"en-US\",\"@id\":\"https:\\\/\\\/zeytince.org\\\/#\\\/schema\\\/logo\\\/image\\\/\",\"url\":\"https:\\\/\\\/zeytince.org\\\/wp-content\\\/uploads\\\/2022\\\/03\\\/zeytince-logo.png\",\"contentUrl\":\"https:\\\/\\\/zeytince.org\\\/wp-content\\\/uploads\\\/2022\\\/03\\\/zeytince-logo.png\",\"width\":746,\"height\":808,\"caption\":\"Zeytince | Ekolojik Ya\u015fam\u0131 Destekleme Derne\u011fi\"},\"image\":{\"@id\":\"https:\\\/\\\/zeytince.org\\\/#\\\/schema\\\/logo\\\/image\\\/\"},\"sameAs\":[\"https:\\\/\\\/www.facebook.com\\\/ZeytinceDernegi\\\/\",\"https:\\\/\\\/x.com\\\/zeytincedernegi\",\"https:\\\/\\\/www.instagram.com\\\/zeytincedernegi\\\/\",\"https:\\\/\\\/www.linkedin.com\\\/company\\\/zeytince\"]}]}<\/script>\n<!-- \/ Yoast SEO plugin. -->","yoast_head_json":{"title":"Olive Route Project - Zeytince","robots":{"index":"index","follow":"follow","max-snippet":"max-snippet:-1","max-image-preview":"max-image-preview:large","max-video-preview":"max-video-preview:-1"},"canonical":"https:\/\/zeytince.org\/en\/olive-route-project\/","og_locale":"en_US","og_type":"article","og_title":"Olive Route Project - Zeytince","og_description":"\u00a0 \u00a0 Olive Road Project was carried out within the scope of the SIGHTSEEING ROUTES http:\/\/rota.yarimadaizmir.com\/tr\/ project of Izmir Metropolitan Municipality. \u00a0 In the Ephesus &#8211; Mimas Road Culture Route Project carried out by the Izmir Metropolitan Municipality in 2015, she voluntarily worked on the...","og_url":"https:\/\/zeytince.org\/en\/olive-route-project\/","og_site_name":"Zeytince","article_publisher":"https:\/\/www.facebook.com\/ZeytinceDernegi\/","article_modified_time":"2022-03-16T14:39:40+00:00","og_image":[{"url":"https:\/\/zeytince.webtasarimbeta.com\/wp-content\/uploads\/2022\/02\/zeytin-rotasi.jpeg","type":"","width":"","height":""}],"twitter_card":"summary_large_image","twitter_site":"@zeytincedernegi","twitter_misc":{"Est. reading time":"2 minutes"},"schema":{"@context":"https:\/\/schema.org","@graph":[{"@type":"WebPage","@id":"https:\/\/zeytince.org\/en\/olive-route-project\/","url":"https:\/\/zeytince.org\/en\/olive-route-project\/","name":"Olive Route Project - Zeytince","isPartOf":{"@id":"https:\/\/zeytince.org\/#website"},"primaryImageOfPage":{"@id":"https:\/\/zeytince.org\/en\/olive-route-project\/#primaryimage"},"image":{"@id":"https:\/\/zeytince.org\/en\/olive-route-project\/#primaryimage"},"thumbnailUrl":"https:\/\/zeytince.webtasarimbeta.com\/wp-content\/uploads\/2022\/02\/zeytin-rotasi.jpeg","datePublished":"2022-02-24T11:20:53+00:00","dateModified":"2022-03-16T14:39:40+00:00","breadcrumb":{"@id":"https:\/\/zeytince.org\/en\/olive-route-project\/#breadcrumb"},"inLanguage":"en-US","potentialAction":[{"@type":"ReadAction","target":["https:\/\/zeytince.org\/en\/olive-route-project\/"]}]},{"@type":"ImageObject","inLanguage":"en-US","@id":"https:\/\/zeytince.org\/en\/olive-route-project\/#primaryimage","url":"https:\/\/zeytince.webtasarimbeta.com\/wp-content\/uploads\/2022\/02\/zeytin-rotasi.jpeg","contentUrl":"https:\/\/zeytince.webtasarimbeta.com\/wp-content\/uploads\/2022\/02\/zeytin-rotasi.jpeg"},{"@type":"BreadcrumbList","@id":"https:\/\/zeytince.org\/en\/olive-route-project\/#breadcrumb","itemListElement":[{"@type":"ListItem","position":1,"name":"Anasayfa","item":"https:\/\/zeytince.org\/en\/"},{"@type":"ListItem","position":2,"name":"Olive Route Project"}]},{"@type":"WebSite","@id":"https:\/\/zeytince.org\/#website","url":"https:\/\/zeytince.org\/","name":"Zeytince","description":"Zeytince Ekolojik Ya\u015fam\u0131 Destekleme Derne\u011fi","publisher":{"@id":"https:\/\/zeytince.org\/#organization"},"potentialAction":[{"@type":"SearchAction","target":{"@type":"EntryPoint","urlTemplate":"https:\/\/zeytince.org\/?s={search_term_string}"},"query-input":{"@type":"PropertyValueSpecification","valueRequired":true,"valueName":"search_term_string"}}],"inLanguage":"en-US"},{"@type":"Organization","@id":"https:\/\/zeytince.org\/#organization","name":"Zeytince | Ekolojik Ya\u015fam\u0131 Destekleme Derne\u011fi","url":"https:\/\/zeytince.org\/","logo":{"@type":"ImageObject","inLanguage":"en-US","@id":"https:\/\/zeytince.org\/#\/schema\/logo\/image\/","url":"https:\/\/zeytince.org\/wp-content\/uploads\/2022\/03\/zeytince-logo.png","contentUrl":"https:\/\/zeytince.org\/wp-content\/uploads\/2022\/03\/zeytince-logo.png","width":746,"height":808,"caption":"Zeytince | Ekolojik Ya\u015fam\u0131 Destekleme Derne\u011fi"},"image":{"@id":"https:\/\/zeytince.org\/#\/schema\/logo\/image\/"},"sameAs":["https:\/\/www.facebook.com\/ZeytinceDernegi\/","https:\/\/x.com\/zeytincedernegi","https:\/\/www.instagram.com\/zeytincedernegi\/","https:\/\/www.linkedin.com\/company\/zeytince"]}]}},"_links":{"self":[{"href":"https:\/\/zeytince.org\/en\/wp-json\/wp\/v2\/pages\/2768","targetHints":{"allow":["GET"]}}],"collection":[{"href":"https:\/\/zeytince.org\/en\/wp-json\/wp\/v2\/pages"}],"about":[{"href":"https:\/\/zeytince.org\/en\/wp-json\/wp\/v2\/types\/page"}],"author":[{"embeddable":true,"href":"https:\/\/zeytince.org\/en\/wp-json\/wp\/v2\/users\/1"}],"replies":[{"embeddable":true,"href":"https:\/\/zeytince.org\/en\/wp-json\/wp\/v2\/comments?post=2768"}],"version-history":[{"count":0,"href":"https:\/\/zeytince.org\/en\/wp-json\/wp\/v2\/pages\/2768\/revisions"}],"wp:attachment":[{"href":"https:\/\/zeytince.org\/en\/wp-json\/wp\/v2\/media?parent=2768"}],"curies":[{"name":"wp","href":"https:\/\/api.w.org\/{rel}","templated":true}]}}