{"id":2772,"date":"2022-02-01T16:24:14","date_gmt":"2022-02-01T13:24:14","guid":{"rendered":"https:\/\/zeytince.org\/ekolojik-okuryazarlik\/"},"modified":"2022-03-16T17:21:11","modified_gmt":"2022-03-16T14:21:11","slug":"ekolojik-okuryazarlik","status":"publish","type":"page","link":"https:\/\/zeytince.org\/en\/ekolojik-okuryazarlik\/","title":{"rendered":"Ekolojik Okuryazarl\u0131k"},"content":{"rendered":"\t\t<div data-elementor-type=\"wp-page\" data-elementor-id=\"2772\" class=\"elementor elementor-2772\">\n\t\t\t\t\t\t<section class=\"elementor-section elementor-top-section elementor-element elementor-element-011ed5d elementor-section-boxed elementor-section-height-default elementor-section-height-default parallax_section_no qode_elementor_container_no\" data-id=\"011ed5d\" data-element_type=\"section\" data-e-type=\"section\">\n\t\t\t\t\t\t<div class=\"elementor-container elementor-column-gap-default\">\n\t\t\t\t\t<div class=\"elementor-column elementor-col-100 elementor-top-column elementor-element elementor-element-eb59948\" data-id=\"eb59948\" data-element_type=\"column\" data-e-type=\"column\">\n\t\t\t<div class=\"elementor-widget-wrap elementor-element-populated\">\n\t\t\t\t\t\t<div class=\"elementor-element elementor-element-b321fa8 elementor-widget elementor-widget-accordion\" data-id=\"b321fa8\" data-element_type=\"widget\" data-e-type=\"widget\" data-widget_type=\"accordion.default\">\n\t\t\t\t<div class=\"elementor-widget-container\">\n\t\t\t\t\t\t\t<div class=\"elementor-accordion\">\n\t\t\t\t\t\t\t<div class=\"elementor-accordion-item\">\n\t\t\t\t\t<div id=\"elementor-tab-title-1871\" class=\"elementor-tab-title\" data-tab=\"1\" role=\"button\" aria-controls=\"elementor-tab-content-1871\" aria-expanded=\"false\">\n\t\t\t\t\t\t\t\t\t\t\t\t\t<span class=\"elementor-accordion-icon elementor-accordion-icon-left\" aria-hidden=\"true\">\n\t\t\t\t\t\t\t\t\t\t\t\t\t\t\t<span class=\"elementor-accordion-icon-closed\"><i class=\"fas fa-plus\"><\/i><\/span>\n\t\t\t\t\t\t\t\t<span class=\"elementor-accordion-icon-opened\"><i class=\"fas fa-minus\"><\/i><\/span>\n\t\t\t\t\t\t\t\t\t\t\t\t\t\t<\/span>\n\t\t\t\t\t\t\t\t\t\t\t\t<a class=\"elementor-accordion-title\" tabindex=\"0\">Ekolojik Okuryazarl\u0131k E\u011fitimi<\/a>\n\t\t\t\t\t<\/div>\n\t\t\t\t\t<div id=\"elementor-tab-content-1871\" class=\"elementor-tab-content elementor-clearfix\" data-tab=\"1\" role=\"region\" aria-labelledby=\"elementor-tab-title-1871\"><p>Ekolojik Okuryazarl\u0131k E\u011fitimi, s\u00fcrd\u00fcr\u00fclebilir ya\u015fam bi\u00e7imlerinin benimsenmesi do\u011frultusunda yeni bir e\u011fitim y\u00f6ntemi \u00f6nermektedir. Ekolojik okuryazarl\u0131\u011f\u0131n temel ilkesi; kat\u0131l\u0131mc\u0131larda merak duygusunu artt\u0131ran ve dolay\u0131s\u0131yla insan-do\u011fal sistemler etkile\u015fimini ya\u015fayarak, duyumsayarak, deneyimleyerek \u00f6\u011frenmelerini destekleyen e\u011fitim pratiklerinin uygulanmas\u0131d\u0131r. Dolay\u0131s\u0131yla Ekolojik okuryazarl\u0131k e\u011fitimi, didaktik e\u011fitim modelinden farkl\u0131 bir e\u011fitim y\u00f6ntemi uygulamakta ve e\u011fitim s\u00fcrecinde, kat\u0131l\u0131mc\u0131lar\u0131n farkl\u0131 kavrama ve \u00f6\u011frenme kapasitelerinin geli\u015febilmesi i\u00e7in duygusal zekalar\u0131n\u0131n, sosyal zekalar\u0131n\u0131n ve ayn\u0131 zamanda da ekolojik zekalar\u0131n\u0131n beslenmesi ve entegre edilmesi \u00f6n plana \u00e7\u0131kmaktad\u0131r.<\/p><p><a href=\"https:\/\/zeytince.webtasarimbeta.com\/herkes-icin-ekolojik-okuryazarlik\/\"><img decoding=\"async\" class=\"alignnone wp-image-751 size-full\" src=\"https:\/\/zeytince.webtasarimbeta.com\/wp-content\/uploads\/2022\/02\/Screenshot_1.png\" alt=\"\" width=\"246\" height=\"43\"><\/a><\/p><\/div>\n\t\t\t\t<\/div>\n\t\t\t\t\t\t\t\t<\/div>\n\t\t\t\t\t\t<\/div>\n\t\t\t\t<\/div>\n\t\t\t\t\t<\/div>\n\t\t<\/div>\n\t\t\t\t\t<\/div>\n\t\t<\/section>\n\t\t\t\t<\/div>\n\t\t","protected":false},"excerpt":{"rendered":"<p>Ekolojik Okuryazarl\u0131k E\u011fitimi Ekolojik Okuryazarl\u0131k E\u011fitimi, s\u00fcrd\u00fcr\u00fclebilir ya\u015fam bi\u00e7imlerinin benimsenmesi do\u011frultusunda yeni bir e\u011fitim y\u00f6ntemi \u00f6nermektedir. Ekolojik okuryazarl\u0131\u011f\u0131n temel ilkesi; kat\u0131l\u0131mc\u0131larda merak duygusunu artt\u0131ran ve dolay\u0131s\u0131yla insan-do\u011fal sistemler etkile\u015fimini ya\u015fayarak, duyumsayarak, deneyimleyerek \u00f6\u011frenmelerini destekleyen e\u011fitim pratiklerinin uygulanmas\u0131d\u0131r. Dolay\u0131s\u0131yla Ekolojik okuryazarl\u0131k e\u011fitimi, didaktik e\u011fitim modelinden farkl\u0131&#8230;<\/p>\n","protected":false},"author":1,"featured_media":0,"parent":0,"menu_order":0,"comment_status":"closed","ping_status":"closed","template":"full_width.php","meta":{"footnotes":""},"class_list":["post-2772","page","type-page","status-publish","hentry"],"yoast_head":"<!-- This site is optimized with the Yoast SEO plugin v27.4 - https:\/\/yoast.com\/product\/yoast-seo-wordpress\/ -->\n<title>Ekolojik Okuryazarl\u0131k - Zeytince<\/title>\n<meta name=\"robots\" content=\"index, follow, max-snippet:-1, max-image-preview:large, max-video-preview:-1\" \/>\n<link rel=\"canonical\" href=\"https:\/\/zeytince.org\/en\/ekolojik-okuryazarlik\/\" \/>\n<meta property=\"og:locale\" content=\"en_US\" \/>\n<meta property=\"og:type\" content=\"article\" \/>\n<meta property=\"og:title\" content=\"Ekolojik Okuryazarl\u0131k - Zeytince\" \/>\n<meta property=\"og:description\" content=\"Ekolojik Okuryazarl\u0131k E\u011fitimi Ekolojik Okuryazarl\u0131k E\u011fitimi, s\u00fcrd\u00fcr\u00fclebilir ya\u015fam bi\u00e7imlerinin benimsenmesi do\u011frultusunda yeni bir e\u011fitim y\u00f6ntemi \u00f6nermektedir. Ekolojik okuryazarl\u0131\u011f\u0131n temel ilkesi; kat\u0131l\u0131mc\u0131larda merak duygusunu artt\u0131ran ve dolay\u0131s\u0131yla insan-do\u011fal sistemler etkile\u015fimini ya\u015fayarak, duyumsayarak, deneyimleyerek \u00f6\u011frenmelerini destekleyen e\u011fitim pratiklerinin uygulanmas\u0131d\u0131r. Dolay\u0131s\u0131yla Ekolojik okuryazarl\u0131k e\u011fitimi, didaktik e\u011fitim modelinden farkl\u0131...\" \/>\n<meta property=\"og:url\" content=\"https:\/\/zeytince.org\/en\/ekolojik-okuryazarlik\/\" \/>\n<meta property=\"og:site_name\" content=\"Zeytince\" \/>\n<meta property=\"article:publisher\" content=\"https:\/\/www.facebook.com\/ZeytinceDernegi\/\" \/>\n<meta property=\"article:modified_time\" content=\"2022-03-16T14:21:11+00:00\" \/>\n<meta property=\"og:image\" content=\"https:\/\/zeytince.webtasarimbeta.com\/wp-content\/uploads\/2022\/02\/Screenshot_1.png\" \/>\n<meta name=\"twitter:card\" content=\"summary_large_image\" \/>\n<meta name=\"twitter:site\" content=\"@zeytincedernegi\" \/>\n<meta name=\"twitter:label1\" content=\"Est. reading time\" \/>\n\t<meta name=\"twitter:data1\" content=\"1 minute\" \/>\n<script type=\"application\/ld+json\" class=\"yoast-schema-graph\">{\"@context\":\"https:\\\/\\\/schema.org\",\"@graph\":[{\"@type\":\"WebPage\",\"@id\":\"https:\\\/\\\/zeytince.org\\\/en\\\/ekolojik-okuryazarlik\\\/\",\"url\":\"https:\\\/\\\/zeytince.org\\\/en\\\/ekolojik-okuryazarlik\\\/\",\"name\":\"Ekolojik Okuryazarl\u0131k - Zeytince\",\"isPartOf\":{\"@id\":\"https:\\\/\\\/zeytince.org\\\/#website\"},\"primaryImageOfPage\":{\"@id\":\"https:\\\/\\\/zeytince.org\\\/en\\\/ekolojik-okuryazarlik\\\/#primaryimage\"},\"image\":{\"@id\":\"https:\\\/\\\/zeytince.org\\\/en\\\/ekolojik-okuryazarlik\\\/#primaryimage\"},\"thumbnailUrl\":\"https:\\\/\\\/zeytince.webtasarimbeta.com\\\/wp-content\\\/uploads\\\/2022\\\/02\\\/Screenshot_1.png\",\"datePublished\":\"2022-02-01T13:24:14+00:00\",\"dateModified\":\"2022-03-16T14:21:11+00:00\",\"breadcrumb\":{\"@id\":\"https:\\\/\\\/zeytince.org\\\/en\\\/ekolojik-okuryazarlik\\\/#breadcrumb\"},\"inLanguage\":\"en-US\",\"potentialAction\":[{\"@type\":\"ReadAction\",\"target\":[\"https:\\\/\\\/zeytince.org\\\/en\\\/ekolojik-okuryazarlik\\\/\"]}]},{\"@type\":\"ImageObject\",\"inLanguage\":\"en-US\",\"@id\":\"https:\\\/\\\/zeytince.org\\\/en\\\/ekolojik-okuryazarlik\\\/#primaryimage\",\"url\":\"https:\\\/\\\/zeytince.webtasarimbeta.com\\\/wp-content\\\/uploads\\\/2022\\\/02\\\/Screenshot_1.png\",\"contentUrl\":\"https:\\\/\\\/zeytince.webtasarimbeta.com\\\/wp-content\\\/uploads\\\/2022\\\/02\\\/Screenshot_1.png\"},{\"@type\":\"BreadcrumbList\",\"@id\":\"https:\\\/\\\/zeytince.org\\\/en\\\/ekolojik-okuryazarlik\\\/#breadcrumb\",\"itemListElement\":[{\"@type\":\"ListItem\",\"position\":1,\"name\":\"Anasayfa\",\"item\":\"https:\\\/\\\/zeytince.org\\\/en\\\/\"},{\"@type\":\"ListItem\",\"position\":2,\"name\":\"Ekolojik Okuryazarl\u0131k\"}]},{\"@type\":\"WebSite\",\"@id\":\"https:\\\/\\\/zeytince.org\\\/#website\",\"url\":\"https:\\\/\\\/zeytince.org\\\/\",\"name\":\"Zeytince\",\"description\":\"Zeytince Ekolojik Ya\u015fam\u0131 Destekleme Derne\u011fi\",\"publisher\":{\"@id\":\"https:\\\/\\\/zeytince.org\\\/#organization\"},\"potentialAction\":[{\"@type\":\"SearchAction\",\"target\":{\"@type\":\"EntryPoint\",\"urlTemplate\":\"https:\\\/\\\/zeytince.org\\\/?s={search_term_string}\"},\"query-input\":{\"@type\":\"PropertyValueSpecification\",\"valueRequired\":true,\"valueName\":\"search_term_string\"}}],\"inLanguage\":\"en-US\"},{\"@type\":\"Organization\",\"@id\":\"https:\\\/\\\/zeytince.org\\\/#organization\",\"name\":\"Zeytince | Ekolojik Ya\u015fam\u0131 Destekleme Derne\u011fi\",\"url\":\"https:\\\/\\\/zeytince.org\\\/\",\"logo\":{\"@type\":\"ImageObject\",\"inLanguage\":\"en-US\",\"@id\":\"https:\\\/\\\/zeytince.org\\\/#\\\/schema\\\/logo\\\/image\\\/\",\"url\":\"https:\\\/\\\/zeytince.org\\\/wp-content\\\/uploads\\\/2022\\\/03\\\/zeytince-logo.png\",\"contentUrl\":\"https:\\\/\\\/zeytince.org\\\/wp-content\\\/uploads\\\/2022\\\/03\\\/zeytince-logo.png\",\"width\":746,\"height\":808,\"caption\":\"Zeytince | Ekolojik Ya\u015fam\u0131 Destekleme Derne\u011fi\"},\"image\":{\"@id\":\"https:\\\/\\\/zeytince.org\\\/#\\\/schema\\\/logo\\\/image\\\/\"},\"sameAs\":[\"https:\\\/\\\/www.facebook.com\\\/ZeytinceDernegi\\\/\",\"https:\\\/\\\/x.com\\\/zeytincedernegi\",\"https:\\\/\\\/www.instagram.com\\\/zeytincedernegi\\\/\",\"https:\\\/\\\/www.linkedin.com\\\/company\\\/zeytince\"]}]}<\/script>\n<!-- \/ Yoast SEO plugin. -->","yoast_head_json":{"title":"Ekolojik Okuryazarl\u0131k - Zeytince","robots":{"index":"index","follow":"follow","max-snippet":"max-snippet:-1","max-image-preview":"max-image-preview:large","max-video-preview":"max-video-preview:-1"},"canonical":"https:\/\/zeytince.org\/en\/ekolojik-okuryazarlik\/","og_locale":"en_US","og_type":"article","og_title":"Ekolojik Okuryazarl\u0131k - Zeytince","og_description":"Ekolojik Okuryazarl\u0131k E\u011fitimi Ekolojik Okuryazarl\u0131k E\u011fitimi, s\u00fcrd\u00fcr\u00fclebilir ya\u015fam bi\u00e7imlerinin benimsenmesi do\u011frultusunda yeni bir e\u011fitim y\u00f6ntemi \u00f6nermektedir. Ekolojik okuryazarl\u0131\u011f\u0131n temel ilkesi; kat\u0131l\u0131mc\u0131larda merak duygusunu artt\u0131ran ve dolay\u0131s\u0131yla insan-do\u011fal sistemler etkile\u015fimini ya\u015fayarak, duyumsayarak, deneyimleyerek \u00f6\u011frenmelerini destekleyen e\u011fitim pratiklerinin uygulanmas\u0131d\u0131r. Dolay\u0131s\u0131yla Ekolojik okuryazarl\u0131k e\u011fitimi, didaktik e\u011fitim modelinden farkl\u0131...","og_url":"https:\/\/zeytince.org\/en\/ekolojik-okuryazarlik\/","og_site_name":"Zeytince","article_publisher":"https:\/\/www.facebook.com\/ZeytinceDernegi\/","article_modified_time":"2022-03-16T14:21:11+00:00","og_image":[{"url":"https:\/\/zeytince.webtasarimbeta.com\/wp-content\/uploads\/2022\/02\/Screenshot_1.png","type":"","width":"","height":""}],"twitter_card":"summary_large_image","twitter_site":"@zeytincedernegi","twitter_misc":{"Est. reading time":"1 minute"},"schema":{"@context":"https:\/\/schema.org","@graph":[{"@type":"WebPage","@id":"https:\/\/zeytince.org\/en\/ekolojik-okuryazarlik\/","url":"https:\/\/zeytince.org\/en\/ekolojik-okuryazarlik\/","name":"Ekolojik Okuryazarl\u0131k - Zeytince","isPartOf":{"@id":"https:\/\/zeytince.org\/#website"},"primaryImageOfPage":{"@id":"https:\/\/zeytince.org\/en\/ekolojik-okuryazarlik\/#primaryimage"},"image":{"@id":"https:\/\/zeytince.org\/en\/ekolojik-okuryazarlik\/#primaryimage"},"thumbnailUrl":"https:\/\/zeytince.webtasarimbeta.com\/wp-content\/uploads\/2022\/02\/Screenshot_1.png","datePublished":"2022-02-01T13:24:14+00:00","dateModified":"2022-03-16T14:21:11+00:00","breadcrumb":{"@id":"https:\/\/zeytince.org\/en\/ekolojik-okuryazarlik\/#breadcrumb"},"inLanguage":"en-US","potentialAction":[{"@type":"ReadAction","target":["https:\/\/zeytince.org\/en\/ekolojik-okuryazarlik\/"]}]},{"@type":"ImageObject","inLanguage":"en-US","@id":"https:\/\/zeytince.org\/en\/ekolojik-okuryazarlik\/#primaryimage","url":"https:\/\/zeytince.webtasarimbeta.com\/wp-content\/uploads\/2022\/02\/Screenshot_1.png","contentUrl":"https:\/\/zeytince.webtasarimbeta.com\/wp-content\/uploads\/2022\/02\/Screenshot_1.png"},{"@type":"BreadcrumbList","@id":"https:\/\/zeytince.org\/en\/ekolojik-okuryazarlik\/#breadcrumb","itemListElement":[{"@type":"ListItem","position":1,"name":"Anasayfa","item":"https:\/\/zeytince.org\/en\/"},{"@type":"ListItem","position":2,"name":"Ekolojik Okuryazarl\u0131k"}]},{"@type":"WebSite","@id":"https:\/\/zeytince.org\/#website","url":"https:\/\/zeytince.org\/","name":"Zeytince","description":"Zeytince Ekolojik Ya\u015fam\u0131 Destekleme Derne\u011fi","publisher":{"@id":"https:\/\/zeytince.org\/#organization"},"potentialAction":[{"@type":"SearchAction","target":{"@type":"EntryPoint","urlTemplate":"https:\/\/zeytince.org\/?s={search_term_string}"},"query-input":{"@type":"PropertyValueSpecification","valueRequired":true,"valueName":"search_term_string"}}],"inLanguage":"en-US"},{"@type":"Organization","@id":"https:\/\/zeytince.org\/#organization","name":"Zeytince | Ekolojik Ya\u015fam\u0131 Destekleme Derne\u011fi","url":"https:\/\/zeytince.org\/","logo":{"@type":"ImageObject","inLanguage":"en-US","@id":"https:\/\/zeytince.org\/#\/schema\/logo\/image\/","url":"https:\/\/zeytince.org\/wp-content\/uploads\/2022\/03\/zeytince-logo.png","contentUrl":"https:\/\/zeytince.org\/wp-content\/uploads\/2022\/03\/zeytince-logo.png","width":746,"height":808,"caption":"Zeytince | Ekolojik Ya\u015fam\u0131 Destekleme Derne\u011fi"},"image":{"@id":"https:\/\/zeytince.org\/#\/schema\/logo\/image\/"},"sameAs":["https:\/\/www.facebook.com\/ZeytinceDernegi\/","https:\/\/x.com\/zeytincedernegi","https:\/\/www.instagram.com\/zeytincedernegi\/","https:\/\/www.linkedin.com\/company\/zeytince"]}]}},"_links":{"self":[{"href":"https:\/\/zeytince.org\/en\/wp-json\/wp\/v2\/pages\/2772","targetHints":{"allow":["GET"]}}],"collection":[{"href":"https:\/\/zeytince.org\/en\/wp-json\/wp\/v2\/pages"}],"about":[{"href":"https:\/\/zeytince.org\/en\/wp-json\/wp\/v2\/types\/page"}],"author":[{"embeddable":true,"href":"https:\/\/zeytince.org\/en\/wp-json\/wp\/v2\/users\/1"}],"replies":[{"embeddable":true,"href":"https:\/\/zeytince.org\/en\/wp-json\/wp\/v2\/comments?post=2772"}],"version-history":[{"count":0,"href":"https:\/\/zeytince.org\/en\/wp-json\/wp\/v2\/pages\/2772\/revisions"}],"wp:attachment":[{"href":"https:\/\/zeytince.org\/en\/wp-json\/wp\/v2\/media?parent=2772"}],"curies":[{"name":"wp","href":"https:\/\/api.w.org\/{rel}","templated":true}]}}