{"id":3332,"date":"2022-04-19T11:42:06","date_gmt":"2022-04-19T08:42:06","guid":{"rendered":"https:\/\/zeytince.org\/yasam-laboratuvari-nedir\/"},"modified":"2022-04-19T11:49:27","modified_gmt":"2022-04-19T08:49:27","slug":"what-is-living-lab","status":"publish","type":"page","link":"https:\/\/zeytince.org\/en\/what-is-living-lab\/","title":{"rendered":"What Is Living Lab?"},"content":{"rendered":"\t\t<div data-elementor-type=\"wp-page\" data-elementor-id=\"3332\" class=\"elementor elementor-3332\">\n\t\t\t\t\t\t<section class=\"elementor-section elementor-top-section elementor-element elementor-element-5ffc871 elementor-section-full_width elementor-hidden-desktop elementor-hidden-tablet elementor-hidden-mobile elementor-section-height-default elementor-section-height-default parallax_section_no qode_elementor_container_no elementor-invisible\" data-id=\"5ffc871\" data-element_type=\"section\" data-e-type=\"section\" data-settings=\"{&quot;background_background&quot;:&quot;classic&quot;,&quot;animation&quot;:&quot;fadeInUp&quot;}\">\n\t\t\t\t\t\t<div class=\"elementor-container elementor-column-gap-default\">\n\t\t\t\t\t<div class=\"elementor-column elementor-col-100 elementor-top-column elementor-element elementor-element-d3cbdfe\" data-id=\"d3cbdfe\" data-element_type=\"column\" data-e-type=\"column\">\n\t\t\t<div class=\"elementor-widget-wrap elementor-element-populated\">\n\t\t\t\t\t\t<section class=\"elementor-section elementor-inner-section elementor-element elementor-element-f76f84f elementor-section-boxed elementor-section-height-default elementor-section-height-default parallax_section_no qode_elementor_container_no\" data-id=\"f76f84f\" data-element_type=\"section\" data-e-type=\"section\">\n\t\t\t\t\t\t<div class=\"elementor-container elementor-column-gap-default\">\n\t\t\t\t\t<div class=\"elementor-column elementor-col-50 elementor-inner-column elementor-element elementor-element-8137054\" data-id=\"8137054\" data-element_type=\"column\" data-e-type=\"column\">\n\t\t\t<div class=\"elementor-widget-wrap elementor-element-populated\">\n\t\t\t\t\t\t<div class=\"elementor-element elementor-element-bfc08e1 elementor-widget elementor-widget-spacer\" data-id=\"bfc08e1\" data-element_type=\"widget\" data-e-type=\"widget\" data-widget_type=\"spacer.default\">\n\t\t\t\t<div class=\"elementor-widget-container\">\n\t\t\t\t\t\t\t<div class=\"elementor-spacer\">\n\t\t\t<div class=\"elementor-spacer-inner\"><\/div>\n\t\t<\/div>\n\t\t\t\t\t\t<\/div>\n\t\t\t\t<\/div>\n\t\t\t\t<div class=\"elementor-element elementor-element-44d3a06 elementor-widget elementor-widget-heading\" data-id=\"44d3a06\" data-element_type=\"widget\" data-e-type=\"widget\" data-widget_type=\"heading.default\">\n\t\t\t\t<div class=\"elementor-widget-container\">\n\t\t\t\t\t<h2 class=\"elementor-heading-title elementor-size-default\">PSLIFESTYLE<br><span>Pozitif ve S\u00fcrd\u00fcr\u00fclebilir Ya\u015fam Tarz\u0131 Lansman <\/span>\u0130zmir-Pilot \u015eehir<span><br><\/span>11 May\u0131s<br>Tarihi Havagaz\u0131 Fabrikas\u0131 <br>K\u00fclt\u00fcr Merkezi<\/h2>\t\t\t\t<\/div>\n\t\t\t\t<\/div>\n\t\t\t\t<div class=\"elementor-element elementor-element-bd308a0 elementor-widget elementor-widget-text-editor\" data-id=\"bd308a0\" data-element_type=\"widget\" data-e-type=\"widget\" data-widget_type=\"text-editor.default\">\n\t\t\t\t<div class=\"elementor-widget-container\">\n\t\t\t\t\t\t\t\t\t<p>PSLifestyle-Pozitif ve S\u00fcrd\u00fcr\u00fclebilir Ya\u015fam Tarz\u0131 projesinin ilk say\u0131s\u0131 <em>&#8220;Nisan 2022, \u0130klim Krizinin Fark\u0131nday\u0131m&#8221;<\/em> \u00e7\u0131kt\u0131. Proje hakk\u0131nda bilgi sahibi olmak i\u00e7in ve\u00a0 11 May\u0131s&#8217;da Tarihi Havagaz\u0131 Fabrikas\u0131 K\u00fclt\u00fcr Merkezi&#8217;nde ger\u00e7ekle\u015fecek &#8220;PSLifestyle Lansman\u0131-Ya\u015fam Laboratuvar\u0131na kat\u0131lmak i\u00e7in&#8230;<\/p>\t\t\t\t\t\t\t\t<\/div>\n\t\t\t\t<\/div>\n\t\t\t\t<div class=\"elementor-element elementor-element-90cc1ae elementor-widget elementor-widget-bridge_button\" data-id=\"90cc1ae\" data-element_type=\"widget\" data-e-type=\"widget\" data-widget_type=\"bridge_button.default\">\n\t\t\t\t<div class=\"elementor-widget-container\">\n\t\t\t\t\t<a  itemprop=\"url\" href=\"https:\/\/zeytince.org\/wp-content\/uploads\/2022\/03\/Zeytince.org-PsLifestyle-Dergi.pdf\" target=\"_blank\" data-hover-background-color='#35A074' data-hover-border-color='#2E752B'  class=\"qbutton  default\" style=\"border-color: #545454; background-color: #040404;\">BURAYA TIKLA<\/a>\t\t\t\t<\/div>\n\t\t\t\t<\/div>\n\t\t\t\t\t<\/div>\n\t\t<\/div>\n\t\t\t\t<div class=\"elementor-column elementor-col-50 elementor-inner-column elementor-element elementor-element-921a10a\" data-id=\"921a10a\" data-element_type=\"column\" data-e-type=\"column\">\n\t\t\t<div class=\"elementor-widget-wrap elementor-element-populated\">\n\t\t\t\t\t\t<div class=\"elementor-element elementor-element-77cc38e elementor-widget elementor-widget-image\" data-id=\"77cc38e\" data-element_type=\"widget\" data-e-type=\"widget\" data-widget_type=\"image.default\">\n\t\t\t\t<div class=\"elementor-widget-container\">\n\t\t\t\t\t\t\t\t\t\t\t\t\t\t\t\t<a href=\"https:\/\/zeytince.org\/wp-content\/uploads\/2022\/03\/Zeytince.org-PsLifestyle-Dergi.pdf\" target=\"_blank\" rel=\"nofollow\">\n\t\t\t\t\t\t\t<img fetchpriority=\"high\" decoding=\"async\" width=\"589\" height=\"750\" src=\"https:\/\/zeytince.org\/wp-content\/uploads\/2022\/03\/zeytince-pslfestyle-katalog-gorsel.jpg\" class=\"attachment-large size-large wp-image-3025\" alt=\"\" srcset=\"https:\/\/zeytince.org\/wp-content\/uploads\/2022\/03\/zeytince-pslfestyle-katalog-gorsel.jpg 589w, https:\/\/zeytince.org\/wp-content\/uploads\/2022\/03\/zeytince-pslfestyle-katalog-gorsel-236x300.jpg 236w\" sizes=\"(max-width: 589px) 100vw, 589px\" \/>\t\t\t\t\t\t\t\t<\/a>\n\t\t\t\t\t\t\t\t\t\t\t\t\t\t\t<\/div>\n\t\t\t\t<\/div>\n\t\t\t\t\t<\/div>\n\t\t<\/div>\n\t\t\t\t\t<\/div>\n\t\t<\/section>\n\t\t\t\t\t<\/div>\n\t\t<\/div>\n\t\t\t\t\t<\/div>\n\t\t<\/section>\n\t\t\t\t<section class=\"elementor-section elementor-top-section elementor-element elementor-element-2c54107 elementor-section-boxed elementor-section-height-default elementor-section-height-default parallax_section_no qode_elementor_container_no\" data-id=\"2c54107\" data-element_type=\"section\" data-e-type=\"section\">\n\t\t\t\t\t\t<div class=\"elementor-container elementor-column-gap-default\">\n\t\t\t\t\t<div class=\"elementor-column elementor-col-100 elementor-top-column elementor-element elementor-element-143ec12\" data-id=\"143ec12\" data-element_type=\"column\" data-e-type=\"column\">\n\t\t\t<div class=\"elementor-widget-wrap elementor-element-populated\">\n\t\t\t\t\t\t<div class=\"elementor-element elementor-element-8d8d2d0 elementor-widget elementor-widget-text-editor\" data-id=\"8d8d2d0\" data-element_type=\"widget\" data-e-type=\"widget\" data-widget_type=\"text-editor.default\">\n\t\t\t\t<div class=\"elementor-widget-container\">\n\t\t\t\t\t\t\t\t\t<p>PSLifestyle Projesi Ya\u015fam Laboratuvarlar\u0131na Kat\u0131l\u0131n !<\/p><p>PSLifestyle Projesi: AB \u2013 Horizon \u2013 2020 kapsam\u0131ndaki, \u201cPSLifestyle\u201d Projesinin (Pozitif ve S\u00fcrd\u00fcr\u00fclebilir Ya\u015fam Tarz\u0131 ) Pilot Kent \u0130ZM\u0130R\u2019de ba\u015flad\u0131\u011f\u0131n\u0131 bildirmekten mutluluk duyuyoruz. Mart 2025 tarihine kadar devam edecek olan Proje, T\u00fcrkiye dahil Avrupa\u2019n\u0131n sekiz \u00fclkesindeki (Finlandiya, Almanya, T\u00fcrkiye, Estonya, Portekiz, Yunanistan, \u0130talya ve Slovenya) Pilot Kentlerde y\u00fcr\u00fct\u00fclecektir.<\/p><p>Projenin amac\u0131, g\u00fcn\u00fcm\u00fcz\u00fcn en \u00f6nemli sorunlar\u0131ndan birisi olan iklim ve \u00e7evre krizi kar\u015f\u0131s\u0131nda biz vatanda\u015flar\u0131n, ya\u015fam tarzlar\u0131m\u0131z ve t\u00fcketim al\u0131\u015fkanl\u0131klar\u0131m\u0131z\u0131 daha s\u00fcrd\u00fcr\u00fclebilir ve sa\u011fl\u0131kl\u0131 k\u0131larak nas\u0131l katk\u0131da bulunabilece\u011fimizdir do\u011frultusunda ilham vermek ve y\u00f6nlendirmektir. Bu ama\u00e7la, proje kapsam\u0131nda geli\u015ftirilecek olan PSLifestyle Web Arac\u0131yla vatanda\u015flar g\u00fcndelik t\u00fcketim al\u0131\u015fkanl\u0131klar\u0131n\u0131n ve ya\u015fam tarzlar\u0131n\u0131n yol a\u00e7t\u0131\u011f\u0131 \u00e7evresel ayak izi hakk\u0131nda bilgi sahibi olacak ve ay\u0131 zamanda daha s\u00fcrd\u00fcr\u00fclebilir ya\u015famlar i\u00e7in bireysel ya\u015fam planlar\u0131n\u0131 tasarlay\u0131p uygulayabileceklerdir.<\/p><p>PSLifestyle, bireysel ya\u015fam tarz\u0131n\u0131zda \u00e7evresel etkinizi azaltman\u0131za yard\u0131mc\u0131 olarak pozitif, s\u00fcrd\u00fcr\u00fclebilir ve daha sa\u011fl\u0131kl\u0131 bir ya\u015fam tarz\u0131 benimsemeniz i\u00e7in size ilham verecek<\/p><p>PSLifestyle Ya\u015fam Laboratuvarlar\u0131, Pilot Ketlerde, vatanda\u015flar\u0131n, yerel y\u00f6netimin, sivil toplumun ve di\u011fer kent payda\u015f temsilcilerinin kat\u0131l\u0131m\u0131yla ger\u00e7ekle\u015fecek \u00e7al\u0131\u015ftaylard\u0131r. T\u00fcrkiye\u2019de Pilot Kent olarak belirlenen \u0130ZM\u0130R\u2019de ger\u00e7ekle\u015fecek olan Ya\u015fam Laboratuvar\u0131 \u00c7al\u0131\u015ftaylar\u0131 \u0130zmirlileri bir araya getirerek, do\u011fay\u0131 g\u00f6zeten daha iyi ya\u015fam vizyonlar\u0131n\u0131 birlikte geli\u015ftirmelerine ve ayn\u0131 zamanda bu vizyonlar\u0131n nas\u0131l hayata ge\u00e7irilece\u011fine dair \u00e7\u00f6z\u00fcmler tasarlayabilmelerine olanak sa\u011flayacakt\u0131r! Ya\u015fam Laboratuvarlar\u0131nda \u015funlar\u0131 yapaca\u011f\u0131z:<\/p><p>\u00a0<\/p><p>\u2022 Ya\u015fam Laboratuvarlar\u0131nda, \u00e7evrenizdeki ve kentinizdeki insanlarla bir araya gelerek etkile\u015fim i\u00e7inde olacaks\u0131n\u0131z ve hep birlikte \u00e7evresel ayak izi d\u00fc\u015f\u00fck ya\u015fama ve sa\u011fl\u0131kl\u0131 \u00e7evreye dair yeni bak\u0131\u015f a\u00e7\u0131lar\u0131 geli\u015ftireceksiniz.<\/p><p>\u00a0<\/p><p>\u2022 \u0130zmir\u2019de kar\u015f\u0131la\u015ft\u0131\u011f\u0131n\u0131z, hem genel olarak hem de s\u00fcrd\u00fcr\u00fclebilir ya\u015fam bi\u00e7imleri olu\u015fturmaya dair zorluklar ve f\u0131rsatlar hakk\u0131nda konu\u015fulacakt\u0131r. S\u00fcrd\u00fcr\u00fclebilir ya\u015fama ve t\u00fcketim al\u0131\u015fkanl\u0131klar\u0131na dair 4 temel alana odaklan\u0131lacakt\u0131r: g\u0131da, ula\u015f\u0131m, bar\u0131nma ve genel t\u00fcketim.<\/p><p>\u00a0<\/p><p>\u2022 Kar\u015f\u0131la\u015f\u0131lan zorluklara y\u00f6nelik \u00e7\u00f6z\u00fcmler ve ya\u015fam tarzlar\u0131\u0131zda karbon ayak izini d\u00fc\u015f\u00fcrmeye y\u00f6nelik hangi g\u00fcndelik faaliyetlerinin yap\u0131labilece\u011fi birlikte tasarlanacakt\u0131r ve daha s\u00fcrd\u00fcr\u00fclebilir ya\u015fayabilme becerilerimiz geli\u015fecektir.<\/p><p>\u00a0<\/p><p>\u2022 Sosyal, ekonomik, ve \u00e7evresel alanlarda \u00f6neriler geli\u015ftirilecektir. Bu \u00f6neriler, kentimizde iyi ve s\u00fcrd\u00fcr\u00fclebilir bir ya\u015fam\u0131n olu\u015fmas\u0131na katk\u0131 verecek olan politika yap\u0131c\u0131lar ve \u00f6zel sekt\u00f6r gibi temel akt\u00f6rlerle payla\u015f\u0131lacakt\u0131r.<\/p><p>\u00a0<\/p><p>\u2022 PSLifestyle Ya\u015fam Laboratuvarlar\u0131 8 pilot \u00fclkenin her birinde yap\u0131lacakt\u0131r. Bunlara kat\u0131larak, Avrupa Pozitif ve S\u00fcrd\u00fcr\u00fclebilir Ya\u015fam Tarz\u0131 El\u00e7ileri a\u011f\u0131n\u0131n bir par\u00e7as\u0131 olacaks\u0131n\u0131z.<\/p><p>\u00a0<\/p><p>Projenin T\u00fcrkiye\/\u0130zmir\u2019deki y\u00fcr\u00fct\u00fcc\u00fcs\u00fc Zeytince Ekolojik Ya\u015fam\u0131 Destekleme Derne\u011fidir.<\/p><p>Ya\u015fam Laboratuvar\u0131 \u00c7al\u0131\u015ftay\u0131m\u0131z\u0131n ilki 11 May\u0131s 2022 \u00c7ar\u015famba g\u00fcn\u00fc saat 16.00- 18.00 aras\u0131nda Tarihi Havagaz\u0131 Fabrikas\u0131nda ger\u00e7ekle\u015fecektir. \u00c7al\u0131\u015ftay, \u0130zmir kent sakinlerinden ve kent payda\u015flar\u0131ndan olu\u015facak 40 ki\u015filik bir grup ile y\u00fcr\u00fct\u00fclecektir. Sizleri de bu \u00c7al\u0131\u015ftayda aram\u0131zda g\u00f6rmekten ve fikirlerinizi bizlerle payla\u015fman\u0131zdan b\u00fcy\u00fck mutluluk ve onur duyaca\u011f\u0131z.<\/p><p>Ya\u015fam laboratuvar\u0131m\u0131za kat\u0131larak karbon ayak izi \u00f6l\u00e7\u00fcm\u00fcne dayal\u0131 s\u00fcrd\u00fcr\u00fclebilir ya\u015fam tarz\u0131 planlay\u0131c\u0131s\u0131 olan PS Lifestyle arac\u0131n\u0131 gelin beraber geli\u015ftirelim.<\/p><p>\u00a0<\/p><p>Zeytince Ekolojik Ya\u015fam\u0131 Destekleme Derne\u011fi<\/p>\t\t\t\t\t\t\t\t<\/div>\n\t\t\t\t<\/div>\n\t\t\t\t<div class=\"elementor-element elementor-element-877bed7 elementor-shape-circle elementor-grid-0 e-grid-align-center elementor-widget elementor-widget-social-icons\" data-id=\"877bed7\" data-element_type=\"widget\" data-e-type=\"widget\" data-widget_type=\"social-icons.default\">\n\t\t\t\t<div class=\"elementor-widget-container\">\n\t\t\t\t\t\t\t<div class=\"elementor-social-icons-wrapper elementor-grid\" role=\"list\">\n\t\t\t\t\t\t\t<span class=\"elementor-grid-item\" role=\"listitem\">\n\t\t\t\t\t<a class=\"elementor-icon elementor-social-icon elementor-social-icon-twitter elementor-repeater-item-5c97535\" href=\"https:\/\/twitter.com\/PSLifestyle_EU\" target=\"_blank\">\n\t\t\t\t\t\t<span class=\"elementor-screen-only\">Twitter<\/span>\n\t\t\t\t\t\t<i aria-hidden=\"true\" class=\"fab fa-twitter\"><\/i>\t\t\t\t\t<\/a>\n\t\t\t\t<\/span>\n\t\t\t\t\t\t\t<span class=\"elementor-grid-item\" role=\"listitem\">\n\t\t\t\t\t<a class=\"elementor-icon elementor-social-icon elementor-social-icon-linkedin elementor-repeater-item-7426272\" href=\"https:\/\/www.linkedin.com\/company\/pslifestyle-project\" target=\"_blank\">\n\t\t\t\t\t\t<span class=\"elementor-screen-only\">Linkedin<\/span>\n\t\t\t\t\t\t<i aria-hidden=\"true\" class=\"fab fa-linkedin\"><\/i>\t\t\t\t\t<\/a>\n\t\t\t\t<\/span>\n\t\t\t\t\t\t\t<span class=\"elementor-grid-item\" role=\"listitem\">\n\t\t\t\t\t<a class=\"elementor-icon elementor-social-icon elementor-social-icon-youtube elementor-repeater-item-c5d6c9d\" href=\"https:\/\/www.youtube.com\/channel\/UC5R3n9dzBO2H4-6br2W5suw\" target=\"_blank\">\n\t\t\t\t\t\t<span class=\"elementor-screen-only\">Youtube<\/span>\n\t\t\t\t\t\t<i aria-hidden=\"true\" class=\"fab fa-youtube\"><\/i>\t\t\t\t\t<\/a>\n\t\t\t\t<\/span>\n\t\t\t\t\t<\/div>\n\t\t\t\t\t\t<\/div>\n\t\t\t\t<\/div>\n\t\t\t\t<div class=\"elementor-element elementor-element-ad9beca elementor-widget elementor-widget-spacer\" data-id=\"ad9beca\" data-element_type=\"widget\" data-e-type=\"widget\" data-widget_type=\"spacer.default\">\n\t\t\t\t<div class=\"elementor-widget-container\">\n\t\t\t\t\t\t\t<div class=\"elementor-spacer\">\n\t\t\t<div class=\"elementor-spacer-inner\"><\/div>\n\t\t<\/div>\n\t\t\t\t\t\t<\/div>\n\t\t\t\t<\/div>\n\t\t\t\t\t<\/div>\n\t\t<\/div>\n\t\t\t\t\t<\/div>\n\t\t<\/section>\n\t\t\t\t<\/div>\n\t\t","protected":false},"excerpt":{"rendered":"<p>PSLIFESTYLE Pozitif ve S\u00fcrd\u00fcr\u00fclebilir Ya\u015fam Tarz\u0131 Lansman \u0130zmir-Pilot \u015eehir 11 May\u0131s Tarihi Havagaz\u0131 Fabrikas\u0131 K\u00fclt\u00fcr Merkezi PSLifestyle-Pozitif ve S\u00fcrd\u00fcr\u00fclebilir Ya\u015fam Tarz\u0131 projesinin ilk say\u0131s\u0131 &#8220;Nisan 2022, \u0130klim Krizinin Fark\u0131nday\u0131m&#8221; \u00e7\u0131kt\u0131. Proje hakk\u0131nda bilgi sahibi olmak i\u00e7in ve\u00a0 11 May\u0131s&#8217;da Tarihi Havagaz\u0131 Fabrikas\u0131 K\u00fclt\u00fcr Merkezi&#8217;nde ger\u00e7ekle\u015fecek&#8230;<\/p>\n","protected":false},"author":1,"featured_media":0,"parent":0,"menu_order":0,"comment_status":"closed","ping_status":"closed","template":"full_width.php","meta":{"footnotes":""},"class_list":["post-3332","page","type-page","status-publish","hentry"],"yoast_head":"<!-- This site is optimized with the Yoast SEO plugin v27.4 - https:\/\/yoast.com\/product\/yoast-seo-wordpress\/ -->\n<title>What Is Living Lab? - Zeytince<\/title>\n<meta name=\"robots\" content=\"index, follow, max-snippet:-1, max-image-preview:large, max-video-preview:-1\" \/>\n<link rel=\"canonical\" href=\"https:\/\/zeytince.org\/en\/what-is-living-lab\/\" \/>\n<meta property=\"og:locale\" content=\"en_US\" \/>\n<meta property=\"og:type\" content=\"article\" \/>\n<meta property=\"og:title\" content=\"What Is Living Lab? - Zeytince\" \/>\n<meta property=\"og:description\" content=\"PSLIFESTYLE Pozitif ve S\u00fcrd\u00fcr\u00fclebilir Ya\u015fam Tarz\u0131 Lansman \u0130zmir-Pilot \u015eehir 11 May\u0131s Tarihi Havagaz\u0131 Fabrikas\u0131 K\u00fclt\u00fcr Merkezi PSLifestyle-Pozitif ve S\u00fcrd\u00fcr\u00fclebilir Ya\u015fam Tarz\u0131 projesinin ilk say\u0131s\u0131 &#8220;Nisan 2022, \u0130klim Krizinin Fark\u0131nday\u0131m&#8221; \u00e7\u0131kt\u0131. Proje hakk\u0131nda bilgi sahibi olmak i\u00e7in ve\u00a0 11 May\u0131s&#8217;da Tarihi Havagaz\u0131 Fabrikas\u0131 K\u00fclt\u00fcr Merkezi&#8217;nde ger\u00e7ekle\u015fecek...\" \/>\n<meta property=\"og:url\" content=\"https:\/\/zeytince.org\/en\/what-is-living-lab\/\" \/>\n<meta property=\"og:site_name\" content=\"Zeytince\" \/>\n<meta property=\"article:publisher\" content=\"https:\/\/www.facebook.com\/ZeytinceDernegi\/\" \/>\n<meta property=\"article:modified_time\" content=\"2022-04-19T08:49:27+00:00\" \/>\n<meta property=\"og:image\" content=\"https:\/\/zeytince.org\/wp-content\/uploads\/2022\/03\/zeytince-pslfestyle-katalog-gorsel.jpg\" \/>\n<meta name=\"twitter:card\" content=\"summary_large_image\" \/>\n<meta name=\"twitter:site\" content=\"@zeytincedernegi\" \/>\n<meta name=\"twitter:label1\" content=\"Est. reading time\" \/>\n\t<meta name=\"twitter:data1\" content=\"4 minutes\" \/>\n<script type=\"application\/ld+json\" class=\"yoast-schema-graph\">{\"@context\":\"https:\\\/\\\/schema.org\",\"@graph\":[{\"@type\":\"WebPage\",\"@id\":\"https:\\\/\\\/zeytince.org\\\/en\\\/what-is-living-lab\\\/\",\"url\":\"https:\\\/\\\/zeytince.org\\\/en\\\/what-is-living-lab\\\/\",\"name\":\"What Is Living Lab? - Zeytince\",\"isPartOf\":{\"@id\":\"https:\\\/\\\/zeytince.org\\\/#website\"},\"primaryImageOfPage\":{\"@id\":\"https:\\\/\\\/zeytince.org\\\/en\\\/what-is-living-lab\\\/#primaryimage\"},\"image\":{\"@id\":\"https:\\\/\\\/zeytince.org\\\/en\\\/what-is-living-lab\\\/#primaryimage\"},\"thumbnailUrl\":\"https:\\\/\\\/zeytince.org\\\/wp-content\\\/uploads\\\/2022\\\/03\\\/zeytince-pslfestyle-katalog-gorsel.jpg\",\"datePublished\":\"2022-04-19T08:42:06+00:00\",\"dateModified\":\"2022-04-19T08:49:27+00:00\",\"breadcrumb\":{\"@id\":\"https:\\\/\\\/zeytince.org\\\/en\\\/what-is-living-lab\\\/#breadcrumb\"},\"inLanguage\":\"en-US\",\"potentialAction\":[{\"@type\":\"ReadAction\",\"target\":[\"https:\\\/\\\/zeytince.org\\\/en\\\/what-is-living-lab\\\/\"]}]},{\"@type\":\"ImageObject\",\"inLanguage\":\"en-US\",\"@id\":\"https:\\\/\\\/zeytince.org\\\/en\\\/what-is-living-lab\\\/#primaryimage\",\"url\":\"https:\\\/\\\/zeytince.org\\\/wp-content\\\/uploads\\\/2022\\\/03\\\/zeytince-pslfestyle-katalog-gorsel.jpg\",\"contentUrl\":\"https:\\\/\\\/zeytince.org\\\/wp-content\\\/uploads\\\/2022\\\/03\\\/zeytince-pslfestyle-katalog-gorsel.jpg\"},{\"@type\":\"BreadcrumbList\",\"@id\":\"https:\\\/\\\/zeytince.org\\\/en\\\/what-is-living-lab\\\/#breadcrumb\",\"itemListElement\":[{\"@type\":\"ListItem\",\"position\":1,\"name\":\"Anasayfa\",\"item\":\"https:\\\/\\\/zeytince.org\\\/en\\\/\"},{\"@type\":\"ListItem\",\"position\":2,\"name\":\"What Is Living Lab?\"}]},{\"@type\":\"WebSite\",\"@id\":\"https:\\\/\\\/zeytince.org\\\/#website\",\"url\":\"https:\\\/\\\/zeytince.org\\\/\",\"name\":\"Zeytince\",\"description\":\"Zeytince Ekolojik Ya\u015fam\u0131 Destekleme Derne\u011fi\",\"publisher\":{\"@id\":\"https:\\\/\\\/zeytince.org\\\/#organization\"},\"potentialAction\":[{\"@type\":\"SearchAction\",\"target\":{\"@type\":\"EntryPoint\",\"urlTemplate\":\"https:\\\/\\\/zeytince.org\\\/?s={search_term_string}\"},\"query-input\":{\"@type\":\"PropertyValueSpecification\",\"valueRequired\":true,\"valueName\":\"search_term_string\"}}],\"inLanguage\":\"en-US\"},{\"@type\":\"Organization\",\"@id\":\"https:\\\/\\\/zeytince.org\\\/#organization\",\"name\":\"Zeytince | Ekolojik Ya\u015fam\u0131 Destekleme Derne\u011fi\",\"url\":\"https:\\\/\\\/zeytince.org\\\/\",\"logo\":{\"@type\":\"ImageObject\",\"inLanguage\":\"en-US\",\"@id\":\"https:\\\/\\\/zeytince.org\\\/#\\\/schema\\\/logo\\\/image\\\/\",\"url\":\"https:\\\/\\\/zeytince.org\\\/wp-content\\\/uploads\\\/2022\\\/03\\\/zeytince-logo.png\",\"contentUrl\":\"https:\\\/\\\/zeytince.org\\\/wp-content\\\/uploads\\\/2022\\\/03\\\/zeytince-logo.png\",\"width\":746,\"height\":808,\"caption\":\"Zeytince | Ekolojik Ya\u015fam\u0131 Destekleme Derne\u011fi\"},\"image\":{\"@id\":\"https:\\\/\\\/zeytince.org\\\/#\\\/schema\\\/logo\\\/image\\\/\"},\"sameAs\":[\"https:\\\/\\\/www.facebook.com\\\/ZeytinceDernegi\\\/\",\"https:\\\/\\\/x.com\\\/zeytincedernegi\",\"https:\\\/\\\/www.instagram.com\\\/zeytincedernegi\\\/\",\"https:\\\/\\\/www.linkedin.com\\\/company\\\/zeytince\"]}]}<\/script>\n<!-- \/ Yoast SEO plugin. -->","yoast_head_json":{"title":"What Is Living Lab? - Zeytince","robots":{"index":"index","follow":"follow","max-snippet":"max-snippet:-1","max-image-preview":"max-image-preview:large","max-video-preview":"max-video-preview:-1"},"canonical":"https:\/\/zeytince.org\/en\/what-is-living-lab\/","og_locale":"en_US","og_type":"article","og_title":"What Is Living Lab? - Zeytince","og_description":"PSLIFESTYLE Pozitif ve S\u00fcrd\u00fcr\u00fclebilir Ya\u015fam Tarz\u0131 Lansman \u0130zmir-Pilot \u015eehir 11 May\u0131s Tarihi Havagaz\u0131 Fabrikas\u0131 K\u00fclt\u00fcr Merkezi PSLifestyle-Pozitif ve S\u00fcrd\u00fcr\u00fclebilir Ya\u015fam Tarz\u0131 projesinin ilk say\u0131s\u0131 &#8220;Nisan 2022, \u0130klim Krizinin Fark\u0131nday\u0131m&#8221; \u00e7\u0131kt\u0131. Proje hakk\u0131nda bilgi sahibi olmak i\u00e7in ve\u00a0 11 May\u0131s&#8217;da Tarihi Havagaz\u0131 Fabrikas\u0131 K\u00fclt\u00fcr Merkezi&#8217;nde ger\u00e7ekle\u015fecek...","og_url":"https:\/\/zeytince.org\/en\/what-is-living-lab\/","og_site_name":"Zeytince","article_publisher":"https:\/\/www.facebook.com\/ZeytinceDernegi\/","article_modified_time":"2022-04-19T08:49:27+00:00","og_image":[{"url":"https:\/\/zeytince.org\/wp-content\/uploads\/2022\/03\/zeytince-pslfestyle-katalog-gorsel.jpg","type":"","width":"","height":""}],"twitter_card":"summary_large_image","twitter_site":"@zeytincedernegi","twitter_misc":{"Est. reading time":"4 minutes"},"schema":{"@context":"https:\/\/schema.org","@graph":[{"@type":"WebPage","@id":"https:\/\/zeytince.org\/en\/what-is-living-lab\/","url":"https:\/\/zeytince.org\/en\/what-is-living-lab\/","name":"What Is Living Lab? - Zeytince","isPartOf":{"@id":"https:\/\/zeytince.org\/#website"},"primaryImageOfPage":{"@id":"https:\/\/zeytince.org\/en\/what-is-living-lab\/#primaryimage"},"image":{"@id":"https:\/\/zeytince.org\/en\/what-is-living-lab\/#primaryimage"},"thumbnailUrl":"https:\/\/zeytince.org\/wp-content\/uploads\/2022\/03\/zeytince-pslfestyle-katalog-gorsel.jpg","datePublished":"2022-04-19T08:42:06+00:00","dateModified":"2022-04-19T08:49:27+00:00","breadcrumb":{"@id":"https:\/\/zeytince.org\/en\/what-is-living-lab\/#breadcrumb"},"inLanguage":"en-US","potentialAction":[{"@type":"ReadAction","target":["https:\/\/zeytince.org\/en\/what-is-living-lab\/"]}]},{"@type":"ImageObject","inLanguage":"en-US","@id":"https:\/\/zeytince.org\/en\/what-is-living-lab\/#primaryimage","url":"https:\/\/zeytince.org\/wp-content\/uploads\/2022\/03\/zeytince-pslfestyle-katalog-gorsel.jpg","contentUrl":"https:\/\/zeytince.org\/wp-content\/uploads\/2022\/03\/zeytince-pslfestyle-katalog-gorsel.jpg"},{"@type":"BreadcrumbList","@id":"https:\/\/zeytince.org\/en\/what-is-living-lab\/#breadcrumb","itemListElement":[{"@type":"ListItem","position":1,"name":"Anasayfa","item":"https:\/\/zeytince.org\/en\/"},{"@type":"ListItem","position":2,"name":"What Is Living Lab?"}]},{"@type":"WebSite","@id":"https:\/\/zeytince.org\/#website","url":"https:\/\/zeytince.org\/","name":"Zeytince","description":"Zeytince Ekolojik Ya\u015fam\u0131 Destekleme Derne\u011fi","publisher":{"@id":"https:\/\/zeytince.org\/#organization"},"potentialAction":[{"@type":"SearchAction","target":{"@type":"EntryPoint","urlTemplate":"https:\/\/zeytince.org\/?s={search_term_string}"},"query-input":{"@type":"PropertyValueSpecification","valueRequired":true,"valueName":"search_term_string"}}],"inLanguage":"en-US"},{"@type":"Organization","@id":"https:\/\/zeytince.org\/#organization","name":"Zeytince | Ekolojik Ya\u015fam\u0131 Destekleme Derne\u011fi","url":"https:\/\/zeytince.org\/","logo":{"@type":"ImageObject","inLanguage":"en-US","@id":"https:\/\/zeytince.org\/#\/schema\/logo\/image\/","url":"https:\/\/zeytince.org\/wp-content\/uploads\/2022\/03\/zeytince-logo.png","contentUrl":"https:\/\/zeytince.org\/wp-content\/uploads\/2022\/03\/zeytince-logo.png","width":746,"height":808,"caption":"Zeytince | Ekolojik Ya\u015fam\u0131 Destekleme Derne\u011fi"},"image":{"@id":"https:\/\/zeytince.org\/#\/schema\/logo\/image\/"},"sameAs":["https:\/\/www.facebook.com\/ZeytinceDernegi\/","https:\/\/x.com\/zeytincedernegi","https:\/\/www.instagram.com\/zeytincedernegi\/","https:\/\/www.linkedin.com\/company\/zeytince"]}]}},"_links":{"self":[{"href":"https:\/\/zeytince.org\/en\/wp-json\/wp\/v2\/pages\/3332","targetHints":{"allow":["GET"]}}],"collection":[{"href":"https:\/\/zeytince.org\/en\/wp-json\/wp\/v2\/pages"}],"about":[{"href":"https:\/\/zeytince.org\/en\/wp-json\/wp\/v2\/types\/page"}],"author":[{"embeddable":true,"href":"https:\/\/zeytince.org\/en\/wp-json\/wp\/v2\/users\/1"}],"replies":[{"embeddable":true,"href":"https:\/\/zeytince.org\/en\/wp-json\/wp\/v2\/comments?post=3332"}],"version-history":[{"count":0,"href":"https:\/\/zeytince.org\/en\/wp-json\/wp\/v2\/pages\/3332\/revisions"}],"wp:attachment":[{"href":"https:\/\/zeytince.org\/en\/wp-json\/wp\/v2\/media?parent=3332"}],"curies":[{"name":"wp","href":"https:\/\/api.w.org\/{rel}","templated":true}]}}